{"id":99648,"date":"2026-01-22T15:35:48","date_gmt":"2026-01-22T14:35:48","guid":{"rendered":"https:\/\/martehelgetun.no\/?post_type=product&#038;p=99648"},"modified":"2026-03-04T15:35:39","modified_gmt":"2026-03-04T14:35:39","slug":"krystallsjal-i-ren-cashmere","status":"publish","type":"product","link":"https:\/\/martehelgetun.no\/en\/produkt\/krystallsjal-i-ren-cashmere\/","title":{"rendered":"Krystallsjal i REN Cashmere"},"content":{"rendered":"<p><strong>St\u00f8rrelser og m\u00e5l<br \/>\n<\/strong>St\u00f8rrelse: lite (stort)<br \/>\nH\u00f8yde: ca 40 (48) cm<br \/>\nLengde: ca 90 (120) cm<\/p>\n<p>&nbsp;<\/p>\n<p><strong>Garn og garnforbruk<\/strong><b><br \/>\n<\/b><b><\/b>REN Cashmere by Marte Helgetun<br \/>\n2 (3) n\u00f8ster nr. 16 Koks<\/p>\n<p>&nbsp;<\/p>\n<p><strong>Pinner og strikkefasthet<br \/>\n<\/strong><b><\/b>80 cm rundpinne eller settpinner nr. 5<br \/>\n20 masker hullstruktur p\u00e5 pinne nr. 5 = 10 cm<\/p>\n","protected":false},"excerpt":{"rendered":"<div class=\"woocommerce-product-details__short-description\">\n<p>Krystallsjalet er et av mine store favorittsjal, og da REN Cashmere ble lansert, var det helt naturlig \u00e5 strikke det ogs\u00e5 i dette garnet. Strukturen kommer vakkert fram i den myke cashmeren, som gir sjalet et rolig uttrykk og et lett, behagelig fall. Et tidl\u00f8st sjal du vil ha glede av lenge. Sjalet p\u00e5 bildene er strikket i to n\u00f8ster REN Cashmere, med en enkel knute bak.<\/p>\n<p><strong><br \/>\nNorsk og Engelsk oppskrift.<\/strong> Du f\u00e5r tilgang til alle spr\u00e5k som pdf fil ved kj\u00f8p.<\/p>\n<hr \/>\n<p class=\"p1\">The Crystal Shawl is one of my all-time favourite shawls, and when PURE Cashmere\u00a0was launched, it felt only natural to knit it in this yarn as well. The structure is beautifully highlighted in the soft cashmere, giving the shawl a calm look and a light, comfortable drape. A timeless shawl you will enjoy for years to come.<\/p>\n<p class=\"p1\">The shawl shown in the photos is knitted using two skeins of PURE Cashmere and\u00a0finished with a simple knot at the back.<\/p>\n<p>&nbsp;<\/p>\n<p><strong>This pattern is available in both Norwegian and English.<\/strong> You will receive access to all languages as PDF files upon purchase.<\/p>\n<\/div>\n","protected":false},"featured_media":99649,"template":"","meta":{"_acf_changed":false,"_relevanssi_hide_post":"","_relevanssi_hide_content":"","_relevanssi_pin_for_all":"","_relevanssi_pin_keywords":"","_relevanssi_unpin_keywords":"","_relevanssi_related_keywords":"","_relevanssi_related_include_ids":"","_relevanssi_related_exclude_ids":"","_relevanssi_related_no_append":"","_relevanssi_related_not_related":"","_relevanssi_related_posts":"","_relevanssi_noindex_reason":""},"product_cat":[60,81],"product_tag":[128,134,40,194,136],"class_list":{"0":"post-99648","1":"product","2":"type-product","3":"status-publish","4":"has-post-thumbnail","6":"product_cat-strikkeoppskrifter","7":"product_cat-skjerf-sjal-hals","8":"product_tag-design-by-marte-helgetun","9":"product_tag-marte-helgetun","10":"product_tag-silkmohair","11":"product_tag-skjerf","12":"product_tag-strikkeoppskrift","14":"first","15":"instock","16":"downloadable","17":"taxable","18":"shipping-taxable","19":"purchasable","20":"product-type-mht_bundle"},"acf":[],"_links":{"self":[{"href":"https:\/\/martehelgetun.no\/en\/wp-json\/wp\/v2\/product\/99648","targetHints":{"allow":["GET"]}}],"collection":[{"href":"https:\/\/martehelgetun.no\/en\/wp-json\/wp\/v2\/product"}],"about":[{"href":"https:\/\/martehelgetun.no\/en\/wp-json\/wp\/v2\/types\/product"}],"wp:featuredmedia":[{"embeddable":true,"href":"https:\/\/martehelgetun.no\/en\/wp-json\/wp\/v2\/media\/99649"}],"wp:attachment":[{"href":"https:\/\/martehelgetun.no\/en\/wp-json\/wp\/v2\/media?parent=99648"}],"wp:term":[{"taxonomy":"product_cat","embeddable":true,"href":"https:\/\/martehelgetun.no\/en\/wp-json\/wp\/v2\/product_cat?post=99648"},{"taxonomy":"product_tag","embeddable":true,"href":"https:\/\/martehelgetun.no\/en\/wp-json\/wp\/v2\/product_tag?post=99648"}],"curies":[{"name":"wp","href":"https:\/\/api.w.org\/{rel}","templated":true}]}}