{"id":98454,"date":"2026-01-20T11:22:46","date_gmt":"2026-01-20T10:22:46","guid":{"rendered":"https:\/\/martehelgetun.no\/?post_type=product&#038;p=98454"},"modified":"2026-04-09T10:58:31","modified_gmt":"2026-04-09T08:58:31","slug":"den-enkle-lille-twisten-ren-cashmere","status":"publish","type":"product","link":"https:\/\/martehelgetun.no\/en\/produkt\/den-enkle-lille-twisten-ren-cashmere\/","title":{"rendered":"Den Enkle Lille Twisten &#8211; REN Cashmere"},"content":{"rendered":"<p><b>ST\u00d8RRELSER OG M\u00c5L<br \/>\n<\/b><b><\/b>St\u00f8rrelser: en st\u00f8rrelse<br \/>\nLengde f\u00f8r sammensying: ca 60 cm<br \/>\nBredde: ca 17 cm<\/p>\n<p>&nbsp;<\/p>\n<p><b>GARN OG GARNFORBRUK<br \/>\n<\/b><b><\/b>REN Cashmere by Marte Helgetun<br \/>\n2 n\u00f8ster REN Cashmere nr. 14 Lysegr\u00e5<\/p>\n<p>&nbsp;<\/p>\n<p><b>PINNER OG STRIKKEFASTHET<br \/>\n<\/b><b><\/b>80 cm rundpinne eller settpinner nr. 4,5<br \/>\n20 masker patentstrikk p\u00e5 pinne nr. 4,5 = 10 cm<\/p>\n","protected":false},"excerpt":{"rendered":"<div class=\"woocommerce-product-details__short-description\">\n<p>Den lille twisten er en superenkel hals med en liten vri. Den strikkes som et langt rektangel i patentstrikk, og det er m\u00e5ten halsen sys sammen p\u00e5 som gir den<br \/>\nformen og det lille, artige uttrykket.<span class=\"Apple-converted-space\">\u00a0<\/span>Myk, lett og behagelig \u2013 en hals du raskt f\u00e5r lyst til \u00e5 strikke mer enn \u00e9n av<\/p>\n<p><strong><br \/>\nNorsk og Engelsk oppskrift.<\/strong> Du f\u00e5r tilgang til alle spr\u00e5k som pdf fil ved kj\u00f8p.<\/p>\n<hr \/>\n<p data-start=\"126\" data-end=\"544\">The Little Twist is a super simple cowl with a small twist. It is knitted as a long rectangle in brioche stitch, and it\u2019s the way the cowl is seamed that gives it its shape and that little, playful detail. Soft, lightweight and comfortable \u2013 a cowl you\u2019ll quickly want to knit more than one of.<\/p>\n<p data-start=\"546\" data-end=\"671\"><strong><br \/>\nThis pattern is available in both Norwegian and English.<\/strong> You will receive access to all languages as PDF files upon purchase.<\/p>\n<\/div>\n","protected":false},"featured_media":98469,"template":"","meta":{"_acf_changed":false,"_relevanssi_hide_post":"","_relevanssi_hide_content":"","_relevanssi_pin_for_all":"","_relevanssi_pin_keywords":"","_relevanssi_unpin_keywords":"","_relevanssi_related_keywords":"","_relevanssi_related_include_ids":"","_relevanssi_related_exclude_ids":"","_relevanssi_related_no_append":"","_relevanssi_related_not_related":"","_relevanssi_related_posts":"","_relevanssi_noindex_reason":""},"product_cat":[60,735,81],"product_tag":[128,37,134,194,136],"class_list":{"0":"post-98454","1":"product","2":"type-product","3":"status-publish","4":"has-post-thumbnail","6":"product_cat-strikkeoppskrifter","7":"product_cat-gratis-oppskrifter","8":"product_cat-skjerf-sjal-hals","9":"product_tag-design-by-marte-helgetun","10":"product_tag-lett","11":"product_tag-marte-helgetun","12":"product_tag-skjerf","13":"product_tag-strikkeoppskrift","15":"first","16":"instock","17":"downloadable","18":"taxable","19":"shipping-taxable","20":"purchasable","21":"product-type-mht_bundle"},"acf":[],"_links":{"self":[{"href":"https:\/\/martehelgetun.no\/en\/wp-json\/wp\/v2\/product\/98454","targetHints":{"allow":["GET"]}}],"collection":[{"href":"https:\/\/martehelgetun.no\/en\/wp-json\/wp\/v2\/product"}],"about":[{"href":"https:\/\/martehelgetun.no\/en\/wp-json\/wp\/v2\/types\/product"}],"wp:featuredmedia":[{"embeddable":true,"href":"https:\/\/martehelgetun.no\/en\/wp-json\/wp\/v2\/media\/98469"}],"wp:attachment":[{"href":"https:\/\/martehelgetun.no\/en\/wp-json\/wp\/v2\/media?parent=98454"}],"wp:term":[{"taxonomy":"product_cat","embeddable":true,"href":"https:\/\/martehelgetun.no\/en\/wp-json\/wp\/v2\/product_cat?post=98454"},{"taxonomy":"product_tag","embeddable":true,"href":"https:\/\/martehelgetun.no\/en\/wp-json\/wp\/v2\/product_tag?post=98454"}],"curies":[{"name":"wp","href":"https:\/\/api.w.org\/{rel}","templated":true}]}}