{"id":98268,"date":"2026-01-14T13:58:10","date_gmt":"2026-01-14T12:58:10","guid":{"rendered":"https:\/\/martehelgetun.no\/?post_type=product&#038;p=98268"},"modified":"2026-03-04T15:35:17","modified_gmt":"2026-03-04T14:35:17","slug":"rillespill-sjal-i-ren-cashmere","status":"publish","type":"product","link":"https:\/\/martehelgetun.no\/en\/produkt\/rillespill-sjal-i-ren-cashmere\/","title":{"rendered":"Rillespill sjal i REN Cashmere"},"content":{"rendered":"<p><b>St\u00f8rrelser og m\u00e5l<br \/>\n<\/b>St\u00f8rrelser: lite (medium) stort<br \/>\nVidde: ca 80 (105) 120 cm<br \/>\nH\u00f8yde: ca 19 (29) 37 cm<\/p>\n<p>&nbsp;<\/p>\n<p><b>Garn og garnforbruk<br \/>\n<\/b><b><\/b>REN Cashmere by Marte Helgetun<br \/>\n1 (2) 3 n\u00f8ster nr. 13 Bark<\/p>\n<p>&nbsp;<\/p>\n<p><b>Pinner og strikkefasthet<br \/>\n<\/b>80 cm rundpinne nr. 4,5<br \/>\n22 masker rillestrikk p\u00e5 pinne nr. 4,5 = 10 cm<\/p>\n","protected":false},"excerpt":{"rendered":"<div class=\"woocommerce-product-details__short-description\">\n<p>Det er nok flere av dere som kjenner igjen et av de mest solgte sjalene mine, Rillespillsjalet som originalt ble strikket i Lunt Fargespill, n\u00e5 er det her i REN Cashmere.<\/p>\n<p>Du starter du med noen f\u00e5 masker midt p\u00e5 langsiden oppe ved ansiktet, og \u00f8ker deg utover til du har strikket opp hele n\u00f8stet. her er det garnmengden som avgj\u00f8r st\u00f8rrelsen p\u00e5 sjalet. Det brune sjalet er strikket av to n\u00f8ster REN Cashmere i fargen Bark.<\/p>\n<\/div>\n<p><strong>Norsk og Engelsk oppskrift.<\/strong> Du f\u00e5r tilgang til alle spr\u00e5k som pdf fil ved kj\u00f8p.<\/p>\n<hr \/>\n<p data-start=\"118\" data-end=\"269\"><em>Many of you may recognise one of my best-selling shawls \u2014 the Rillespill Shawl, originally knitted in Lunt Fargespill \u2014 now available in PURE Cashmere.<\/em><\/p>\n<p data-start=\"271\" data-end=\"544\"><em>You begin with just a few stitches at the centre of the long edge near the face and increase outwards until the entire skein is used. Here, the amount of yarn determines the size of the shawl. The brown shawl is knitted using two skeins of PURE Cashmere in the colour Bark<\/em><em>.<\/em><\/p>\n<p data-start=\"340\" data-end=\"465\"><em><strong><br \/>\nThis pattern is available in both Norwegian and English.<\/strong> You will receive access to all languages as PDF files upon purchase.<\/em><\/p>\n","protected":false},"featured_media":98307,"template":"","meta":{"_acf_changed":false,"_relevanssi_hide_post":"","_relevanssi_hide_content":"","_relevanssi_pin_for_all":"","_relevanssi_pin_keywords":"","_relevanssi_unpin_keywords":"","_relevanssi_related_keywords":"","_relevanssi_related_include_ids":"","_relevanssi_related_exclude_ids":"","_relevanssi_related_no_append":"","_relevanssi_related_not_related":"","_relevanssi_related_posts":"","_relevanssi_noindex_reason":""},"product_cat":[60,81],"product_tag":[128,37,134,40,194,136],"class_list":{"0":"post-98268","1":"product","2":"type-product","3":"status-publish","4":"has-post-thumbnail","6":"product_cat-strikkeoppskrifter","7":"product_cat-skjerf-sjal-hals","8":"product_tag-design-by-marte-helgetun","9":"product_tag-lett","10":"product_tag-marte-helgetun","11":"product_tag-silkmohair","12":"product_tag-skjerf","13":"product_tag-strikkeoppskrift","15":"first","16":"instock","17":"downloadable","18":"taxable","19":"shipping-taxable","20":"purchasable","21":"product-type-mht_bundle"},"acf":[],"_links":{"self":[{"href":"https:\/\/martehelgetun.no\/en\/wp-json\/wp\/v2\/product\/98268","targetHints":{"allow":["GET"]}}],"collection":[{"href":"https:\/\/martehelgetun.no\/en\/wp-json\/wp\/v2\/product"}],"about":[{"href":"https:\/\/martehelgetun.no\/en\/wp-json\/wp\/v2\/types\/product"}],"wp:featuredmedia":[{"embeddable":true,"href":"https:\/\/martehelgetun.no\/en\/wp-json\/wp\/v2\/media\/98307"}],"wp:attachment":[{"href":"https:\/\/martehelgetun.no\/en\/wp-json\/wp\/v2\/media?parent=98268"}],"wp:term":[{"taxonomy":"product_cat","embeddable":true,"href":"https:\/\/martehelgetun.no\/en\/wp-json\/wp\/v2\/product_cat?post=98268"},{"taxonomy":"product_tag","embeddable":true,"href":"https:\/\/martehelgetun.no\/en\/wp-json\/wp\/v2\/product_tag?post=98268"}],"curies":[{"name":"wp","href":"https:\/\/api.w.org\/{rel}","templated":true}]}}