{"id":98261,"date":"2026-01-14T10:16:35","date_gmt":"2026-01-14T09:16:35","guid":{"rendered":"https:\/\/martehelgetun.no\/?post_type=product&#038;p=98261"},"modified":"2026-04-09T10:45:12","modified_gmt":"2026-04-09T08:45:12","slug":"baggy-rillelue-i-ren-cashmere","status":"publish","type":"product","link":"https:\/\/martehelgetun.no\/en\/product\/baggy-rillelue-i-ren-cashmere\/","title":{"rendered":"Baggy Rillelue i REN Cashmere"},"content":{"rendered":"<p><b>ST\u00d8RRELSER OG M\u00c5L<br \/>\n<\/b><b><\/b>St\u00f8rrelser: en st\u00f8rrelse<\/p>\n<p>&nbsp;<\/p>\n<p><b>GARN OG GARNFORBRUK<br \/>\n<\/b><b><\/b>REN Cashmere by Marte Helgetun<br \/>\n1 n\u00f8ste REN Cashmere nr. 14 Lysegr\u00e5<br \/>\n1 n\u00f8ste REN Cashmere nr. 15 Gr\u00e5<br \/>\n1 n\u00f8ste REN Cashmere nr. 10 Natur<\/p>\n<p>&nbsp;<\/p>\n<p><b>PINNER OG STRIKKEFASTHET<br \/>\n<\/b><b><\/b>40 cm rundpinne nr. 4 eller en 80 pinne hvis du vil strikke den fram og tilbake.<br \/>\n22 masker rillestrikk p\u00e5 pinne nr. 4 = 10 cm<\/p>\n","protected":false},"excerpt":{"rendered":"<div class=\"woocommerce-product-details__short-description\">\n<p>Dette er den enkleste luen du kan strikke \u2013 myk, lett og rillestrikket i REN Cashmere. Luen strikkes i tre farger, og du velger selv om du vil strikke rundt eller fram og tilbake og sy sammen til slutt. Enkelt og supermykt.<\/p>\n<p>&nbsp;<\/p>\n<p><strong>Norsk og Engelsk oppskrift.<\/strong> Du f\u00e5r tilgang til alle spr\u00e5k som pdf fil ved kj\u00f8p.<\/p>\n<\/div>\n<hr \/>\n<p data-start=\"73\" data-end=\"338\"><em>This is the simplest hat you can knit \u2013 soft, lightweight and worked in garter stitch using PURE Cashmere. The hat is knitted in three colours, and you can choose whether to knit in the round or back and forth and seam it together at the end. Simple and super soft.<\/em><\/p>\n<p data-start=\"340\" data-end=\"465\"><em><strong><br \/>\nThis pattern is available in both Norwegian and English.<\/strong> You will receive access to all languages as PDF files upon purchase.<\/em><\/p>\n","protected":false},"featured_media":98252,"template":"","meta":{"_acf_changed":false,"_relevanssi_hide_post":"","_relevanssi_hide_content":"","_relevanssi_pin_for_all":"","_relevanssi_pin_keywords":"","_relevanssi_unpin_keywords":"","_relevanssi_related_keywords":"","_relevanssi_related_include_ids":"","_relevanssi_related_exclude_ids":"","_relevanssi_related_no_append":"","_relevanssi_related_not_related":"","_relevanssi_related_posts":"","_relevanssi_noindex_reason":""},"product_brand":[],"product_cat":[60,401],"product_tag":[128,171,134,194,136],"class_list":{"0":"post-98261","1":"product","2":"type-product","3":"status-publish","4":"has-post-thumbnail","6":"product_cat-strikkeoppskrifter","7":"product_cat-lue-panneband","8":"product_tag-design-by-marte-helgetun","9":"product_tag-lue","10":"product_tag-marte-helgetun","11":"product_tag-skjerf","12":"product_tag-strikkeoppskrift","14":"first","15":"instock","16":"downloadable","17":"taxable","18":"shipping-taxable","19":"purchasable","20":"product-type-mht_bundle"},"acf":[],"_links":{"self":[{"href":"https:\/\/martehelgetun.no\/en\/wp-json\/wp\/v2\/product\/98261","targetHints":{"allow":["GET"]}}],"collection":[{"href":"https:\/\/martehelgetun.no\/en\/wp-json\/wp\/v2\/product"}],"about":[{"href":"https:\/\/martehelgetun.no\/en\/wp-json\/wp\/v2\/types\/product"}],"wp:featuredmedia":[{"embeddable":true,"href":"https:\/\/martehelgetun.no\/en\/wp-json\/wp\/v2\/media\/98252"}],"wp:attachment":[{"href":"https:\/\/martehelgetun.no\/en\/wp-json\/wp\/v2\/media?parent=98261"}],"wp:term":[{"taxonomy":"product_brand","embeddable":true,"href":"https:\/\/martehelgetun.no\/en\/wp-json\/wp\/v2\/product_brand?post=98261"},{"taxonomy":"product_cat","embeddable":true,"href":"https:\/\/martehelgetun.no\/en\/wp-json\/wp\/v2\/product_cat?post=98261"},{"taxonomy":"product_tag","embeddable":true,"href":"https:\/\/martehelgetun.no\/en\/wp-json\/wp\/v2\/product_tag?post=98261"}],"curies":[{"name":"wp","href":"https:\/\/api.w.org\/{rel}","templated":true}]}}