{"id":98247,"date":"2026-01-14T10:04:49","date_gmt":"2026-01-14T09:04:49","guid":{"rendered":"https:\/\/martehelgetun.no\/?post_type=product&#038;p=98247"},"modified":"2026-04-09T10:44:59","modified_gmt":"2026-04-09T08:44:59","slug":"rillesjal-i-ren-cashmere","status":"publish","type":"product","link":"https:\/\/martehelgetun.no\/en\/product\/rillesjal-i-ren-cashmere\/","title":{"rendered":"Rillesjal i REN Cashmere"},"content":{"rendered":"<p><b>St\u00f8rrelser og m\u00e5l<br \/>\n<\/b>St\u00f8rrelser: en st\u00f8rrelse<br \/>\nHel lengde: ca. 48 cm<br \/>\nBredde \u00f8verst: ca. 110 cm<\/p>\n<p>&nbsp;<\/p>\n<p><b>GARN OG GARNFORBRUK<br \/>\n<\/b><b><\/b>REN Cashmere by Marte Helgetun<br \/>\n4 n\u00f8ster REN Cashmere nr. 15 Gr\u00e5<\/p>\n<p>&nbsp;<\/p>\n<p><b>PINNER OG STRIKKEFASTHET<br \/>\n<\/b><b><\/b>80 cm rundpinne nr. 4<br \/>\n22 masker rillestrikk p\u00e5 pinne nr. 4 = 10 cm<\/p>\n","protected":false},"excerpt":{"rendered":"<div class=\"woocommerce-product-details__short-description\">\n<p>Det enkleste sjalet du kan strikke \u2013 i det mykeste garnet.<br \/>\nEt klassisk rillesjal strikket fra spissen og opp i REN Cashmere.<\/p>\n<p>&nbsp;<\/p>\n<p><strong>Norsk og Engelsk oppskrift.<\/strong> Du f\u00e5r tilgang til alle spr\u00e5k som pdf fil ved kj\u00f8p.<\/p>\n<hr \/>\n<p data-start=\"97\" data-end=\"231\"><em>The simplest shawl you can knit \u2013 in the softest yarn.<\/em><br data-start=\"151\" data-end=\"154\" \/><em>A classic garter stitch shawl, knitted from the tip upwards in PURE Cashmere.<\/em><\/p>\n<p>&nbsp;<\/p>\n<p data-start=\"233\" data-end=\"358\"><em><strong>This pattern is available in both Norwegian and English.<\/strong> You will receive access to all languages as PDF files upon purchase.<\/em><\/p>\n<\/div>\n","protected":false},"featured_media":98254,"template":"","meta":{"_acf_changed":false,"_relevanssi_hide_post":"","_relevanssi_hide_content":"","_relevanssi_pin_for_all":"","_relevanssi_pin_keywords":"","_relevanssi_unpin_keywords":"","_relevanssi_related_keywords":"","_relevanssi_related_include_ids":"","_relevanssi_related_exclude_ids":"","_relevanssi_related_no_append":"","_relevanssi_related_not_related":"","_relevanssi_related_posts":"","_relevanssi_noindex_reason":""},"product_brand":[],"product_cat":[60,81],"product_tag":[128,37,134,40,194,136],"class_list":{"0":"post-98247","1":"product","2":"type-product","3":"status-publish","4":"has-post-thumbnail","6":"product_cat-strikkeoppskrifter","7":"product_cat-skjerf-sjal-hals","8":"product_tag-design-by-marte-helgetun","9":"product_tag-lett","10":"product_tag-marte-helgetun","11":"product_tag-silkmohair","12":"product_tag-skjerf","13":"product_tag-strikkeoppskrift","15":"first","16":"instock","17":"downloadable","18":"taxable","19":"shipping-taxable","20":"purchasable","21":"product-type-mht_bundle"},"acf":[],"_links":{"self":[{"href":"https:\/\/martehelgetun.no\/en\/wp-json\/wp\/v2\/product\/98247","targetHints":{"allow":["GET"]}}],"collection":[{"href":"https:\/\/martehelgetun.no\/en\/wp-json\/wp\/v2\/product"}],"about":[{"href":"https:\/\/martehelgetun.no\/en\/wp-json\/wp\/v2\/types\/product"}],"wp:featuredmedia":[{"embeddable":true,"href":"https:\/\/martehelgetun.no\/en\/wp-json\/wp\/v2\/media\/98254"}],"wp:attachment":[{"href":"https:\/\/martehelgetun.no\/en\/wp-json\/wp\/v2\/media?parent=98247"}],"wp:term":[{"taxonomy":"product_brand","embeddable":true,"href":"https:\/\/martehelgetun.no\/en\/wp-json\/wp\/v2\/product_brand?post=98247"},{"taxonomy":"product_cat","embeddable":true,"href":"https:\/\/martehelgetun.no\/en\/wp-json\/wp\/v2\/product_cat?post=98247"},{"taxonomy":"product_tag","embeddable":true,"href":"https:\/\/martehelgetun.no\/en\/wp-json\/wp\/v2\/product_tag?post=98247"}],"curies":[{"name":"wp","href":"https:\/\/api.w.org\/{rel}","templated":true}]}}