{"id":98012,"date":"2026-01-13T16:25:46","date_gmt":"2026-01-13T15:25:46","guid":{"rendered":"https:\/\/martehelgetun.no\/?post_type=product&#038;p=98012"},"modified":"2026-03-04T15:34:56","modified_gmt":"2026-03-04T14:34:56","slug":"fletteskjerf-i-ren-cashmere","status":"publish","type":"product","link":"https:\/\/martehelgetun.no\/en\/produkt\/fletteskjerf-i-ren-cashmere\/","title":{"rendered":"Fletteskjerf i REN Cashmere"},"content":{"rendered":"<p><strong>St\u00f8rrelser og m\u00e5l<span class=\"Apple-converted-space\"><br \/>\n<\/span><\/strong>St\u00f8rrelse: lite (stort)<br \/>\nH\u00f8yde: ca 18 (25) cm<br \/>\nLengde: ca 100 (150) cm<span class=\"Apple-converted-space\">\u00a0<\/span><\/p>\n<p>&nbsp;<\/p>\n<p><strong>Garn og garnforbruk<\/strong><b><br \/>\n<\/b><b><\/b>REN Cashmere by Marte Helgetun<br \/>\n2 (4) n\u00f8ster nr. 11 Beige<\/p>\n<p>&nbsp;<\/p>\n<p><strong>Pinner og strikkefasthet<\/strong><b><br \/>\n<\/b>80 cm rundpinne eller settpinner nr. 4,5<br \/>\n22 masker rillestrikk p\u00e5 pinne nr. 4,5 = 10 cm<\/p>\n","protected":false},"excerpt":{"rendered":"<div class=\"woocommerce-product-details__short-description\">\n<p>REN Cashmere er et utrolig mykt og behagelig garn som gir sjalet et rolig og elegant<br \/>\nuttrykk. Dette er en variant av storselgern Flettesjal i Lunt Fargespill, som helt klart ogs\u00e5 fortjener \u00e5 strikkes i REN Cashmere. Det er fascinerende hva en enkel flette kan gj\u00f8re med et ganske s\u00e5 enkelt rillestrikket sjal.<br \/>\nSjalet p\u00e5 bildene er strikket i to n\u00f8ster REN Cashmere.<\/p>\n<p><strong><br \/>\nNorsk og Engelsk oppskrift.<\/strong> Du f\u00e5r tilgang til alle spr\u00e5k som pdf fil ved kj\u00f8p.<\/p>\n<hr \/>\n<p data-start=\"126\" data-end=\"544\">PURE Cashmere is an incredibly soft and comfortable yarn that gives the shawl a calm and elegant look. This is a variation of the best-selling <em data-start=\"269\" data-end=\"302\">Cabled Shawl in Lunt Fargespill<\/em>, which clearly also deserves to be knitted in PURE Cashmere. It\u2019s fascinating what a simple cable can do to an otherwise quite straightforward garter stitch shawl.<br data-start=\"466\" data-end=\"469\" \/>The shawl shown in the photos is knitted using two skeins of PURE Cashmere.<\/p>\n<p data-start=\"546\" data-end=\"671\"><strong><br \/>\nThis pattern is available in both Norwegian and English.<\/strong> You will receive access to all languages as PDF files upon purchase.<\/p>\n<\/div>\n","protected":false},"featured_media":98017,"template":"","meta":{"_acf_changed":false,"_relevanssi_hide_post":"","_relevanssi_hide_content":"","_relevanssi_pin_for_all":"","_relevanssi_pin_keywords":"","_relevanssi_unpin_keywords":"","_relevanssi_related_keywords":"","_relevanssi_related_include_ids":"","_relevanssi_related_exclude_ids":"","_relevanssi_related_no_append":"","_relevanssi_related_not_related":"","_relevanssi_related_posts":"","_relevanssi_noindex_reason":""},"product_cat":[60,734,81],"product_tag":[128,37,134,40,194,136],"class_list":{"0":"post-98012","1":"product","2":"type-product","3":"status-publish","4":"has-post-thumbnail","6":"product_cat-strikkeoppskrifter","7":"product_cat-sommerstrikk","8":"product_cat-skjerf-sjal-hals","9":"product_tag-design-by-marte-helgetun","10":"product_tag-lett","11":"product_tag-marte-helgetun","12":"product_tag-silkmohair","13":"product_tag-skjerf","14":"product_tag-strikkeoppskrift","16":"first","17":"instock","18":"downloadable","19":"taxable","20":"shipping-taxable","21":"purchasable","22":"product-type-mht_bundle"},"acf":[],"_links":{"self":[{"href":"https:\/\/martehelgetun.no\/en\/wp-json\/wp\/v2\/product\/98012","targetHints":{"allow":["GET"]}}],"collection":[{"href":"https:\/\/martehelgetun.no\/en\/wp-json\/wp\/v2\/product"}],"about":[{"href":"https:\/\/martehelgetun.no\/en\/wp-json\/wp\/v2\/types\/product"}],"wp:featuredmedia":[{"embeddable":true,"href":"https:\/\/martehelgetun.no\/en\/wp-json\/wp\/v2\/media\/98017"}],"wp:attachment":[{"href":"https:\/\/martehelgetun.no\/en\/wp-json\/wp\/v2\/media?parent=98012"}],"wp:term":[{"taxonomy":"product_cat","embeddable":true,"href":"https:\/\/martehelgetun.no\/en\/wp-json\/wp\/v2\/product_cat?post=98012"},{"taxonomy":"product_tag","embeddable":true,"href":"https:\/\/martehelgetun.no\/en\/wp-json\/wp\/v2\/product_tag?post=98012"}],"curies":[{"name":"wp","href":"https:\/\/api.w.org\/{rel}","templated":true}]}}