{"id":97916,"date":"2026-01-10T14:15:23","date_gmt":"2026-01-10T13:15:23","guid":{"rendered":"https:\/\/martehelgetun.no\/?post_type=product&#038;p=97916"},"modified":"2026-01-10T14:16:24","modified_gmt":"2026-01-10T13:16:24","slug":"ren-cashmere-14-lysegra","status":"publish","type":"product","link":"https:\/\/martehelgetun.no\/en\/product\/ren-cashmere-14-lysegra\/","title":{"rendered":"REN Cashmere 14 Lysegr\u00e5"},"content":{"rendered":"<p>INNHOLD: 100% Cashmere<br \/>\nL\u00d8PELENGDE: Ett n\u00f8ste veier 25 g, og er ca 115 m.<br \/>\nSTRIKKEFASTHET: 22 masker p\u00e5 p 4 = 10 cm<br \/>\nVASK &amp; STELL: Dette garnet vasker du helst for h\u00e5nd.<\/p>\n<p>Garnet er produsert i Italia.<br \/>\n<em><br \/>\nV\u00e6r oppmerksom p\u00e5 at ulike skjermer og telefoner vil gjengi fargene p\u00e5 n\u00f8stene ulikt.<\/em><\/p>\n","protected":false},"excerpt":{"rendered":"<p>Et garn fra Marte Helgetun. <span class=\"s2\">Ren Cashmere kommer i naturens egne nyanser.\u00a0<\/span><span class=\"s2\">Farger som lar materialet st\u00e5 i sentrum, og som er ment \u00e5 vare \u2013 i uttrykk, i bruk og over tid.<\/span><\/p>\n","protected":false},"featured_media":97900,"template":"","meta":{"_acf_changed":false,"_relevanssi_hide_post":"","_relevanssi_hide_content":"","_relevanssi_pin_for_all":"","_relevanssi_pin_keywords":"","_relevanssi_unpin_keywords":"","_relevanssi_related_keywords":"","_relevanssi_related_include_ids":"","_relevanssi_related_exclude_ids":"","_relevanssi_related_no_append":"","_relevanssi_related_not_related":"","_relevanssi_related_posts":"","_relevanssi_noindex_reason":""},"product_brand":[],"product_cat":[15,841],"product_tag":[25,33,27],"class_list":{"0":"post-97916","1":"product","2":"type-product","3":"status-publish","4":"has-post-thumbnail","6":"product_cat-garn","7":"product_cat-ren-cashmere","8":"product_tag-garn","9":"product_tag-lunt","10":"product_tag-merinoull","12":"first","13":"instock","14":"taxable","15":"shipping-taxable","16":"purchasable","17":"product-type-simple"},"acf":[],"_links":{"self":[{"href":"https:\/\/martehelgetun.no\/en\/wp-json\/wp\/v2\/product\/97916","targetHints":{"allow":["GET"]}}],"collection":[{"href":"https:\/\/martehelgetun.no\/en\/wp-json\/wp\/v2\/product"}],"about":[{"href":"https:\/\/martehelgetun.no\/en\/wp-json\/wp\/v2\/types\/product"}],"wp:featuredmedia":[{"embeddable":true,"href":"https:\/\/martehelgetun.no\/en\/wp-json\/wp\/v2\/media\/97900"}],"wp:attachment":[{"href":"https:\/\/martehelgetun.no\/en\/wp-json\/wp\/v2\/media?parent=97916"}],"wp:term":[{"taxonomy":"product_brand","embeddable":true,"href":"https:\/\/martehelgetun.no\/en\/wp-json\/wp\/v2\/product_brand?post=97916"},{"taxonomy":"product_cat","embeddable":true,"href":"https:\/\/martehelgetun.no\/en\/wp-json\/wp\/v2\/product_cat?post=97916"},{"taxonomy":"product_tag","embeddable":true,"href":"https:\/\/martehelgetun.no\/en\/wp-json\/wp\/v2\/product_tag?post=97916"}],"curies":[{"name":"wp","href":"https:\/\/api.w.org\/{rel}","templated":true}]}}