{"id":97438,"date":"2025-12-22T12:42:23","date_gmt":"2025-12-22T11:42:23","guid":{"rendered":"https:\/\/martehelgetun.no\/?post_type=product&#038;p=97438"},"modified":"2026-04-09T11:03:23","modified_gmt":"2026-04-09T09:03:23","slug":"signatur-panneband","status":"publish","type":"product","link":"https:\/\/martehelgetun.no\/en\/product\/signatur-panneband\/","title":{"rendered":"Signatur Panneb\u00e5nd"},"content":{"rendered":"<p><b>St\u00f8rrelser og m\u00e5l<br \/>\n<\/b>S\/M (M\/L)<br \/>\nBredde: 23 (25) cm m\u00e5lt flatt<br \/>\nH\u00f8yde: 8 (9) cm<\/p>\n<p>&nbsp;<\/p>\n<p><b>Garn og garnforbruk<br \/>\n<\/b>Fargealternativ Einer<span class=\"Apple-converted-space\"><br \/>\n<\/span>1 (1) n\u00f8ste Lunt nr. 18 Einer<br \/>\n1 (1) n\u00f8ste Lett nr. 18 Einer<br \/>\n1 (1) n\u00f8ste Lunt nr. 01 Kitt<br \/>\n1 (1) n\u00f8ste Lett nr. 10 Natur<br \/>\nEn liten rest Svart Lunt + Lett nr. 16<br \/>\nDu har nok til to panneb\u00e5nd hvis du strikker i motsatte farger.<\/p>\n<p><b>Pinner og strikkefasthet<br \/>\n<\/b>Rundpinne 40 cm lang nr. 4<span class=\"Apple-converted-space\"><br \/>\n<\/span>22 masker glattstrikk med en tr\u00e5d av hver kvalitet p\u00e5 pinne nr. 4 = 10 cm<\/p>\n","protected":false},"excerpt":{"rendered":"<p><strong>Marte Helgetuns Julemagi har startet, og dette er den siste av i alt fire deler som fullf\u00f8rer hele Signatur-settet og runder av adventsreisen for i \u00e5r.\u00a0<\/strong><\/p>\n<p>Signatur-serien best\u00e5r av et firedelt tilbeh\u00f8rssett, der alle delene har f\u00e5tt et dekorativt m\u00f8nster i tre farger. Ser du godt etter, kan du ane et lite monogram i linjene. Fint sammen men ogs\u00e5 fint hver for seg.<\/p>\n<p>&nbsp;<\/p>\n<p>Siste del av serien er ogs\u00e5 den enkleste \u00e5 strikke. Panneb\u00e5nd har det samme monogram-inspirerte m\u00f8nsteret. Et lite, enkelt plagg som fullf\u00f8rer hele Signatur-settet og runder av adventsreisen. Dette rekker du selv om det ikke er mange dagene til jul.<\/p>\n<p>Jeg har satt opp fire fargealternativer men du kan fint endre p\u00e5 fargene og lage din egen kombinasjon hvis du trykker p\u00e5 bildet av n\u00f8stene hvor det st\u00e5r antall 1 og skifter farge der. Det er to n\u00f8ster Lunt og to farger Lett i hver.<\/p>\n<p>&nbsp;<\/p>\n<p><strong>NB <\/strong>Det er fargekombinasjonen <strong>No. 1 Burgunder<\/strong> som er valgt hvis du ikke velger annen farge.<\/p>\n<p>&nbsp;<\/p>\n<p><strong>Norsk oppskrift. <\/strong><\/p>\n<p>&nbsp;<\/p>\n","protected":false},"featured_media":97452,"template":"","meta":{"_acf_changed":false,"_relevanssi_hide_post":"","_relevanssi_hide_content":"","_relevanssi_pin_for_all":"","_relevanssi_pin_keywords":"","_relevanssi_unpin_keywords":"","_relevanssi_related_keywords":"","_relevanssi_related_include_ids":"","_relevanssi_related_exclude_ids":"","_relevanssi_related_no_append":"","_relevanssi_related_not_related":"","_relevanssi_related_posts":"","_relevanssi_noindex_reason":""},"product_brand":[],"product_cat":[401],"product_tag":[],"class_list":{"0":"post-97438","1":"product","2":"type-product","3":"status-publish","4":"has-post-thumbnail","6":"product_cat-lue-panneband","8":"first","9":"instock","10":"downloadable","11":"taxable","12":"shipping-taxable","13":"purchasable","14":"product-type-mht_bundle"},"acf":[],"_links":{"self":[{"href":"https:\/\/martehelgetun.no\/en\/wp-json\/wp\/v2\/product\/97438","targetHints":{"allow":["GET"]}}],"collection":[{"href":"https:\/\/martehelgetun.no\/en\/wp-json\/wp\/v2\/product"}],"about":[{"href":"https:\/\/martehelgetun.no\/en\/wp-json\/wp\/v2\/types\/product"}],"wp:featuredmedia":[{"embeddable":true,"href":"https:\/\/martehelgetun.no\/en\/wp-json\/wp\/v2\/media\/97452"}],"wp:attachment":[{"href":"https:\/\/martehelgetun.no\/en\/wp-json\/wp\/v2\/media?parent=97438"}],"wp:term":[{"taxonomy":"product_brand","embeddable":true,"href":"https:\/\/martehelgetun.no\/en\/wp-json\/wp\/v2\/product_brand?post=97438"},{"taxonomy":"product_cat","embeddable":true,"href":"https:\/\/martehelgetun.no\/en\/wp-json\/wp\/v2\/product_cat?post=97438"},{"taxonomy":"product_tag","embeddable":true,"href":"https:\/\/martehelgetun.no\/en\/wp-json\/wp\/v2\/product_tag?post=97438"}],"curies":[{"name":"wp","href":"https:\/\/api.w.org\/{rel}","templated":true}]}}