{"id":97222,"date":"2025-12-15T12:03:26","date_gmt":"2025-12-15T11:03:26","guid":{"rendered":"https:\/\/martehelgetun.no\/?post_type=product&#038;p=97222"},"modified":"2026-03-04T15:33:29","modified_gmt":"2026-03-04T14:33:29","slug":"signatur-hals","status":"publish","type":"product","link":"https:\/\/martehelgetun.no\/en\/produkt\/signatur-hals\/","title":{"rendered":"Signatur Hals"},"content":{"rendered":"<p><b>St\u00f8rrelser og m\u00e5l<br \/>\n<\/b>S\/M (M\/L)<\/p>\n<p>&nbsp;<\/p>\n<p><b>Garn og garnforbruk<br \/>\n<\/b>Fargealternativ Einer<span class=\"Apple-converted-space\"><br \/>\n<\/span>1 (1) n\u00f8ste Lunt nr. 18 Einer<br \/>\n1 (1) n\u00f8ste Lett nr. 18 Einer<br \/>\n1 (1) n\u00f8ste Lunt nr. 01 Kitt<br \/>\n1 (1) n\u00f8ste Lett nr. 10 Natur<br \/>\nEn liten rest Svart Lunt + Lett nr. 16<\/p>\n<p>&nbsp;<\/p>\n<p><b>Pinner og strikkefasthet<br \/>\n<\/b>Rundpinne 40 cm lang nr. 4 du kan g\u00e5 over til en lengre rundpinne etter halskanten.<br \/>\nDa blir det enklere \u00e5 strikke fram og tilbake.<b><br \/>\n<\/b>22 masker m\u00f8nsterstrikk med en tr\u00e5d av hver kvalitet p\u00e5 pinne nr. 4 = 10 cm<\/p>\n","protected":false},"excerpt":{"rendered":"<p><strong>Marte Helgetuns Julemagi har startet, og dette er den tredje av i alt fire deler! F\u00f8lg med for hver helg fram mot jul lanserer \u00a0jeg en ny del i denne serien.<\/strong><\/p>\n<p>Signatur-serien best\u00e5r av et firedelt tilbeh\u00f8rssett, der alle delene har f\u00e5tt et dekorativt m\u00f8nster i tre farger. Ser du godt etter, kan du ane et lite monogram i linjene. Fint sammen men ogs\u00e5 fint hver for seg.<\/p>\n<p>&nbsp;<\/p>\n<p><strong>Tredje del er en varm og praktisk hals<\/strong> der Signatur-m\u00f8nsteret f\u00e5r mer plass.\u00a0Her kommer helheten tydelig frem \u2013 m\u00f8nsteret, fargene og rytmen som binder serien sammen.<\/p>\n<p>&nbsp;<\/p>\n<p><strong>NB <\/strong>Det er fargekombinasjonen <strong>No. 1 Burgunder<\/strong> som er valgt hvis du ikke velger annen farge.<\/p>\n<p>&nbsp;<\/p>\n<p><strong>Norsk oppskrift. <\/strong><\/p>\n<p>&nbsp;<\/p>\n","protected":false},"featured_media":97237,"template":"","meta":{"_acf_changed":false,"_relevanssi_hide_post":"","_relevanssi_hide_content":"","_relevanssi_pin_for_all":"","_relevanssi_pin_keywords":"","_relevanssi_unpin_keywords":"","_relevanssi_related_keywords":"","_relevanssi_related_include_ids":"","_relevanssi_related_exclude_ids":"","_relevanssi_related_no_append":"","_relevanssi_related_not_related":"","_relevanssi_related_posts":"","_relevanssi_noindex_reason":""},"product_cat":[81],"product_tag":[],"class_list":{"0":"post-97222","1":"product","2":"type-product","3":"status-publish","4":"has-post-thumbnail","6":"product_cat-skjerf-sjal-hals","8":"first","9":"instock","10":"downloadable","11":"taxable","12":"shipping-taxable","13":"purchasable","14":"product-type-mht_bundle"},"acf":[],"_links":{"self":[{"href":"https:\/\/martehelgetun.no\/en\/wp-json\/wp\/v2\/product\/97222","targetHints":{"allow":["GET"]}}],"collection":[{"href":"https:\/\/martehelgetun.no\/en\/wp-json\/wp\/v2\/product"}],"about":[{"href":"https:\/\/martehelgetun.no\/en\/wp-json\/wp\/v2\/types\/product"}],"wp:featuredmedia":[{"embeddable":true,"href":"https:\/\/martehelgetun.no\/en\/wp-json\/wp\/v2\/media\/97237"}],"wp:attachment":[{"href":"https:\/\/martehelgetun.no\/en\/wp-json\/wp\/v2\/media?parent=97222"}],"wp:term":[{"taxonomy":"product_cat","embeddable":true,"href":"https:\/\/martehelgetun.no\/en\/wp-json\/wp\/v2\/product_cat?post=97222"},{"taxonomy":"product_tag","embeddable":true,"href":"https:\/\/martehelgetun.no\/en\/wp-json\/wp\/v2\/product_tag?post=97222"}],"curies":[{"name":"wp","href":"https:\/\/api.w.org\/{rel}","templated":true}]}}