{"id":96708,"date":"2025-11-30T11:47:38","date_gmt":"2025-11-30T10:47:38","guid":{"rendered":"https:\/\/martehelgetun.no\/?post_type=product&#038;p=96708"},"modified":"2026-04-09T11:03:31","modified_gmt":"2026-04-09T09:03:31","slug":"signatur-lue","status":"publish","type":"product","link":"https:\/\/martehelgetun.no\/en\/product\/signatur-lue\/","title":{"rendered":"Signatur Lue"},"content":{"rendered":"<p><strong>ST\u00d8RRELSER OG M\u00c5L<\/strong><\/p>\n<p>XS\/S (M) L\/XL<\/p>\n<p>&nbsp;<\/p>\n<p>&nbsp;<\/p>\n<p><strong>GARN OG GARNFORBRUK<\/strong><\/p>\n<p>FARGEALTERNATIV EINER<\/p>\n<p>1 (1) 1 n\u00f8ste Lunt nr. 18 Einer<\/p>\n<p>1 (1) 1 n\u00f8ste Lett nr. 18 Einer<\/p>\n<p>1 (1) 1 n\u00f8ste Lunt nr. 01 Kitt<\/p>\n<p>1 (1) 1 n\u00f8ste Lett nr. 10 Natur<\/p>\n<p>En liten rest Svart Lunt + Lett nr. 16<\/p>\n<p>Du har nok til to luer hvis du strikker i motsatte farger.<\/p>\n<p>&nbsp;<\/p>\n<p>&nbsp;<\/p>\n<p><strong>PINNER OG STRIKKEFASTHET<\/strong><\/p>\n<p>Rundpinne 40 cm lang nr. 4 og 3<\/p>\n<p>Settpinner nr. 4 til fellingene hvis du ikke strkker magig loop da trenger du en 80\/100 cm lang rundpinne<\/p>\n<p>22 masker m\u00f8nsterstrikk med en tr\u00e5d av hver kvalitet p\u00e5 pinne nr. 4 = 10 cm<\/p>\n","protected":false},"excerpt":{"rendered":"<p><strong>Marte Helgetuns Julemagi har startet, og dette er den f\u00f8rste av i alt fire deler! F\u00f8lg med for hver helg fram mot jul lanserer \u00a0jeg en ny del i denne serien.<\/strong><\/p>\n<p>Signatur-serien best\u00e5r av et firedelt tilbeh\u00f8rssett, der alle delene har f\u00e5tt et dekorativt m\u00f8nster i tre farger. Ser du godt etter, kan du ane et lite monogram i linjene. Fint sammen men ogs\u00e5 fint hver for seg.<\/p>\n<p>&nbsp;<\/p>\n<p><strong>F\u00f8rst ut er Signaturluen<\/strong> &#8211; En tidl\u00f8s og komfortabel lue med det karakteristiske Signaturm\u00f8nsteret. Du har nok garn til to luer.<\/p>\n<p>Jeg har satt opp fire fargealternativer men du kan fint endre p\u00e5 fargene og lage din egen kombinasjon hvis du trykker p\u00e5 bildet av n\u00f8stene hvor det st\u00e5r antall 1 og skifter farge der. Det er to n\u00f8ster Lunt og to farger Lett i hver Lue.<\/p>\n<p>&nbsp;<\/p>\n<p><strong>NB <\/strong>Det er fargekombinasjonen <strong>No. 1 Burgunder<\/strong> som er valgt hvis du ikke velger annen farge.<\/p>\n<p>&nbsp;<\/p>\n<p><strong>Norsk oppskrift. <\/strong><\/p>\n<p>&nbsp;<\/p>\n","protected":false},"featured_media":96725,"template":"","meta":{"_acf_changed":false,"_relevanssi_hide_post":"","_relevanssi_hide_content":"","_relevanssi_pin_for_all":"","_relevanssi_pin_keywords":"","_relevanssi_unpin_keywords":"","_relevanssi_related_keywords":"","_relevanssi_related_include_ids":"","_relevanssi_related_exclude_ids":"","_relevanssi_related_no_append":"","_relevanssi_related_not_related":"","_relevanssi_related_posts":"","_relevanssi_noindex_reason":""},"product_brand":[],"product_cat":[401],"product_tag":[],"class_list":{"0":"post-96708","1":"product","2":"type-product","3":"status-publish","4":"has-post-thumbnail","6":"product_cat-lue-panneband","8":"first","9":"instock","10":"downloadable","11":"taxable","12":"shipping-taxable","13":"purchasable","14":"product-type-mht_bundle"},"acf":[],"_links":{"self":[{"href":"https:\/\/martehelgetun.no\/en\/wp-json\/wp\/v2\/product\/96708","targetHints":{"allow":["GET"]}}],"collection":[{"href":"https:\/\/martehelgetun.no\/en\/wp-json\/wp\/v2\/product"}],"about":[{"href":"https:\/\/martehelgetun.no\/en\/wp-json\/wp\/v2\/types\/product"}],"wp:featuredmedia":[{"embeddable":true,"href":"https:\/\/martehelgetun.no\/en\/wp-json\/wp\/v2\/media\/96725"}],"wp:attachment":[{"href":"https:\/\/martehelgetun.no\/en\/wp-json\/wp\/v2\/media?parent=96708"}],"wp:term":[{"taxonomy":"product_brand","embeddable":true,"href":"https:\/\/martehelgetun.no\/en\/wp-json\/wp\/v2\/product_brand?post=96708"},{"taxonomy":"product_cat","embeddable":true,"href":"https:\/\/martehelgetun.no\/en\/wp-json\/wp\/v2\/product_cat?post=96708"},{"taxonomy":"product_tag","embeddable":true,"href":"https:\/\/martehelgetun.no\/en\/wp-json\/wp\/v2\/product_tag?post=96708"}],"curies":[{"name":"wp","href":"https:\/\/api.w.org\/{rel}","templated":true}]}}