{"id":95981,"date":"2025-11-11T15:51:30","date_gmt":"2025-11-11T14:51:30","guid":{"rendered":"https:\/\/martehelgetun.no\/?post_type=product&#038;p=95981"},"modified":"2025-11-11T16:30:14","modified_gmt":"2025-11-11T15:30:14","slug":"lett-luna-sjal","status":"publish","type":"product","link":"https:\/\/martehelgetun.no\/en\/produkt\/lett-luna-sjal\/","title":{"rendered":"Lett Luna sjal"},"content":{"rendered":"<p><strong>St\u00f8rrelser og m\u00e5l<\/strong><b><span class=\"Apple-converted-space\"><br \/>\n<\/span><\/b>St\u00f8rrelser: lite (stort)<br \/>\nVidde: ca 100 (150) cm m\u00e5lt kanten oppe p\u00e5 sjalet<br \/>\nH\u00f8yde: ca 25 (72) cm m\u00e5lt midt p\u00e5<\/p>\n<p>&nbsp;<\/p>\n<p><strong>Garn og garnforbruk<\/strong><b><br \/>\n<\/b><b><\/b>Lett x 2 by Marte Helgetun<br \/>\nLite sjal: 2 n\u00f8ster Lett i fargen 18 Einer<br \/>\nStort sjal: 4 n\u00f8ster Lett i fargen 17 Sand<\/p>\n<p>&nbsp;<\/p>\n<p><strong>Pinner og strikkefasthet<\/strong><br \/>\n80 cm rundpinne nr. 4,5 og 3<br \/>\nsettpinner 2 stk pinne nr 4 til icorden<br \/>\n20 masker glattstrikk med to tr\u00e5der lett p\u00e5 pinne nr. 4,5 = 10 cm i bredden<\/p>\n","protected":false},"excerpt":{"rendered":"<div class=\"woocommerce-product-details__short-description\">\n<p>Lett Luna er et enkelt og elegant sjal med en myk halvm\u00e5neform \u2013 derav navnet Luna.\u00a0Det strikkes med to tr\u00e5der Lett, som gir et flortynt og behagelig glattstrikket uttrykk. Den rene avslutningen fremhever det tidl\u00f8se designet og gj\u00f8r sjalet komplett.<\/p>\n<p>Sjalet kommer i to st\u00f8rrelser \u2013 det minste knytes enkelt foran, mens den st\u00f8rste varianten faller mykt og vakkert over skuldrene.<\/p>\n<\/div>\n<p>&nbsp;<\/p>\n<p>&nbsp;<\/p>\n<div class=\"woocommerce-product-details__short-description\">\n<p><strong>Norsk og Engelsk oppskrift.<\/strong> Du f\u00e5r tilgang til alle spr\u00e5k som pdf fil ved kj\u00f8p.<\/p>\n<\/div>\n","protected":false},"featured_media":96000,"template":"","meta":{"_acf_changed":false,"_relevanssi_hide_post":"","_relevanssi_hide_content":"","_relevanssi_pin_for_all":"","_relevanssi_pin_keywords":"","_relevanssi_unpin_keywords":"","_relevanssi_related_keywords":"","_relevanssi_related_include_ids":"","_relevanssi_related_exclude_ids":"","_relevanssi_related_no_append":"","_relevanssi_related_not_related":"","_relevanssi_related_posts":"","_relevanssi_noindex_reason":""},"product_cat":[60,734,81],"product_tag":[128,37,134,40,194,136],"acf":[],"_links":{"self":[{"href":"https:\/\/martehelgetun.no\/en\/wp-json\/wp\/v2\/product\/95981"}],"collection":[{"href":"https:\/\/martehelgetun.no\/en\/wp-json\/wp\/v2\/product"}],"about":[{"href":"https:\/\/martehelgetun.no\/en\/wp-json\/wp\/v2\/types\/product"}],"wp:featuredmedia":[{"embeddable":true,"href":"https:\/\/martehelgetun.no\/en\/wp-json\/wp\/v2\/media\/96000"}],"wp:attachment":[{"href":"https:\/\/martehelgetun.no\/en\/wp-json\/wp\/v2\/media?parent=95981"}],"wp:term":[{"taxonomy":"product_cat","embeddable":true,"href":"https:\/\/martehelgetun.no\/en\/wp-json\/wp\/v2\/product_cat?post=95981"},{"taxonomy":"product_tag","embeddable":true,"href":"https:\/\/martehelgetun.no\/en\/wp-json\/wp\/v2\/product_tag?post=95981"}],"curies":[{"name":"wp","href":"https:\/\/api.w.org\/{rel}","templated":true}]}}