{"id":95914,"date":"2025-11-10T14:45:49","date_gmt":"2025-11-10T13:45:49","guid":{"rendered":"https:\/\/martehelgetun.no\/?post_type=product&#038;p=95914"},"modified":"2025-11-30T12:20:28","modified_gmt":"2025-11-30T11:20:28","slug":"vforvest","status":"publish","type":"product","link":"https:\/\/martehelgetun.no\/en\/produkt\/vforvest\/","title":{"rendered":"V for vest"},"content":{"rendered":"<p><b>St\u00f8rrelser og m\u00e5l<br \/>\n<\/b>St\u00f8rrelser: S (M) L (XL) XXL<br \/>\nOvervidde: 84 (96) 108 (120) 132 cm<span class=\"Apple-converted-space\"><br \/>\n<\/span>Lengde: 52 (54) 56 (59) 62 cm, m\u00e5lt midt bak i nakken<\/p>\n<p>&nbsp;<\/p>\n<p><strong>Garn og garnforbruk<\/strong><span class=\"Apple-converted-space\"><strong>\u00a0<\/strong><br \/>\n<\/span>3 x Lett by Marte Helgetun<br \/>\n8 (9) 10 (11) 12 n\u00f8ster nr. 16 Svart<\/p>\n<p>&nbsp;<\/p>\n<p><strong>Pinne og strikkefasthet<\/strong><br \/>\nRundpinne 80 cm nr. 4 og 4,5 (det er lurt \u00e5 ha to pinner nr 4,5)<br \/>\n20 masker p\u00e5 pinne nr. 4,5 = 10 cm i bredden<\/p>\n","protected":false},"excerpt":{"rendered":"<p>Jeg f\u00e5r rett og slett ikke nok av vester denne sesongen! V for Vest er en klassisk, tidl\u00f8s vest strikket med tre tr\u00e5der Lett \u2013 myk, luftig og akkurat passe varm. Vesten strikkes ovenfra<br \/>\nog ned, og du starter med noen f\u00e5 masker bak i nakken \u2013 en enkel konstruksjon som gir god passform og en fin v-utringning.<span class=\"Apple-converted-space\">\u00a0<\/span><\/p>\n<p>Dette er vesten du kan bruke til alt \u2013 like fin alene til et pent antrekk, som over en skjorte eller kjole for et mer avslappet hverdagsuttrykk.<\/p>\n<p>&nbsp;<\/p>\n<p>&nbsp;<\/p>\n<p>Norsk oppskrift<\/p>\n<div class=\"woocommerce-product-details__short-description\">\n<p>&nbsp;<\/p>\n<p>&nbsp;<\/p>\n<\/div>\n","protected":false},"featured_media":95937,"template":"","meta":{"_acf_changed":false,"_relevanssi_hide_post":"","_relevanssi_hide_content":"","_relevanssi_pin_for_all":"","_relevanssi_pin_keywords":"","_relevanssi_unpin_keywords":"","_relevanssi_related_keywords":"","_relevanssi_related_include_ids":"","_relevanssi_related_exclude_ids":"","_relevanssi_related_no_append":"","_relevanssi_related_not_related":"","_relevanssi_related_posts":"","_relevanssi_noindex_reason":""},"product_cat":[60,279],"product_tag":[128,37,134,40,136],"class_list":{"0":"post-95914","1":"product","2":"type-product","3":"status-publish","4":"has-post-thumbnail","6":"product_cat-strikkeoppskrifter","7":"product_cat-topp","8":"product_tag-design-by-marte-helgetun","9":"product_tag-lett","10":"product_tag-marte-helgetun","11":"product_tag-silkmohair","12":"product_tag-strikkeoppskrift","14":"first","15":"instock","16":"downloadable","17":"taxable","18":"shipping-taxable","19":"purchasable","20":"product-type-mht_bundle"},"acf":[],"_links":{"self":[{"href":"https:\/\/martehelgetun.no\/en\/wp-json\/wp\/v2\/product\/95914","targetHints":{"allow":["GET"]}}],"collection":[{"href":"https:\/\/martehelgetun.no\/en\/wp-json\/wp\/v2\/product"}],"about":[{"href":"https:\/\/martehelgetun.no\/en\/wp-json\/wp\/v2\/types\/product"}],"wp:featuredmedia":[{"embeddable":true,"href":"https:\/\/martehelgetun.no\/en\/wp-json\/wp\/v2\/media\/95937"}],"wp:attachment":[{"href":"https:\/\/martehelgetun.no\/en\/wp-json\/wp\/v2\/media?parent=95914"}],"wp:term":[{"taxonomy":"product_cat","embeddable":true,"href":"https:\/\/martehelgetun.no\/en\/wp-json\/wp\/v2\/product_cat?post=95914"},{"taxonomy":"product_tag","embeddable":true,"href":"https:\/\/martehelgetun.no\/en\/wp-json\/wp\/v2\/product_tag?post=95914"}],"curies":[{"name":"wp","href":"https:\/\/api.w.org\/{rel}","templated":true}]}}