{"id":95357,"date":"2025-10-25T15:54:31","date_gmt":"2025-10-25T13:54:31","guid":{"rendered":"https:\/\/martehelgetun.no\/?post_type=product&#038;p=95357"},"modified":"2026-02-06T15:07:56","modified_gmt":"2026-02-06T14:07:56","slug":"luftig-17-marsipan","status":"publish","type":"product","link":"https:\/\/martehelgetun.no\/en\/produkt\/luftig-17-marsipan\/","title":{"rendered":"Luftig 17 Marsipan"},"content":{"rendered":"<p>INNHOLD\u00a065% Merinoull 25% Babyalpakka 10% Mikrofiber<br \/>\nL\u00d8PELENGDE\u00a0Ett n\u00f8ste veier 50 g, og er ca 240 m<br \/>\nSTRIKKEFASTHET\u00a0ca 22 masker p\u00e5 pinne nr 4 = 10 cm<br \/>\nVASK &amp; STELL Plagg strikket i dette garnet vasker du helst for h\u00e5nd. Luft gjerne plagget.<\/p>\n<p>Garnet er produsert i Italia.<\/p>\n<p>V\u00e6r oppmerksom p\u00e5 at ulike skjermer og telefoner vil gjengi fargene p\u00e5 n\u00f8stene ulikt.<\/p>\n","protected":false},"excerpt":{"rendered":"<p>Et garn fra Marte Helgetun. Fargene er laget slik at de skal passe sammen med de nye kvalitetene Lett, Lunt og Lunt Fargespill.\u00a0Slik vil hele den nye serien by Marte Helgetun kombineres, mixes og matches om hverandre.<\/p>\n","protected":false},"featured_media":100752,"template":"","meta":{"_acf_changed":false,"_relevanssi_hide_post":"","_relevanssi_hide_content":"","_relevanssi_pin_for_all":"","_relevanssi_pin_keywords":"","_relevanssi_unpin_keywords":"","_relevanssi_related_keywords":"","_relevanssi_related_include_ids":"","_relevanssi_related_exclude_ids":"","_relevanssi_related_no_append":"","_relevanssi_related_not_related":"","_relevanssi_related_posts":"","_relevanssi_noindex_reason":""},"product_cat":[15,34],"product_tag":[25,36,27],"class_list":{"0":"post-95357","1":"product","2":"type-product","3":"status-publish","4":"has-post-thumbnail","6":"product_cat-garn","7":"product_cat-luftig","8":"product_tag-garn","9":"product_tag-luftig","10":"product_tag-merinoull","12":"first","13":"instock","14":"taxable","15":"shipping-taxable","16":"purchasable","17":"product-type-simple"},"acf":[],"_links":{"self":[{"href":"https:\/\/martehelgetun.no\/en\/wp-json\/wp\/v2\/product\/95357","targetHints":{"allow":["GET"]}}],"collection":[{"href":"https:\/\/martehelgetun.no\/en\/wp-json\/wp\/v2\/product"}],"about":[{"href":"https:\/\/martehelgetun.no\/en\/wp-json\/wp\/v2\/types\/product"}],"wp:featuredmedia":[{"embeddable":true,"href":"https:\/\/martehelgetun.no\/en\/wp-json\/wp\/v2\/media\/100752"}],"wp:attachment":[{"href":"https:\/\/martehelgetun.no\/en\/wp-json\/wp\/v2\/media?parent=95357"}],"wp:term":[{"taxonomy":"product_cat","embeddable":true,"href":"https:\/\/martehelgetun.no\/en\/wp-json\/wp\/v2\/product_cat?post=95357"},{"taxonomy":"product_tag","embeddable":true,"href":"https:\/\/martehelgetun.no\/en\/wp-json\/wp\/v2\/product_tag?post=95357"}],"curies":[{"name":"wp","href":"https:\/\/api.w.org\/{rel}","templated":true}]}}