{"id":94484,"date":"2025-10-07T13:47:26","date_gmt":"2025-10-07T11:47:26","guid":{"rendered":"https:\/\/martehelgetun.no\/?post_type=product&#038;p=94484"},"modified":"2026-04-09T10:45:24","modified_gmt":"2026-04-09T08:45:24","slug":"panneband-nordic-nights","status":"publish","type":"product","link":"https:\/\/martehelgetun.no\/en\/produkt\/panneband-nordic-nights\/","title":{"rendered":"Panneb\u00e5nd &#8211; Nordic Nights"},"content":{"rendered":"<p><strong>St\u00f8rrelser og m\u00e5l <\/strong><br \/>\nSt\u00f8rrelse: (skolebarn) dame (herre)<\/p>\n<p>&nbsp;<\/p>\n<p><strong>Garn og garnforbruk<\/strong><br \/>\n<b><\/b>Lunt + Lett by Marte Helgetun<br \/>\n1 n\u00f8ste Lunt nr. 01 Kitt<br \/>\n1 n\u00f8ste Lett nr. 01 Kitt<br \/>\nStrikkes med 1 tr\u00e5d Lunt og 1 tr\u00e5d Lett sammen<span class=\"Apple-converted-space\">\u00a0<\/span><\/p>\n<p>&nbsp;<\/p>\n<p><strong>Pinner og strikkefasthet<\/strong><br \/>\n40 cm rundpinne nr. 4,5<br \/>\n24<b> <\/b>masker m\u00f8nsterstrikk med en tr\u00e5d av hver kvalitet p\u00e5 pinne nr. 4,5 = 10 cm<\/p>\n","protected":false},"excerpt":{"rendered":"<p>Med sin enkle form og struktur er dette et st\u00f8dig panneb\u00e5nd som holder godt p\u00e5<span class=\"Apple-converted-space\">\u00a0<\/span><\/p>\n<p>varmen. Det sitter behagelig rundt hodet og gir god beskyttelse der du trenger det mest. Panneb\u00e5ndet strikkes med \u00e9n tr\u00e5d av hver kvalitet.<\/p>\n<p>&nbsp;<\/p>\n<p><strong>Norsk og Engelsk oppskrift.<\/strong> Du f\u00e5r tilgang til alle spr\u00e5k som pdf fil ved kj\u00f8p.<\/p>\n<p>&nbsp;<\/p>\n","protected":false},"featured_media":94304,"template":"","meta":{"_acf_changed":false,"_relevanssi_hide_post":"","_relevanssi_hide_content":"","_relevanssi_pin_for_all":"","_relevanssi_pin_keywords":"","_relevanssi_unpin_keywords":"","_relevanssi_related_keywords":"","_relevanssi_related_include_ids":"","_relevanssi_related_exclude_ids":"","_relevanssi_related_no_append":"","_relevanssi_related_not_related":"","_relevanssi_related_posts":"","_relevanssi_noindex_reason":""},"product_cat":[401,735],"product_tag":[],"class_list":{"0":"post-94484","1":"product","2":"type-product","3":"status-publish","4":"has-post-thumbnail","6":"product_cat-lue-panneband","7":"product_cat-gratis-oppskrifter","9":"first","10":"instock","11":"downloadable","12":"taxable","13":"shipping-taxable","14":"purchasable","15":"product-type-mht_bundle"},"acf":[],"_links":{"self":[{"href":"https:\/\/martehelgetun.no\/en\/wp-json\/wp\/v2\/product\/94484","targetHints":{"allow":["GET"]}}],"collection":[{"href":"https:\/\/martehelgetun.no\/en\/wp-json\/wp\/v2\/product"}],"about":[{"href":"https:\/\/martehelgetun.no\/en\/wp-json\/wp\/v2\/types\/product"}],"wp:featuredmedia":[{"embeddable":true,"href":"https:\/\/martehelgetun.no\/en\/wp-json\/wp\/v2\/media\/94304"}],"wp:attachment":[{"href":"https:\/\/martehelgetun.no\/en\/wp-json\/wp\/v2\/media?parent=94484"}],"wp:term":[{"taxonomy":"product_cat","embeddable":true,"href":"https:\/\/martehelgetun.no\/en\/wp-json\/wp\/v2\/product_cat?post=94484"},{"taxonomy":"product_tag","embeddable":true,"href":"https:\/\/martehelgetun.no\/en\/wp-json\/wp\/v2\/product_tag?post=94484"}],"curies":[{"name":"wp","href":"https:\/\/api.w.org\/{rel}","templated":true}]}}