{"id":94321,"date":"2025-10-04T20:11:06","date_gmt":"2025-10-04T18:11:06","guid":{"rendered":"https:\/\/martehelgetun.no\/?post_type=product&#038;p=94321"},"modified":"2026-04-09T10:45:40","modified_gmt":"2026-04-09T08:45:40","slug":"lue-nordic-nights","status":"publish","type":"product","link":"https:\/\/martehelgetun.no\/en\/produkt\/lue-nordic-nights\/","title":{"rendered":"Lue &#8211; Nordic Nights"},"content":{"rendered":"<p><b>St\u00f8rrelser og m\u00e5l <\/b><br \/>\nSt\u00f8rrelse: (Skolebarn) dame (herre)<\/p>\n<p>&nbsp;<\/p>\n<p><b>Garn og garnforbruk<br \/>\n<\/b><b><\/b>Lunt + Lett by Marte Helgetun<br \/>\n(1) 1 (2) n\u00f8ster Lunt nr. 13 Bj\u00f8rneb\u00e6r<br \/>\n(1) 1 (1) n\u00f8ste Lett nr. 13 Bj\u00f8rneb\u00e6r<br \/>\nStrikkes med 1 tr\u00e5d Lunt og 1 tr\u00e5d Lett sammen.<span class=\"Apple-converted-space\">\u00a0<\/span><\/p>\n<p>&nbsp;<\/p>\n<p><b>Pinner og strikkefasthet<br \/>\n<\/b>40 cm rundpinne nr. 3 og 4,5<br \/>\nSettpinner nr. 4,5 hvis du ikke bruker magic loop<br \/>\n24<b> <\/b>masker m\u00f8nsterstrikk med en tr\u00e5d av hver kvalitet p\u00e5 pinne nr. 4,5 = 10 cm<\/p>\n","protected":false},"excerpt":{"rendered":"<p>Med sin enkle form og valg av struktur blir denne luen st\u00f8dig samtidig som den varmer godt. Den doble glattstrikkede kanten rammer inn ansiktet og gir ekstra varme p\u00e5 de mest utsatte omr\u00e5dene.<br \/>\nLuen strikkes nedenfra og opp med \u00e9n tr\u00e5d av hver kvalitet.<\/p>\n<p>&nbsp;<\/p>\n<p>&nbsp;<\/p>\n<p><strong>Norsk og Engelsk oppskrift.<\/strong> Du f\u00e5r tilgang til alle spr\u00e5k som pdf fil ved kj\u00f8p.<\/p>\n<p>&nbsp;<\/p>\n","protected":false},"featured_media":94282,"template":"","meta":{"_acf_changed":false,"_relevanssi_hide_post":"","_relevanssi_hide_content":"","_relevanssi_pin_for_all":"","_relevanssi_pin_keywords":"","_relevanssi_unpin_keywords":"","_relevanssi_related_keywords":"","_relevanssi_related_include_ids":"","_relevanssi_related_exclude_ids":"","_relevanssi_related_no_append":"","_relevanssi_related_not_related":"","_relevanssi_related_posts":"","_relevanssi_noindex_reason":""},"product_cat":[401],"product_tag":[],"class_list":{"0":"post-94321","1":"product","2":"type-product","3":"status-publish","4":"has-post-thumbnail","6":"product_cat-lue-panneband","8":"first","9":"instock","10":"downloadable","11":"taxable","12":"shipping-taxable","13":"purchasable","14":"product-type-mht_bundle"},"acf":[],"_links":{"self":[{"href":"https:\/\/martehelgetun.no\/en\/wp-json\/wp\/v2\/product\/94321","targetHints":{"allow":["GET"]}}],"collection":[{"href":"https:\/\/martehelgetun.no\/en\/wp-json\/wp\/v2\/product"}],"about":[{"href":"https:\/\/martehelgetun.no\/en\/wp-json\/wp\/v2\/types\/product"}],"wp:featuredmedia":[{"embeddable":true,"href":"https:\/\/martehelgetun.no\/en\/wp-json\/wp\/v2\/media\/94282"}],"wp:attachment":[{"href":"https:\/\/martehelgetun.no\/en\/wp-json\/wp\/v2\/media?parent=94321"}],"wp:term":[{"taxonomy":"product_cat","embeddable":true,"href":"https:\/\/martehelgetun.no\/en\/wp-json\/wp\/v2\/product_cat?post=94321"},{"taxonomy":"product_tag","embeddable":true,"href":"https:\/\/martehelgetun.no\/en\/wp-json\/wp\/v2\/product_tag?post=94321"}],"curies":[{"name":"wp","href":"https:\/\/api.w.org\/{rel}","templated":true}]}}