{"id":94243,"date":"2025-10-04T19:46:54","date_gmt":"2025-10-04T17:46:54","guid":{"rendered":"https:\/\/martehelgetun.no\/?post_type=product&#038;p=94243"},"modified":"2026-04-09T11:04:02","modified_gmt":"2026-04-09T09:04:02","slug":"skjerf-nordic-nights","status":"publish","type":"product","link":"https:\/\/martehelgetun.no\/en\/produkt\/skjerf-nordic-nights\/","title":{"rendered":"Skjerf &#8211; Nordic Nights"},"content":{"rendered":"<p><b>St\u00f8rrelser og m\u00e5l<br \/>\n<\/b>St\u00f8rrelse: kort (langt)<br \/>\nlengde: ca 85 (140) cm<br \/>\nbredde: ca 13 cm<\/p>\n<p>&nbsp;<\/p>\n<p><b>Garn og garnforbruk<br \/>\n<\/b>1 (2) n\u00f8ster Lunt nr. 13 Bj\u00f8rneb\u00e6r<br \/>\n1 (2) n\u00f8ster Lett nr. 13 Bj\u00f8rneb\u00e6r<br \/>\nDet lille skjerfet er strikket i fargen Sand<br \/>\nog det store i fargen Bj\u00f8rneb\u00e6r<\/p>\n<p>Strikkes med 1 tr\u00e5d Lunt og<br \/>\n1 tr\u00e5d Lett sammen<\/p>\n<p>&nbsp;<\/p>\n<p><b>Pinner og strikkefasthet<br \/>\n<\/b>settpinner 20 cm lange nr. 4,5<br \/>\n24 masker m\u00f8nsterstrikk med en tr\u00e5d av hver kvalitet p\u00e5 pinne nr. 4,5 = 10 cm<\/p>\n","protected":false},"excerpt":{"rendered":"<p>Et enkelt men elegant skjerf laget i to st\u00f8rrelser, det minste knyter du foran mens det store g\u00e5r en runde rundt halsen f\u00f8r du knyter det.<span class=\"Apple-converted-space\">\u00a0<\/span><\/p>\n<p>&nbsp;<\/p>\n<p>&nbsp;<\/p>\n<p><strong>Norsk oppskrift.<\/strong><\/p>\n<p>&nbsp;<\/p>\n","protected":false},"featured_media":94312,"template":"","meta":{"_acf_changed":false,"_relevanssi_hide_post":"","_relevanssi_hide_content":"","_relevanssi_pin_for_all":"","_relevanssi_pin_keywords":"","_relevanssi_unpin_keywords":"","_relevanssi_related_keywords":"","_relevanssi_related_include_ids":"","_relevanssi_related_exclude_ids":"","_relevanssi_related_no_append":"","_relevanssi_related_not_related":"","_relevanssi_related_posts":"","_relevanssi_noindex_reason":""},"product_cat":[81],"product_tag":[],"class_list":{"0":"post-94243","1":"product","2":"type-product","3":"status-publish","4":"has-post-thumbnail","6":"product_cat-skjerf-sjal-hals","8":"first","9":"instock","10":"downloadable","11":"taxable","12":"shipping-taxable","13":"purchasable","14":"product-type-mht_bundle"},"acf":[],"_links":{"self":[{"href":"https:\/\/martehelgetun.no\/en\/wp-json\/wp\/v2\/product\/94243","targetHints":{"allow":["GET"]}}],"collection":[{"href":"https:\/\/martehelgetun.no\/en\/wp-json\/wp\/v2\/product"}],"about":[{"href":"https:\/\/martehelgetun.no\/en\/wp-json\/wp\/v2\/types\/product"}],"wp:featuredmedia":[{"embeddable":true,"href":"https:\/\/martehelgetun.no\/en\/wp-json\/wp\/v2\/media\/94312"}],"wp:attachment":[{"href":"https:\/\/martehelgetun.no\/en\/wp-json\/wp\/v2\/media?parent=94243"}],"wp:term":[{"taxonomy":"product_cat","embeddable":true,"href":"https:\/\/martehelgetun.no\/en\/wp-json\/wp\/v2\/product_cat?post=94243"},{"taxonomy":"product_tag","embeddable":true,"href":"https:\/\/martehelgetun.no\/en\/wp-json\/wp\/v2\/product_tag?post=94243"}],"curies":[{"name":"wp","href":"https:\/\/api.w.org\/{rel}","templated":true}]}}