{"id":92909,"date":"2025-08-27T19:11:03","date_gmt":"2025-08-27T17:11:03","guid":{"rendered":"https:\/\/martehelgetun.no\/?post_type=product&#038;p=92909"},"modified":"2026-04-22T12:29:09","modified_gmt":"2026-04-22T10:29:09","slug":"krystallsjal-flerfarget","status":"publish","type":"product","link":"https:\/\/martehelgetun.no\/en\/product\/krystallsjal-flerfarget\/","title":{"rendered":"Krystallsjal flerfarget"},"content":{"rendered":"<p><strong>ST\u00d8RRELSER OG M\u00c5L<br \/>\n<\/strong>St\u00f8rrelser: Lite (Stort)<br \/>\nVidde: ca 120 (160) cm<br \/>\nH\u00f8yde: ca 45 (72) cm<\/p>\n<p>&nbsp;<\/p>\n<p><strong>GARN OG GARNFORBRUK<br \/>\n<\/strong>Lett x 2 by Marte Helgetun<br \/>\nLite sjal: 1 n\u00f8ster Lett i fargen 18 Einer<br \/>\nLite sjal: 1 n\u00f8ster Lett i fargen 09 Timotei<br \/>\nStort sjal: 2 \u00a0n\u00f8ster Lett i fargen 18 Einer<br \/>\nStort sjal: 2 \u00a0n\u00f8ster Lett i fargen 09 Timotei<br \/>\nDet bl\u00e5 sjalet er strikket i kombinasjonene Lys skifer sammen med Skifer<\/p>\n<p>&nbsp;<\/p>\n<p><strong>PINNER OG STRIKKEFASTHET<br \/>\n<\/strong>80 cm rundpinne nr. 6<br \/>\n15 masker strukturstrikk p\u00e5 pinne nr. 6 = 10 cm i bredden<\/p>\n","protected":false},"excerpt":{"rendered":"<p>Krystallsjalet er en videreutvikling av storfavoritten Sn\u00f8krystallsjalet som er strikket i det fargegraderte garnet Lunt fargespill. Denne gangen \u00f8nsket jeg \u00e5 skape et luftig og lett Krystallsjal ved \u00e5 kombinere to tr\u00e5der av garnet Lett \u2013 en kombinasjon som gir et lett, silkemykt uttrykk.<\/p>\n<p>Du starter med noen f\u00e5 masker nederst p\u00e5 spissen og strikker deg oppover. De enkle \u00f8kningene i kantene ser nesten ut som i-cord, men er faktisk glattstrikk, noe som gir et rent og stilfullt preg. For \u00e5 fullf\u00f8re sjalet har jeg valgt en i-cord-felling, som s\u00f8rger for at alle tre kantene blir nesten like.<\/p>\n<p>Tofarget og ensfarget versjon er akkurat samme oppskrift, jeg har laget to kun for \u00e5 gj\u00f8re det enklere \u00e5 bestille:)<\/p>\n<p>&nbsp;<\/p>\n<div class=\"woocommerce-product-details__short-description\">\n<p>&nbsp;<\/p>\n<p><strong>Norsk og Engelsk oppskrift.<\/strong> Du f\u00e5r tilgang til alle spr\u00e5k som pdf fil ved kj\u00f8p.<\/p>\n<hr \/>\n<\/div>\n<p data-start=\"0\" data-end=\"269\">The Crystal Shawl is a further development of the popular Snow Crystal Shawl, originally knitted in the gradient yarn Lunt Fargespill. This time, I wanted to create a light and airy version by combining two strands of Lett \u2013 a pairing that gives a soft, silky finish.<\/p>\n<p data-start=\"271\" data-end=\"584\">You begin with just a few stitches at the tip and work your way upward. The simple edge increases almost resemble i-cord, but are actually worked in stockinette stitch, creating a clean and elegant look. To finish the shawl, I\u2019ve chosen an i-cord bind-off, ensuring that all three edges appear nearly identical.<\/p>\n<p data-start=\"586\" data-end=\"706\">The two-color and solid versions use the exact same pattern \u2013 I\u2019ve simply made two versions to make ordering easier \ud83d\ude42<\/p>\n<p data-start=\"708\" data-end=\"816\" data-is-last-node=\"\" data-is-only-node=\"\"><strong>Norwegian and English pattern included.<\/strong> You will receive access to all languages as PDF files upon purchase.<\/p>\n","protected":false},"featured_media":92923,"template":"","meta":{"_acf_changed":false,"_relevanssi_hide_post":"","_relevanssi_hide_content":"","_relevanssi_pin_for_all":"","_relevanssi_pin_keywords":"","_relevanssi_unpin_keywords":"","_relevanssi_related_keywords":"","_relevanssi_related_include_ids":"","_relevanssi_related_exclude_ids":"","_relevanssi_related_no_append":"","_relevanssi_related_not_related":"","_relevanssi_related_posts":"","_relevanssi_noindex_reason":""},"product_brand":[],"product_cat":[60,81,734],"product_tag":[128,773,83,37,134,40,194,188,136],"class_list":{"0":"post-92909","1":"product","2":"type-product","3":"status-publish","4":"has-post-thumbnail","6":"product_cat-strikkeoppskrifter","7":"product_cat-skjerf-sjal-hals","8":"product_cat-sommerstrikk","9":"product_tag-design-by-marte-helgetun","10":"product_tag-en-klem-av-mohair","11":"product_tag-hals","12":"product_tag-lett","13":"product_tag-marte-helgetun","14":"product_tag-silkmohair","15":"product_tag-skjerf","16":"product_tag-skuldervarmer","17":"product_tag-strikkeoppskrift","19":"first","20":"instock","21":"downloadable","22":"taxable","23":"shipping-taxable","24":"purchasable","25":"product-type-mht_bundle"},"acf":[],"_links":{"self":[{"href":"https:\/\/martehelgetun.no\/en\/wp-json\/wp\/v2\/product\/92909","targetHints":{"allow":["GET"]}}],"collection":[{"href":"https:\/\/martehelgetun.no\/en\/wp-json\/wp\/v2\/product"}],"about":[{"href":"https:\/\/martehelgetun.no\/en\/wp-json\/wp\/v2\/types\/product"}],"wp:featuredmedia":[{"embeddable":true,"href":"https:\/\/martehelgetun.no\/en\/wp-json\/wp\/v2\/media\/92923"}],"wp:attachment":[{"href":"https:\/\/martehelgetun.no\/en\/wp-json\/wp\/v2\/media?parent=92909"}],"wp:term":[{"taxonomy":"product_brand","embeddable":true,"href":"https:\/\/martehelgetun.no\/en\/wp-json\/wp\/v2\/product_brand?post=92909"},{"taxonomy":"product_cat","embeddable":true,"href":"https:\/\/martehelgetun.no\/en\/wp-json\/wp\/v2\/product_cat?post=92909"},{"taxonomy":"product_tag","embeddable":true,"href":"https:\/\/martehelgetun.no\/en\/wp-json\/wp\/v2\/product_tag?post=92909"}],"curies":[{"name":"wp","href":"https:\/\/api.w.org\/{rel}","templated":true}]}}