{"id":92908,"date":"2025-08-27T19:10:51","date_gmt":"2025-08-27T17:10:51","guid":{"rendered":"https:\/\/martehelgetun.no\/?post_type=product&#038;p=92908"},"modified":"2025-11-30T12:20:35","modified_gmt":"2025-11-30T11:20:35","slug":"veske-nordic-nights","status":"publish","type":"product","link":"https:\/\/martehelgetun.no\/en\/produkt\/veske-nordic-nights\/","title":{"rendered":"Veske &#8211; Nordic Nights"},"content":{"rendered":"<p class=\"p1\"><b>ST\u00d8RRELSER OG M\u00c5L<br \/>\n<\/b><span class=\"s1\">En <\/span>st\u00f8rrelse<br \/>\n14 cm h\u00f8y inklusive l\u00e5sen<br \/>\n12 cm bredde<\/p>\n<p>&nbsp;<\/p>\n<p class=\"p1\"><b>GARN OG GARNFORBRUK<br \/>\n<\/b>Lunt + Lett by Marte Helgetun<br \/>\n1 n\u00f8ste Lunt nr. 13 Bj\u00f8rneb\u00e6r<br \/>\n1 n\u00f8ste Lett nr. 13 Bj\u00f8rneb\u00e6r<\/p>\n<p>&nbsp;<\/p>\n<p class=\"p1\"><b>TILBEH\u00d8R<br \/>\n<\/b>Buet veskel\u00e5s ca<span class=\"s1\"> 12 cm bred<\/span><\/p>\n<p>&nbsp;<\/p>\n<p class=\"p1\"><b>PINNER OG STRIKKEFASTHET<br \/>\n<\/b>80 cm lang rundpinne nr. 4,5<br \/>\nBruker du rundpinner med utskiftbare tupper anbefaler<br \/>\nvi \u00e5 bruke en tupp nr. 4,5 og en tupp nr. 3,5<br \/>\n24<b> <\/b>masker strukturstrikk med en tr\u00e5d av hver kvalitet p\u00e5 pinne nr. 4,5 = 10 cm<\/p>\n","protected":false},"excerpt":{"rendered":"<p class=\"p1\">Den enkle og st\u00f8dige strukturen gir denne lille vesken et rent og fint uttrykk. Perfekt til alle de sm\u00e5 tingene som ellers fyller opp de store veskene.<\/p>\n<p class=\"p1\">Vesken strikkes fra bunnen og opp, og underveis f\u00e5r du pr\u00f8ve deg p\u00e5 flere\u00a0spennende teknikker \u2013 blant annet tyrkisk opplegg og magic loop.<\/p>\n<p>&nbsp;<\/p>\n<p><strong>Norsk og Engelsk oppskrift.<\/strong> Du f\u00e5r tilgang til alle spr\u00e5k som pdf fil ved kj\u00f8p.<\/p>\n<p>&nbsp;<\/p>\n","protected":false},"featured_media":94967,"template":"","meta":{"_acf_changed":false,"_relevanssi_hide_post":"","_relevanssi_hide_content":"","_relevanssi_pin_for_all":"","_relevanssi_pin_keywords":"","_relevanssi_unpin_keywords":"","_relevanssi_related_keywords":"","_relevanssi_related_include_ids":"","_relevanssi_related_exclude_ids":"","_relevanssi_related_no_append":"","_relevanssi_related_not_related":"","_relevanssi_related_posts":"","_relevanssi_noindex_reason":""},"product_cat":[833],"product_tag":[],"class_list":{"0":"post-92908","1":"product","2":"type-product","3":"status-publish","4":"has-post-thumbnail","6":"product_cat-vesker","8":"first","9":"instock","10":"downloadable","11":"taxable","12":"shipping-taxable","13":"purchasable","14":"product-type-mht_bundle"},"acf":[],"_links":{"self":[{"href":"https:\/\/martehelgetun.no\/en\/wp-json\/wp\/v2\/product\/92908","targetHints":{"allow":["GET"]}}],"collection":[{"href":"https:\/\/martehelgetun.no\/en\/wp-json\/wp\/v2\/product"}],"about":[{"href":"https:\/\/martehelgetun.no\/en\/wp-json\/wp\/v2\/types\/product"}],"wp:featuredmedia":[{"embeddable":true,"href":"https:\/\/martehelgetun.no\/en\/wp-json\/wp\/v2\/media\/94967"}],"wp:attachment":[{"href":"https:\/\/martehelgetun.no\/en\/wp-json\/wp\/v2\/media?parent=92908"}],"wp:term":[{"taxonomy":"product_cat","embeddable":true,"href":"https:\/\/martehelgetun.no\/en\/wp-json\/wp\/v2\/product_cat?post=92908"},{"taxonomy":"product_tag","embeddable":true,"href":"https:\/\/martehelgetun.no\/en\/wp-json\/wp\/v2\/product_tag?post=92908"}],"curies":[{"name":"wp","href":"https:\/\/api.w.org\/{rel}","templated":true}]}}