{"id":92866,"date":"2025-08-27T18:59:09","date_gmt":"2025-08-27T16:59:09","guid":{"rendered":"https:\/\/martehelgetun.no\/?post_type=product&#038;p=92866"},"modified":"2025-10-04T18:46:56","modified_gmt":"2025-10-04T16:46:56","slug":"krystalltopp","status":"publish","type":"product","link":"https:\/\/martehelgetun.no\/en\/produkt\/krystalltopp\/","title":{"rendered":"KrystallTopp"},"content":{"rendered":"<p><b>St\u00f8rrelser og m\u00e5l<span class=\"Apple-converted-space\"><br \/>\n<\/span><\/b>St\u00f8rrelser: XS\/S (M\/L) XL\/XXL<br \/>\nVidde: ca 110 (135) 160 cm og veldig t\u00f8yelig<br \/>\nLengde: ca<span class=\"Apple-converted-space\">\u00a0 <\/span>58 (60) 62 cm og veldig t\u00f8yelig<\/p>\n<p>&nbsp;<\/p>\n<p><b>Garn og garnforbruk<br \/>\n<\/b><b><\/b>Lett x 2 by Marte Helgetun<br \/>\n6 (6) 8 n\u00f8ster Lett i fargen 17 Sand<br \/>\nGenseren strikkes med to tr\u00e5der Lett sammen.<\/p>\n<p>&nbsp;<\/p>\n<p><strong>Pinner og strikkefasthet<br \/>\n<\/strong>80 og cm rundpinne nr. 6 pinne nr 4,5 til icordfelling<br \/>\n15 masker strukturstrikk p\u00e5 pinne nr. 6 med to tr\u00e5der Lett = 10 cm i bredden<\/p>\n","protected":false},"excerpt":{"rendered":"<p>Krystalltoppen har det samme vakre hullm\u00f8nsteret som storfavoritten Krystallsjalet.<br \/>\nVed \u00e5 strikke med to tr\u00e5der sammen i garnet Lett p\u00e5 tykke pinner f\u00e5r toppen et florlett uttrykk med et silkemykt fall. Super \u00e5 bruke rett p\u00e5 huden men den er ogs\u00e5 fin med en skjorte under.<\/p>\n<p>Arbeidet starter enkelt med noen masker i nakken, og vokser derfra nedover i det fine hullm\u00f8nsteret. Toppen er utrolig myk mot huden og har l\u00f8s passform<\/p>\n<p>&nbsp;<\/p>\n<div class=\"woocommerce-product-details__short-description\">\n<p>&nbsp;<\/p>\n<p>&nbsp;<\/p>\n<\/div>\n","protected":false},"featured_media":92885,"template":"","meta":{"_acf_changed":false,"_relevanssi_hide_post":"","_relevanssi_hide_content":"","_relevanssi_pin_for_all":"","_relevanssi_pin_keywords":"","_relevanssi_unpin_keywords":"","_relevanssi_related_keywords":"","_relevanssi_related_include_ids":"","_relevanssi_related_exclude_ids":"","_relevanssi_related_no_append":"","_relevanssi_related_not_related":"","_relevanssi_related_posts":"","_relevanssi_noindex_reason":""},"product_cat":[60,279],"product_tag":[128,37,134,40,188,136],"class_list":{"0":"post-92866","1":"product","2":"type-product","3":"status-publish","4":"has-post-thumbnail","6":"product_cat-strikkeoppskrifter","7":"product_cat-topp","8":"product_tag-design-by-marte-helgetun","9":"product_tag-lett","10":"product_tag-marte-helgetun","11":"product_tag-silkmohair","12":"product_tag-skuldervarmer","13":"product_tag-strikkeoppskrift","15":"first","16":"instock","17":"downloadable","18":"taxable","19":"shipping-taxable","20":"purchasable","21":"product-type-mht_bundle"},"acf":[],"_links":{"self":[{"href":"https:\/\/martehelgetun.no\/en\/wp-json\/wp\/v2\/product\/92866","targetHints":{"allow":["GET"]}}],"collection":[{"href":"https:\/\/martehelgetun.no\/en\/wp-json\/wp\/v2\/product"}],"about":[{"href":"https:\/\/martehelgetun.no\/en\/wp-json\/wp\/v2\/types\/product"}],"wp:featuredmedia":[{"embeddable":true,"href":"https:\/\/martehelgetun.no\/en\/wp-json\/wp\/v2\/media\/92885"}],"wp:attachment":[{"href":"https:\/\/martehelgetun.no\/en\/wp-json\/wp\/v2\/media?parent=92866"}],"wp:term":[{"taxonomy":"product_cat","embeddable":true,"href":"https:\/\/martehelgetun.no\/en\/wp-json\/wp\/v2\/product_cat?post=92866"},{"taxonomy":"product_tag","embeddable":true,"href":"https:\/\/martehelgetun.no\/en\/wp-json\/wp\/v2\/product_tag?post=92866"}],"curies":[{"name":"wp","href":"https:\/\/api.w.org\/{rel}","templated":true}]}}