{"id":91949,"date":"2025-08-07T13:09:35","date_gmt":"2025-08-07T11:09:35","guid":{"rendered":"https:\/\/martehelgetun.no\/?post_type=product&#038;p=91949"},"modified":"2026-04-09T10:46:09","modified_gmt":"2026-04-09T08:46:09","slug":"happyhands-nordic-nights","status":"publish","type":"product","link":"https:\/\/martehelgetun.no\/en\/produkt\/happyhands-nordic-nights\/","title":{"rendered":"HappyHands Nordic Nights"},"content":{"rendered":"<p><b>St\u00f8rrelser og m\u00e5l <\/b><br \/>\nSt\u00f8rrelser: Dame (Herre)<\/p>\n<p>&nbsp;<\/p>\n<p><b>Garn og garnforbruk<br \/>\n<\/b><b><\/b>Lunt + Lett by Marte Helgetun<br \/>\n1 n\u00f8ste Lunt nr. 01 Kitt<br \/>\n1 n\u00f8ste Lett nr. 01 Kitt<\/p>\n<p>De gr\u00f8nne vottene er strikket i fargen 18 Einer i begge kvalitetene.<\/p>\n<p>&nbsp;<\/p>\n<p><b>Pinner og strikkefasthet<br \/>\n<\/b>80 cm lang rundpinne nr. 3 og 4,5<br \/>\nBruker du rundpinner med utskiftbare tupper anbefaler vi \u00e5 bruke en tupp nr. 4,5 og en tupp nr. 3<br \/>\n24<b> <\/b>masker strukturstrikk med en tr\u00e5d av hver kvalitet p\u00e5 pinne nr. 4,5 = 10 cm<\/p>\n","protected":false},"excerpt":{"rendered":"<p>Den rene, enkle strukturen gj\u00f8r at vottene holder godt p\u00e5 varmen og avslutningen med en dobbel glattstrikket kant gj\u00f8r at de sitter fint rundt h\u00e5ndleddet.<span class=\"Apple-converted-space\">\u00a0<\/span><\/p>\n<p>Vottene strikkes fra fingertuppene og nedover og du f\u00e5r pr\u00f8ve deg p\u00e5 flere artige strikketeknikker som tyrkisk opplegg og macig loop.<span class=\"Apple-converted-space\">\u00a0<\/span><\/p>\n<p>&nbsp;<\/p>\n<p><strong>Norsk oppskrift.<\/strong><\/p>\n","protected":false},"featured_media":91991,"template":"","meta":{"_acf_changed":false,"_relevanssi_hide_post":"","_relevanssi_hide_content":"","_relevanssi_pin_for_all":"","_relevanssi_pin_keywords":"","_relevanssi_unpin_keywords":"","_relevanssi_related_keywords":"","_relevanssi_related_include_ids":"","_relevanssi_related_exclude_ids":"","_relevanssi_related_no_append":"","_relevanssi_related_not_related":"","_relevanssi_related_posts":"","_relevanssi_noindex_reason":""},"product_cat":[60,402],"product_tag":[128,90,37,33,134,136,181],"class_list":{"0":"post-91949","1":"product","2":"type-product","3":"status-publish","4":"has-post-thumbnail","6":"product_cat-strikkeoppskrifter","7":"product_cat-votter","8":"product_tag-design-by-marte-helgetun","9":"product_tag-happyfeet","10":"product_tag-lett","11":"product_tag-lunt","12":"product_tag-marte-helgetun","13":"product_tag-strikkeoppskrift","14":"product_tag-votter","16":"first","17":"instock","18":"downloadable","19":"taxable","20":"shipping-taxable","21":"purchasable","22":"product-type-mht_bundle"},"acf":[],"_links":{"self":[{"href":"https:\/\/martehelgetun.no\/en\/wp-json\/wp\/v2\/product\/91949","targetHints":{"allow":["GET"]}}],"collection":[{"href":"https:\/\/martehelgetun.no\/en\/wp-json\/wp\/v2\/product"}],"about":[{"href":"https:\/\/martehelgetun.no\/en\/wp-json\/wp\/v2\/types\/product"}],"wp:featuredmedia":[{"embeddable":true,"href":"https:\/\/martehelgetun.no\/en\/wp-json\/wp\/v2\/media\/91991"}],"wp:attachment":[{"href":"https:\/\/martehelgetun.no\/en\/wp-json\/wp\/v2\/media?parent=91949"}],"wp:term":[{"taxonomy":"product_cat","embeddable":true,"href":"https:\/\/martehelgetun.no\/en\/wp-json\/wp\/v2\/product_cat?post=91949"},{"taxonomy":"product_tag","embeddable":true,"href":"https:\/\/martehelgetun.no\/en\/wp-json\/wp\/v2\/product_tag?post=91949"}],"curies":[{"name":"wp","href":"https:\/\/api.w.org\/{rel}","templated":true}]}}