{"id":91894,"date":"2025-08-05T16:28:01","date_gmt":"2025-08-05T14:28:01","guid":{"rendered":"https:\/\/martehelgetun.no\/?post_type=product&#038;p=91894"},"modified":"2025-08-05T16:28:36","modified_gmt":"2025-08-05T14:28:36","slug":"veskeramme-mh22","status":"publish","type":"product","link":"https:\/\/martehelgetun.no\/en\/produkt\/veskeramme-mh22\/","title":{"rendered":"Veskeramme MH22"},"content":{"rendered":"","protected":false},"excerpt":{"rendered":"<p><strong data-start=\"48\" data-end=\"71\">Veskeb\u00f8yler i metall<\/strong> \u2013 gir vesken din b\u00e5de form og stil. Perfekt til hjemmelagde vesker, punger og toalettmapper \u2013 enten du syr, hekler eller strikker. Holder \u00e5pningen stabil og gj\u00f8r den enkel \u00e5 \u00e5pne og lukke.<\/p>\n<p>L\u00e5sen er 8,5 cm h\u00f8y n\u00e5r den er lukket, og n\u00e5r du \u00e5pner den er den 17 cm bred.<br \/>\nLengden er 22 cm.<\/p>\n<p>&nbsp;<\/p>\n","protected":false},"featured_media":91890,"template":"","meta":{"_acf_changed":false,"_relevanssi_hide_post":"","_relevanssi_hide_content":"","_relevanssi_pin_for_all":"","_relevanssi_pin_keywords":"","_relevanssi_unpin_keywords":"","_relevanssi_related_keywords":"","_relevanssi_related_include_ids":"","_relevanssi_related_exclude_ids":"","_relevanssi_related_no_append":"","_relevanssi_related_not_related":"","_relevanssi_related_posts":"","_relevanssi_noindex_reason":""},"product_cat":[87,677],"product_tag":[645,365,642,644],"class_list":{"0":"post-91894","1":"product","2":"type-product","3":"status-publish","4":"has-post-thumbnail","6":"product_cat-strikketilbehor","7":"product_cat-veskelas","8":"product_tag-buet-veskelas","9":"product_tag-strikketilbehor","10":"product_tag-veskelas","11":"product_tag-veskelas-i-metall","13":"first","14":"instock","15":"taxable","16":"shipping-taxable","17":"purchasable","18":"product-type-simple"},"acf":[],"_links":{"self":[{"href":"https:\/\/martehelgetun.no\/en\/wp-json\/wp\/v2\/product\/91894","targetHints":{"allow":["GET"]}}],"collection":[{"href":"https:\/\/martehelgetun.no\/en\/wp-json\/wp\/v2\/product"}],"about":[{"href":"https:\/\/martehelgetun.no\/en\/wp-json\/wp\/v2\/types\/product"}],"wp:featuredmedia":[{"embeddable":true,"href":"https:\/\/martehelgetun.no\/en\/wp-json\/wp\/v2\/media\/91890"}],"wp:attachment":[{"href":"https:\/\/martehelgetun.no\/en\/wp-json\/wp\/v2\/media?parent=91894"}],"wp:term":[{"taxonomy":"product_cat","embeddable":true,"href":"https:\/\/martehelgetun.no\/en\/wp-json\/wp\/v2\/product_cat?post=91894"},{"taxonomy":"product_tag","embeddable":true,"href":"https:\/\/martehelgetun.no\/en\/wp-json\/wp\/v2\/product_tag?post=91894"}],"curies":[{"name":"wp","href":"https:\/\/api.w.org\/{rel}","templated":true}]}}