{"id":91623,"date":"2025-07-31T22:14:44","date_gmt":"2025-07-31T20:14:44","guid":{"rendered":"https:\/\/martehelgetun.no\/?post_type=product&#038;p=91623"},"modified":"2025-08-27T19:04:33","modified_gmt":"2025-08-27T17:04:33","slug":"happyfeet-nordic-nights-ankelsokk-mini","status":"publish","type":"product","link":"https:\/\/martehelgetun.no\/en\/produkt\/happyfeet-nordic-nights-ankelsokk-mini\/","title":{"rendered":"HappyFeet Nordic Nights &#8211; Ankelsokk MINI"},"content":{"rendered":"<p><b>St\u00f8rrelser og m\u00e5l <\/b><br \/>\nSt\u00f8rrelser: 20\/21 (22\/23) 24\/25 (26\/27) 28\/29 (30\/31) 32\/33 (34\/35)<\/p>\n<p>&nbsp;<\/p>\n<p><strong>GARN OG GARNFORBRUK<\/strong><\/p>\n<p>Lunt + Lett by Marte Helgetun<br \/>\n1 n\u00f8ste Lunt nr. 03 Sand<\/p>\n<p>1 n\u00f8ste Lett nr. 17 Sand<\/p>\n<p>&nbsp;<\/p>\n<p><b>Tilbeh\u00f8r<br \/>\n<\/b><b><\/b>2 x 30 cm skinnsnor<\/p>\n<p>&nbsp;<\/p>\n<p><b>Pinner og strikkefasthet<br \/>\n<\/b>80 cm lang rundpinne nr. 3 og 4,5<br \/>\nBruker du rundpinner med utskiftbare tupper anbefaler vi \u00e5 bruke en tupp nr. 4,5 og en tupp nr. 3<br \/>\n24<b> <\/b>masker strukturstrikk med en tr\u00e5d av hver kvalitet p\u00e5 pinne nr. 4,5 = 10 cm<\/p>\n","protected":false},"excerpt":{"rendered":"<p>HappyFeet Nordic Nights \u2013 sm\u00e5, myke ankelsokker inspirert av den kj\u00f8lige nordiske sommernatta.<br \/>\nPerfekte for sene strikkekvelder p\u00e5 terrassen, i teltet eller p\u00e5 hytta.<\/p>\n<p>Jeg klarte ikke helt \u00e5 bestemme meg for om de skulle v\u00e6re h\u00f8ye eller lave \u2013 s\u00e5 jeg laget like godt begge deler! En h\u00f8y variant som varmer godt oppover<br \/>\nleggen n\u00e5r du vil kr\u00f8lle deg sammen med en bok eller strikket\u00f8y, og en lav ankelsokk til de dagene du bare vil ha noe mykt og lunt p\u00e5 f\u00f8ttene.<\/p>\n<p>&nbsp;<\/p>\n<p>&nbsp;<\/p>\n<p>&nbsp;<\/p>\n<p><strong>Norsk og Engelsk oppskrift.<\/strong> Du f\u00e5r tilgang til alle spr\u00e5k som pdf fil ved kj\u00f8p.<\/p>\n","protected":false},"featured_media":91594,"template":"","meta":{"_acf_changed":false,"_relevanssi_hide_post":"","_relevanssi_hide_content":"","_relevanssi_pin_for_all":"","_relevanssi_pin_keywords":"","_relevanssi_unpin_keywords":"","_relevanssi_related_keywords":"","_relevanssi_related_include_ids":"","_relevanssi_related_exclude_ids":"","_relevanssi_related_no_append":"","_relevanssi_related_not_related":"","_relevanssi_related_posts":"","_relevanssi_noindex_reason":""},"product_cat":[60,85],"product_tag":[128,90,162,37,33,134,136],"class_list":{"0":"post-91623","1":"product","2":"type-product","3":"status-publish","4":"has-post-thumbnail","6":"product_cat-strikkeoppskrifter","7":"product_cat-happyfeet","8":"product_tag-design-by-marte-helgetun","9":"product_tag-happyfeet","10":"product_tag-happyfeet-winter-edition","11":"product_tag-lett","12":"product_tag-lunt","13":"product_tag-marte-helgetun","14":"product_tag-strikkeoppskrift","16":"first","17":"instock","18":"downloadable","19":"taxable","20":"shipping-taxable","21":"purchasable","22":"product-type-mht_bundle"},"acf":[],"_links":{"self":[{"href":"https:\/\/martehelgetun.no\/en\/wp-json\/wp\/v2\/product\/91623","targetHints":{"allow":["GET"]}}],"collection":[{"href":"https:\/\/martehelgetun.no\/en\/wp-json\/wp\/v2\/product"}],"about":[{"href":"https:\/\/martehelgetun.no\/en\/wp-json\/wp\/v2\/types\/product"}],"wp:featuredmedia":[{"embeddable":true,"href":"https:\/\/martehelgetun.no\/en\/wp-json\/wp\/v2\/media\/91594"}],"wp:attachment":[{"href":"https:\/\/martehelgetun.no\/en\/wp-json\/wp\/v2\/media?parent=91623"}],"wp:term":[{"taxonomy":"product_cat","embeddable":true,"href":"https:\/\/martehelgetun.no\/en\/wp-json\/wp\/v2\/product_cat?post=91623"},{"taxonomy":"product_tag","embeddable":true,"href":"https:\/\/martehelgetun.no\/en\/wp-json\/wp\/v2\/product_tag?post=91623"}],"curies":[{"name":"wp","href":"https:\/\/api.w.org\/{rel}","templated":true}]}}