{"id":91564,"date":"2025-07-31T18:38:27","date_gmt":"2025-07-31T16:38:27","guid":{"rendered":"https:\/\/martehelgetun.no\/?post_type=product&#038;p=91564"},"modified":"2025-08-05T16:39:42","modified_gmt":"2025-08-05T14:39:42","slug":"skjerfring-antikk-solv","status":"publish","type":"product","link":"https:\/\/martehelgetun.no\/en\/product\/skjerfring-antikk-solv\/","title":{"rendered":"Skjerfring &#8211; antikk s\u00f8lv"},"content":{"rendered":"","protected":false},"excerpt":{"rendered":"<p class=\"\" data-start=\"0\" data-end=\"79\"><strong data-start=\"85\" data-end=\"135\">Skjerfringer \u2013 som sm\u00e5 smykker til strikkede plagg<\/strong><\/p>\n<p data-start=\"184\" data-end=\"347\">Noen ganger er det de minste detaljene som gj\u00f8r det st\u00f8rste inntrykket. En skjerfring samler sm\u00e5 strikkede sjal og skjerf elegant rundt halsen \u2013 helt uten knyting.<\/p>\n<p data-start=\"349\" data-end=\"530\">Du kan ogs\u00e5 bruke ringen til \u00e5 lukke jakker uten knapper p\u00e5 en enkel og dekorativ m\u00e5te. Den er b\u00e5de funksjonell og vakker \u2013 et lite smykke som gir plagget ditt personlighet og sjel.<\/p>\n<p data-start=\"532\" data-end=\"734\">Skjerfringen har en diameter p\u00e5 28 mm og kan \u00e5pnes og lukkes som en n\u00f8kkelring. Det gj\u00f8r den enkel \u00e5 feste i vesken n\u00e5r den ikke er i bruk. Velg mellom tre farger: s\u00f8lvfarget, gullfarget og antikk s\u00f8lv.<\/p>\n","protected":false},"featured_media":91556,"template":"","meta":{"_acf_changed":false,"_relevanssi_hide_post":"","_relevanssi_hide_content":"","_relevanssi_pin_for_all":"","_relevanssi_pin_keywords":"","_relevanssi_unpin_keywords":"","_relevanssi_related_keywords":"","_relevanssi_related_include_ids":"","_relevanssi_related_exclude_ids":"","_relevanssi_related_no_append":"","_relevanssi_related_not_related":"","_relevanssi_related_posts":"","_relevanssi_noindex_reason":""},"product_brand":[],"product_cat":[87,673],"product_tag":[831,830],"class_list":{"0":"post-91564","1":"product","2":"type-product","3":"status-publish","4":"has-post-thumbnail","6":"product_cat-strikketilbehor","7":"product_cat-kjekt-a-ha","8":"product_tag-sjalring","9":"product_tag-skjerfring","11":"first","12":"instock","13":"taxable","14":"shipping-taxable","15":"purchasable","16":"product-type-simple"},"acf":[],"_links":{"self":[{"href":"https:\/\/martehelgetun.no\/en\/wp-json\/wp\/v2\/product\/91564","targetHints":{"allow":["GET"]}}],"collection":[{"href":"https:\/\/martehelgetun.no\/en\/wp-json\/wp\/v2\/product"}],"about":[{"href":"https:\/\/martehelgetun.no\/en\/wp-json\/wp\/v2\/types\/product"}],"wp:featuredmedia":[{"embeddable":true,"href":"https:\/\/martehelgetun.no\/en\/wp-json\/wp\/v2\/media\/91556"}],"wp:attachment":[{"href":"https:\/\/martehelgetun.no\/en\/wp-json\/wp\/v2\/media?parent=91564"}],"wp:term":[{"taxonomy":"product_brand","embeddable":true,"href":"https:\/\/martehelgetun.no\/en\/wp-json\/wp\/v2\/product_brand?post=91564"},{"taxonomy":"product_cat","embeddable":true,"href":"https:\/\/martehelgetun.no\/en\/wp-json\/wp\/v2\/product_cat?post=91564"},{"taxonomy":"product_tag","embeddable":true,"href":"https:\/\/martehelgetun.no\/en\/wp-json\/wp\/v2\/product_tag?post=91564"}],"curies":[{"name":"wp","href":"https:\/\/api.w.org\/{rel}","templated":true}]}}