{"id":90236,"date":"2025-06-19T19:38:50","date_gmt":"2025-06-19T17:38:50","guid":{"rendered":"https:\/\/martehelgetun.no\/?post_type=product&#038;p=90236"},"modified":"2026-04-22T15:44:24","modified_gmt":"2026-04-22T13:44:24","slug":"arwens-sommertopp-barnehagebarn","status":"publish","type":"product","link":"https:\/\/martehelgetun.no\/en\/product\/arwens-sommertopp-barnehagebarn\/","title":{"rendered":"Arwens sommertopp &#8211; Barnehagebarn"},"content":{"rendered":"<p><b>ST\u00d8RRELSER OG M\u00c5L<br \/>\n<\/b><b><\/b>St\u00f8rrelser: 1 (2) 4 (6) \u00e5r<br \/>\nOvervidde: 53 (59) 64 (70) cm<br \/>\nHel lengde: 23 (26) 29 (32) cm<\/p>\n<p>&nbsp;<\/p>\n<p><b>GARN OG GARNFORBRUK<br \/>\n<\/b>Line fra Sandnes Garn<br \/>\n2 (2) 3 (4) n\u00f8ster Line nr. 2331 Lys Lin<\/p>\n<p>&nbsp;<\/p>\n<p><b>TILBEH\u00d8R<br \/>\n<\/b><b><\/b>1 liten kokosknapper 15 mm.<\/p>\n<p>&nbsp;<\/p>\n<p><b>PINNER OG STRIKKEFASTHET<br \/>\n<\/b>80 cm rundpinne nr. 3 og 4<br \/>\nSettpinner nr. 3 og 4 hvis du ikke bruker magic loop.<br \/>\n20 masker glattstrikk med en tr\u00e5d av hver kvalitet p\u00e5 pinne nr. 4 = 10 cm<\/p>\n","protected":false},"excerpt":{"rendered":"<p>Arwens sommertopp er som hentet ut av et sommereventyr. Den strikkes ovenfra og ned, og hullm\u00f8nsteret over b\u00e6restykket gir form og fine detaljer. En liten knapp i nakken gj\u00f8r den enkel \u00e5 ta av og p\u00e5 \u2013 perfekt for sm\u00e5 alver p\u00e5 varme sommerdager.<\/p>\n<p>&nbsp;<\/p>\n<p>&nbsp;<\/p>\n<p><strong>Norsk og engelsk oppskrift.<\/strong> Du f\u00e5r tilgang til alle spr\u00e5k som pdf fil ved kj\u00f8p.<\/p>\n<hr \/>\n<p data-start=\"0\" data-end=\"292\">Arwen\u2019s summer top feels like it\u2019s taken straight out of a summer fairytale. It is worked top-down, and the eyelet pattern across the yoke adds shape and delicate detail. A small button at the back of the neck makes it easy to take on and off \u2013 perfect for little elves on warm summer days.<\/p>\n<p data-start=\"294\" data-end=\"402\" data-is-last-node=\"\" data-is-only-node=\"\">Norwegian and English pattern included. You will receive access to all languages as PDF files upon purchase.<\/p>\n","protected":false},"featured_media":90219,"template":"","meta":{"_acf_changed":false,"_relevanssi_hide_post":"","_relevanssi_hide_content":"","_relevanssi_pin_for_all":"","_relevanssi_pin_keywords":"","_relevanssi_unpin_keywords":"","_relevanssi_related_keywords":"","_relevanssi_related_include_ids":"","_relevanssi_related_exclude_ids":"","_relevanssi_related_no_append":"","_relevanssi_related_not_related":"","_relevanssi_related_posts":"","_relevanssi_noindex_reason":""},"product_brand":[],"product_cat":[734,60,279,246],"product_tag":[128,441,442,43,134,763,136,460],"class_list":{"0":"post-90236","1":"product","2":"type-product","3":"status-publish","4":"has-post-thumbnail","6":"product_cat-sommerstrikk","7":"product_cat-strikkeoppskrifter","8":"product_cat-topp","9":"product_cat-tullemor-lillebror","10":"product_tag-design-by-marte-helgetun","11":"product_tag-kjole-barn","12":"product_tag-kjole-barnehagebarn","13":"product_tag-line","14":"product_tag-marte-helgetun","15":"product_tag-sommeralvkjole","16":"product_tag-strikkeoppskrift","17":"product_tag-tullemor-og-lillebror","19":"first","20":"instock","21":"downloadable","22":"taxable","23":"shipping-taxable","24":"purchasable","25":"product-type-mht_bundle"},"acf":[],"_links":{"self":[{"href":"https:\/\/martehelgetun.no\/en\/wp-json\/wp\/v2\/product\/90236","targetHints":{"allow":["GET"]}}],"collection":[{"href":"https:\/\/martehelgetun.no\/en\/wp-json\/wp\/v2\/product"}],"about":[{"href":"https:\/\/martehelgetun.no\/en\/wp-json\/wp\/v2\/types\/product"}],"wp:featuredmedia":[{"embeddable":true,"href":"https:\/\/martehelgetun.no\/en\/wp-json\/wp\/v2\/media\/90219"}],"wp:attachment":[{"href":"https:\/\/martehelgetun.no\/en\/wp-json\/wp\/v2\/media?parent=90236"}],"wp:term":[{"taxonomy":"product_brand","embeddable":true,"href":"https:\/\/martehelgetun.no\/en\/wp-json\/wp\/v2\/product_brand?post=90236"},{"taxonomy":"product_cat","embeddable":true,"href":"https:\/\/martehelgetun.no\/en\/wp-json\/wp\/v2\/product_cat?post=90236"},{"taxonomy":"product_tag","embeddable":true,"href":"https:\/\/martehelgetun.no\/en\/wp-json\/wp\/v2\/product_tag?post=90236"}],"curies":[{"name":"wp","href":"https:\/\/api.w.org\/{rel}","templated":true}]}}