{"id":90233,"date":"2025-06-19T19:34:33","date_gmt":"2025-06-19T17:34:33","guid":{"rendered":"https:\/\/martehelgetun.no\/?post_type=product&#038;p=90233"},"modified":"2026-04-22T14:12:03","modified_gmt":"2026-04-22T12:12:03","slug":"arwens-sommerkjole-barnehagebarn","status":"publish","type":"product","link":"https:\/\/martehelgetun.no\/en\/product\/arwens-sommerkjole-barnehagebarn\/","title":{"rendered":"Arwens sommerkjole &#8211; Barnehagebarn"},"content":{"rendered":"<p><b>ST\u00d8RRELSER OG M\u00c5L<br \/>\n<\/b><b><\/b>St\u00f8rrelser: 1 (2) 4 (6) \u00e5r<br \/>\nOvervidde: 53 (59) 64 (70) cm<br \/>\nHel lengde: 36 (40) 44 (48) cm<\/p>\n<p>&nbsp;<\/p>\n<p><b>GARN OG GARNFORBRUK<br \/>\n<\/b>Line fra Sandnes Garn<br \/>\n2 (3) 4 (5) n\u00f8ster Line nr. 6080 Skifer<\/p>\n<p>&nbsp;<\/p>\n<p><b>TILBEH\u00d8R<br \/>\n<\/b><b><\/b>1 liten kokosknapper 15 mm.<\/p>\n<p>&nbsp;<\/p>\n<p><b>PINNER OG STRIKKEFASTHET<br \/>\n<\/b>80 cm rundpinne nr. 3 og 4<br \/>\nSettpinner nr. 3 og 4 hvis du ikke bruker magic loop.<br \/>\n20 masker glattstrikk med en tr\u00e5d av hver kvalitet p\u00e5 pinne nr. 4 = 10 cm<\/p>\n","protected":false},"excerpt":{"rendered":"<p>Arwens sommerkjole er som hentet ut av et sommereventyr. Du strikker den ovenfra og ned, og ser formen vokse frem rad for rad. Resultatet er en nydelig liten alvekjole med et delikat hullm\u00f8nster over b\u00e6restykket og en liten knapp bak i nakken \u2013 perfekt for sm\u00e5 alver som danser barbeint gjennom sollyset.<\/p>\n<p>&nbsp;<\/p>\n<p>&nbsp;<\/p>\n<p><strong>Norsk og engelsk oppskrift.<\/strong> Du f\u00e5r tilgang til alle spr\u00e5k som pdf fil ved kj\u00f8p.<\/p>\n<hr \/>\n<p data-start=\"0\" data-end=\"336\">Arwen\u2019s summer dress feels like it\u2019s taken straight out of a summer fairytale. It is worked top-down, letting the shape emerge row by row. The result is a beautiful little elven dress with a delicate eyelet pattern across the yoke and a small button at the back of the neck \u2013 perfect for little elves dancing barefoot in the sunlight.<\/p>\n<p data-start=\"338\" data-end=\"446\" data-is-last-node=\"\" data-is-only-node=\"\"><strong>Norwegian and English pattern included.<\/strong> You will receive access to all languages as PDF files upon purchase.<\/p>\n","protected":false},"featured_media":90211,"template":"","meta":{"_acf_changed":false,"_relevanssi_hide_post":"","_relevanssi_hide_content":"","_relevanssi_pin_for_all":"","_relevanssi_pin_keywords":"","_relevanssi_unpin_keywords":"","_relevanssi_related_keywords":"","_relevanssi_related_include_ids":"","_relevanssi_related_exclude_ids":"","_relevanssi_related_no_append":"","_relevanssi_related_not_related":"","_relevanssi_related_posts":"","_relevanssi_noindex_reason":""},"product_brand":[],"product_cat":[201,734,60,246],"product_tag":[128,441,442,43,134,763,136,460],"class_list":{"0":"post-90233","1":"product","2":"type-product","3":"status-publish","4":"has-post-thumbnail","6":"product_cat-kjoler-og-skjort","7":"product_cat-sommerstrikk","8":"product_cat-strikkeoppskrifter","9":"product_cat-tullemor-lillebror","10":"product_tag-design-by-marte-helgetun","11":"product_tag-kjole-barn","12":"product_tag-kjole-barnehagebarn","13":"product_tag-line","14":"product_tag-marte-helgetun","15":"product_tag-sommeralvkjole","16":"product_tag-strikkeoppskrift","17":"product_tag-tullemor-og-lillebror","19":"first","20":"instock","21":"downloadable","22":"taxable","23":"shipping-taxable","24":"purchasable","25":"product-type-mht_bundle"},"acf":[],"_links":{"self":[{"href":"https:\/\/martehelgetun.no\/en\/wp-json\/wp\/v2\/product\/90233","targetHints":{"allow":["GET"]}}],"collection":[{"href":"https:\/\/martehelgetun.no\/en\/wp-json\/wp\/v2\/product"}],"about":[{"href":"https:\/\/martehelgetun.no\/en\/wp-json\/wp\/v2\/types\/product"}],"wp:featuredmedia":[{"embeddable":true,"href":"https:\/\/martehelgetun.no\/en\/wp-json\/wp\/v2\/media\/90211"}],"wp:attachment":[{"href":"https:\/\/martehelgetun.no\/en\/wp-json\/wp\/v2\/media?parent=90233"}],"wp:term":[{"taxonomy":"product_brand","embeddable":true,"href":"https:\/\/martehelgetun.no\/en\/wp-json\/wp\/v2\/product_brand?post=90233"},{"taxonomy":"product_cat","embeddable":true,"href":"https:\/\/martehelgetun.no\/en\/wp-json\/wp\/v2\/product_cat?post=90233"},{"taxonomy":"product_tag","embeddable":true,"href":"https:\/\/martehelgetun.no\/en\/wp-json\/wp\/v2\/product_tag?post=90233"}],"curies":[{"name":"wp","href":"https:\/\/api.w.org\/{rel}","templated":true}]}}