{"id":90184,"date":"2025-06-19T19:20:20","date_gmt":"2025-06-19T17:20:20","guid":{"rendered":"https:\/\/martehelgetun.no\/?post_type=product&#038;p=90184"},"modified":"2025-07-31T22:19:22","modified_gmt":"2025-07-31T20:19:22","slug":"arwens-sommerjakke-barnehagebarn","status":"publish","type":"product","link":"https:\/\/martehelgetun.no\/en\/produkt\/arwens-sommerjakke-barnehagebarn\/","title":{"rendered":"Arwens sommerjakke &#8211; Barnehagebarn"},"content":{"rendered":"<div class=\"page\" title=\"Page 4\">\n<div class=\"section\">\n<div class=\"layoutArea\">\n<div class=\"column\">\n<p><b>ST\u00d8RRELSER OG M\u00c5L<br \/>\n<\/b><b><\/b>St\u00f8rrelser: 1 (2) 4 (6) \u00e5r<br \/>\nOvervidde: 53 (59) 64 (70) cm<br \/>\nHel lengde: 23 (26) 29 (32) cm<br \/>\nErmlengde: 20 (23) 26 (29) cm<\/p>\n<p>&nbsp;<\/p>\n<p><b>GARN OG GARNFORBRUK<br \/>\n<\/b>Lunt + Lett by Marte Helgetun<br \/>\n2 (2) 3 (4) n\u00f8ster Lunt nr. 20 T\u00e5kerosa<br \/>\n2 (2) 3 (3) n\u00f8ster Lett nr. 20 T\u00e5kerosa<\/p>\n<p>&nbsp;<\/p>\n<p><b>TILBEH\u00d8R<br \/>\n<\/b><b><\/b>5 (6) 6 (7) sm\u00e5 kokosknapper 15 mm.<\/p>\n<p>&nbsp;<\/p>\n<p><b>PINNER OG STRIKKEFASTHET<br \/>\n<\/b>80 cm rundpinne nr. 3 og 4<br \/>\nSettpinner nr. 3 og 4 hvis du ikke bruker magic loop.<br \/>\n20 masker glattstrikk med en tr\u00e5d av hver kvalitet p\u00e5 pinne nr. 4 = 10 cm<\/p>\n<\/div>\n<\/div>\n<\/div>\n<\/div>\n","protected":false},"excerpt":{"rendered":"<div class=\"page\" title=\"Page 4\">\n<div class=\"section\">\n<div class=\"layoutArea\">\n<div class=\"column\">\n<p>Arwens sommerjakke er en leken og lettstrikket jakke, der hullm\u00f8nsteret f\u00e5r lov til \u00e5 forme fasongen pinne for pinne. Den strikkes ovenfra og ned med \u00e9n tr\u00e5d av hver kvalitet, og byr p\u00e5 b\u00e5de hulstrikk<br \/>\nog strikkeglede fra f\u00f8rste maske \u2013 en sommerfavoritt med et snev av eventyr.<\/p>\n<p>&nbsp;<\/p>\n<p>&nbsp;<\/p>\n<p><strong>Norsk og engelsk oppskrift.<\/strong> Du f\u00e5r tilgang til alle spr\u00e5k som pdf fil ved kj\u00f8p.<\/p>\n<\/div>\n<\/div>\n<\/div>\n<\/div>\n","protected":false},"featured_media":90225,"template":"","meta":{"_acf_changed":false,"_relevanssi_hide_post":"","_relevanssi_hide_content":"","_relevanssi_pin_for_all":"","_relevanssi_pin_keywords":"","_relevanssi_unpin_keywords":"","_relevanssi_related_keywords":"","_relevanssi_related_include_ids":"","_relevanssi_related_exclude_ids":"","_relevanssi_related_no_append":"","_relevanssi_related_not_related":"","_relevanssi_related_posts":"","_relevanssi_noindex_reason":""},"product_cat":[60,246,208],"product_tag":[128,211,454,471,37,33,134,136,460],"acf":[],"_links":{"self":[{"href":"https:\/\/martehelgetun.no\/en\/wp-json\/wp\/v2\/product\/90184"}],"collection":[{"href":"https:\/\/martehelgetun.no\/en\/wp-json\/wp\/v2\/product"}],"about":[{"href":"https:\/\/martehelgetun.no\/en\/wp-json\/wp\/v2\/types\/product"}],"wp:featuredmedia":[{"embeddable":true,"href":"https:\/\/martehelgetun.no\/en\/wp-json\/wp\/v2\/media\/90225"}],"wp:attachment":[{"href":"https:\/\/martehelgetun.no\/en\/wp-json\/wp\/v2\/media?parent=90184"}],"wp:term":[{"taxonomy":"product_cat","embeddable":true,"href":"https:\/\/martehelgetun.no\/en\/wp-json\/wp\/v2\/product_cat?post=90184"},{"taxonomy":"product_tag","embeddable":true,"href":"https:\/\/martehelgetun.no\/en\/wp-json\/wp\/v2\/product_tag?post=90184"}],"curies":[{"name":"wp","href":"https:\/\/api.w.org\/{rel}","templated":true}]}}