{"id":90098,"date":"2025-06-14T13:11:52","date_gmt":"2025-06-14T11:11:52","guid":{"rendered":"https:\/\/martehelgetun.no\/?post_type=product&#038;p=90098"},"modified":"2026-04-22T15:45:57","modified_gmt":"2026-04-22T13:45:57","slug":"tullemors-tutu-barnehagebarn","status":"publish","type":"product","link":"https:\/\/martehelgetun.no\/en\/product\/tullemors-tutu-barnehagebarn\/","title":{"rendered":"Tullemors Tutu &#8211; Barnehagebarn"},"content":{"rendered":"<p class=\"p1\">S<b>T\u00d8RRELSER OG M\u00c5L<br \/>\n<\/b>St\u00f8rrelser: 1 (2) 4 (6) \u00e5r<br \/>\nHel lengde: 20 (23) 26 (29) cm<\/p>\n<p>&nbsp;<\/p>\n<p class=\"p1\"><b>GARN OG GARNFORBRUK<br \/>\n<\/b>Lett by Marte Helgetun<br \/>\n2 (3) 4 (4) n\u00f8ster nr. 20 T\u00e5kerosa<\/p>\n<p>&nbsp;<\/p>\n<p class=\"p1\"><b>PINNER OG STRIKKEFASTHET<br \/>\n<\/b>Rundpinne 40 cm nr. 3,5 og 4<br \/>\nRundpinne 60 eller 80 nr 4<br \/>\n22 masker glattstrikk med to tr\u00e5der Lett p\u00e5 pinne nr. 4 = 10 cm<\/p>\n","protected":false},"excerpt":{"rendered":"<p class=\"p1\">Tullemors Tutu er et skj\u00f8rt fullt av lek og magi \u2013 med volanger og en vidde som inviterer til\u00a0piruetter p\u00e5 kj\u00f8kkengulvet. Skj\u00f8rtet strikkes i garnet Lett, med fine i-cord-detaljer som gir et\u00a0nydelig og gjennomf\u00f8rt uttrykk.<\/p>\n<p class=\"p1\">Et skj\u00f8rt for sm\u00e5 ballerinaer og store hverdags\u00f8yeblikk.<\/p>\n<p>&nbsp;<\/p>\n<p>&nbsp;<\/p>\n<p><strong>Norsk og Engelsk oppskrift.<\/strong> Du f\u00e5r tilgang til alle spr\u00e5k som pdf fil ved kj\u00f8p.<\/p>\n<hr \/>\n<p data-start=\"0\" data-end=\"232\">Tullemor\u2019s Tutu is a skirt full of play and magic \u2013 with ruffles and a fullness that invites twirls across the kitchen floor. The skirt is knitted in Lett, with delicate i-cord details that give it a beautiful and polished finish.<\/p>\n<p data-start=\"234\" data-end=\"291\">A skirt for little ballerinas and big everyday moments.<\/p>\n<p data-start=\"293\" data-end=\"401\" data-is-last-node=\"\" data-is-only-node=\"\"><strong>Norwegian and English pattern included.<\/strong> You will receive access to all languages as PDF files upon purchase.<\/p>\n","protected":false},"featured_media":90203,"template":"","meta":{"_acf_changed":false,"_relevanssi_hide_post":"","_relevanssi_hide_content":"","_relevanssi_pin_for_all":"","_relevanssi_pin_keywords":"","_relevanssi_unpin_keywords":"","_relevanssi_related_keywords":"","_relevanssi_related_include_ids":"","_relevanssi_related_exclude_ids":"","_relevanssi_related_no_append":"","_relevanssi_related_not_related":"","_relevanssi_related_posts":"","_relevanssi_noindex_reason":""},"product_brand":[],"product_cat":[201,734,60,246],"product_tag":[828,128,37,134,136,827,829],"class_list":{"0":"post-90098","1":"product","2":"type-product","3":"status-publish","4":"has-post-thumbnail","6":"product_cat-kjoler-og-skjort","7":"product_cat-sommerstrikk","8":"product_cat-strikkeoppskrifter","9":"product_cat-tullemor-lillebror","10":"product_tag-ballerinaskjort","11":"product_tag-design-by-marte-helgetun","12":"product_tag-lett","13":"product_tag-marte-helgetun","14":"product_tag-strikkeoppskrift","15":"product_tag-strikkeskjort","16":"product_tag-tutu","18":"first","19":"instock","20":"downloadable","21":"taxable","22":"shipping-taxable","23":"purchasable","24":"product-type-mht_bundle"},"acf":[],"_links":{"self":[{"href":"https:\/\/martehelgetun.no\/en\/wp-json\/wp\/v2\/product\/90098","targetHints":{"allow":["GET"]}}],"collection":[{"href":"https:\/\/martehelgetun.no\/en\/wp-json\/wp\/v2\/product"}],"about":[{"href":"https:\/\/martehelgetun.no\/en\/wp-json\/wp\/v2\/types\/product"}],"wp:featuredmedia":[{"embeddable":true,"href":"https:\/\/martehelgetun.no\/en\/wp-json\/wp\/v2\/media\/90203"}],"wp:attachment":[{"href":"https:\/\/martehelgetun.no\/en\/wp-json\/wp\/v2\/media?parent=90098"}],"wp:term":[{"taxonomy":"product_brand","embeddable":true,"href":"https:\/\/martehelgetun.no\/en\/wp-json\/wp\/v2\/product_brand?post=90098"},{"taxonomy":"product_cat","embeddable":true,"href":"https:\/\/martehelgetun.no\/en\/wp-json\/wp\/v2\/product_cat?post=90098"},{"taxonomy":"product_tag","embeddable":true,"href":"https:\/\/martehelgetun.no\/en\/wp-json\/wp\/v2\/product_tag?post=90098"}],"curies":[{"name":"wp","href":"https:\/\/api.w.org\/{rel}","templated":true}]}}