{"id":90032,"date":"2025-06-11T13:36:57","date_gmt":"2025-06-11T11:36:57","guid":{"rendered":"https:\/\/martehelgetun.no\/?post_type=product&#038;p=90032"},"modified":"2026-04-22T12:31:29","modified_gmt":"2026-04-22T10:31:29","slug":"lett-a-like-korterma","status":"publish","type":"product","link":"https:\/\/martehelgetun.no\/en\/product\/lett-a-like-korterma\/","title":{"rendered":"Lett \u00e5 like korterma"},"content":{"rendered":"<p class=\"p1\"><b>ST\u00d8RRELSER OG M\u00c5L<br \/>\n<\/b>St\u00f8rrelser: (XS) S (M) L (XL) XXL<br \/>\nOvervidde: (104) 112 (121) 130 (138) 147<br \/>\nHel lengde: (54) 56 (58) 60 (62) 64 cm m\u00e5lt fra oppleggskanten midt bak.<br \/>\nErme: ca (15) 15 (16) 16 (17) 17 cm<\/p>\n<p>&nbsp;<\/p>\n<p class=\"p1\"><b>GARN OG GARNFORBRUK<br \/>\n<\/b>Lett x 4 by Marte Helgetun<br \/>\n(8) 10 (10) 12 (12) 14 n\u00f8ster nr. 17 Sand<br \/>\nStrikkes med 4 tr\u00e5der samtidig. Her brukte jeg 4 like tr\u00e5der i fargen sand<\/p>\n<p>&nbsp;<\/p>\n<p class=\"p1\"><b>PINNER OG STRIKKEFASTHET<br \/>\n<\/b>40 og 80 cm rundpinne nr. 8 og settpinne nr 7 til I-cord kanten<br \/>\n14 masker glattstrikk p\u00e5 pinne nr. 8 = 10 cm i bredden<\/p>\n","protected":false},"excerpt":{"rendered":"<p>Lett er et utrolig deilig og fint garn i mohair og silke. Vesten er strikket med 4 tr\u00e5der samtidig p\u00e5 tykke pinner. Jeg startet med noen f\u00e5 masker bak i nakken og strikket meg nedover. Vesten har en halskant som g\u00e5r litt oppover i nakken slik at den varmer litt ekstra.<\/p>\n<p><strong>Norsk og Engelsk oppskrift.<\/strong> Du f\u00e5r tilgang til alle spr\u00e5k som pdf fil ved kj\u00f8p.<\/p>\n<hr \/>\n<p>&nbsp;<\/p>\n<section class=\"text-token-text-primary w-full focus:outline-none [--shadow-height:45px] has-data-writing-block:pointer-events-none has-data-writing-block:-mt-(--shadow-height) has-data-writing-block:pt-(--shadow-height) [&amp;:has([data-writing-block])&gt;*]:pointer-events-auto R6Vx5W_threadScrollVars scroll-mb-[calc(var(--scroll-root-safe-area-inset-bottom,0px)+var(--thread-response-height))] scroll-mt-(--header-height)\" dir=\"auto\" style=\"caret-color: #000000; color: #000000; font-style: normal; font-variant-caps: normal; font-weight: 400; letter-spacing: normal; orphans: auto; text-align: start; text-indent: 0px; text-transform: none; white-space: normal; widows: auto; word-spacing: 0px; -webkit-text-stroke-width: 0px; text-decoration: none;\" data-turn-id=\"b32e3b07-1a71-4568-9f27-887c9ab05972\" data-testid=\"conversation-turn-31\" data-scroll-anchor=\"false\" data-turn=\"user\">\n<div class=\"text-base my-auto mx-auto pt-12 [--thread-content-margin:var(--thread-content-margin-xs,calc(var(--spacing)*4))] @w-sm\/main:[--thread-content-margin:var(--thread-content-margin-sm,calc(var(--spacing)*6))] @w-lg\/main:[--thread-content-margin:var(--thread-content-margin-lg,calc(var(--spacing)*16))] px-(--thread-content-margin)\">\n<div class=\"[--thread-content-max-width:40rem] @w-lg\/main:[--thread-content-max-width:48rem] mx-auto max-w-(--thread-content-max-width) flex-1 group\/turn-messages focus-visible:outline-hidden relative flex w-full min-w-0 flex-col\">\n<div class=\"z-0 flex justify-end\">Lett is an incredibly soft and luxurious yarn made from mohair and silk. The vest is knitted using four strands held together on large needles. It begins with a few stitches at the back of the neck and is worked downward. The vest features a neckline that rises slightly at the back, providing a bit of extra warmth.<\/div>\n<\/div>\n<\/div>\n<\/section>\n<section class=\"text-token-text-primary w-full focus:outline-none [--shadow-height:45px] has-data-writing-block:pointer-events-none has-data-writing-block:-mt-(--shadow-height) has-data-writing-block:pt-(--shadow-height) [&amp;:has([data-writing-block])&gt;*]:pointer-events-auto [content-visibility:auto] supports-[content-visibility:auto]:[contain-intrinsic-size:auto_100lvh] R6Vx5W_threadScrollVars scroll-mb-[calc(var(--scroll-root-safe-area-inset-bottom,0px)+var(--thread-response-height))] scroll-mt-[calc(var(--header-height)+min(200px,max(70px,20svh)))]\" dir=\"auto\" style=\"caret-color: #000000; color: #000000; font-style: normal; font-variant-caps: normal; font-weight: 400; letter-spacing: normal; orphans: auto; text-align: start; text-indent: 0px; text-transform: none; white-space: normal; widows: auto; word-spacing: 0px; -webkit-text-stroke-width: 0px; text-decoration: none;\" data-turn-id=\"request-69e88ebf-df9c-8390-a9c3-5efdc2e66227-3\" data-testid=\"conversation-turn-32\" data-scroll-anchor=\"false\" data-turn=\"assistant\">\n<div class=\"text-base my-auto mx-auto pb-10 [--thread-content-margin:var(--thread-content-margin-xs,calc(var(--spacing)*4))] @w-sm\/main:[--thread-content-margin:var(--thread-content-margin-sm,calc(var(--spacing)*6))] @w-lg\/main:[--thread-content-margin:var(--thread-content-margin-lg,calc(var(--spacing)*16))] px-(--thread-content-margin)\">\n<div class=\"[--thread-content-max-width:40rem] @w-lg\/main:[--thread-content-max-width:48rem] mx-auto max-w-(--thread-content-max-width) flex-1 group\/turn-messages focus-visible:outline-hidden relative flex w-full min-w-0 flex-col agent-turn\">\n<div class=\"flex max-w-full flex-col gap-4 grow\">\n<div class=\"min-h-8 text-message relative flex w-full flex-col items-end gap-2 text-start break-words whitespace-normal outline-none keyboard-focused:focus-ring [.text-message+&amp;]:mt-1\" dir=\"auto\" tabindex=\"0\" data-message-author-role=\"assistant\" data-message-id=\"35f82d1a-0a9e-445b-a57e-29a48251d6fa\" data-message-model-slug=\"gpt-5-3\" data-turn-start-message=\"true\">\n<div class=\"flex w-full flex-col gap-1 empty:hidden\">\n<div class=\"markdown prose dark:prose-invert w-full wrap-break-word light markdown-new-styling\">\n<p data-start=\"320\" data-end=\"428\" data-is-last-node=\"\" data-is-only-node=\"\"><strong>Norwegian and English pattern included.<\/strong> You will receive access to all languages as PDF files upon purchase.<\/p>\n<\/div>\n<\/div>\n<\/div>\n<\/div>\n<\/div>\n<\/div>\n<\/section>\n","protected":false},"featured_media":90045,"template":"","meta":{"_acf_changed":false,"_relevanssi_hide_post":"","_relevanssi_hide_content":"","_relevanssi_pin_for_all":"","_relevanssi_pin_keywords":"","_relevanssi_unpin_keywords":"","_relevanssi_related_keywords":"","_relevanssi_related_include_ids":"","_relevanssi_related_exclude_ids":"","_relevanssi_related_no_append":"","_relevanssi_related_not_related":"","_relevanssi_related_posts":"","_relevanssi_noindex_reason":""},"product_brand":[],"product_cat":[734,60,279],"product_tag":[128,37,281,290,134,136,291,264],"class_list":{"0":"post-90032","1":"product","2":"type-product","3":"status-publish","4":"has-post-thumbnail","6":"product_cat-sommerstrikk","7":"product_cat-strikkeoppskrifter","8":"product_cat-topp","9":"product_tag-design-by-marte-helgetun","10":"product_tag-lett","11":"product_tag-lett-a-like","12":"product_tag-lett-a-like-vest","13":"product_tag-marte-helgetun","14":"product_tag-strikkeoppskrift","15":"product_tag-strikket-vest","16":"product_tag-vest","18":"first","19":"instock","20":"downloadable","21":"taxable","22":"shipping-taxable","23":"purchasable","24":"product-type-mht_bundle"},"acf":[],"_links":{"self":[{"href":"https:\/\/martehelgetun.no\/en\/wp-json\/wp\/v2\/product\/90032","targetHints":{"allow":["GET"]}}],"collection":[{"href":"https:\/\/martehelgetun.no\/en\/wp-json\/wp\/v2\/product"}],"about":[{"href":"https:\/\/martehelgetun.no\/en\/wp-json\/wp\/v2\/types\/product"}],"wp:featuredmedia":[{"embeddable":true,"href":"https:\/\/martehelgetun.no\/en\/wp-json\/wp\/v2\/media\/90045"}],"wp:attachment":[{"href":"https:\/\/martehelgetun.no\/en\/wp-json\/wp\/v2\/media?parent=90032"}],"wp:term":[{"taxonomy":"product_brand","embeddable":true,"href":"https:\/\/martehelgetun.no\/en\/wp-json\/wp\/v2\/product_brand?post=90032"},{"taxonomy":"product_cat","embeddable":true,"href":"https:\/\/martehelgetun.no\/en\/wp-json\/wp\/v2\/product_cat?post=90032"},{"taxonomy":"product_tag","embeddable":true,"href":"https:\/\/martehelgetun.no\/en\/wp-json\/wp\/v2\/product_tag?post=90032"}],"curies":[{"name":"wp","href":"https:\/\/api.w.org\/{rel}","templated":true}]}}