{"id":89482,"date":"2025-05-23T18:36:32","date_gmt":"2025-05-23T16:36:32","guid":{"rendered":"https:\/\/martehelgetun.no\/?post_type=product&#038;p=89482"},"modified":"2025-06-10T13:07:04","modified_gmt":"2025-06-10T11:07:04","slug":"tullemors-midtsommertights","status":"publish","type":"product","link":"https:\/\/martehelgetun.no\/en\/produkt\/tullemors-midtsommertights\/","title":{"rendered":"Tullemors Midtsommertights"},"content":{"rendered":"<p><b>St\u00f8rrelser og m\u00e5l<span class=\"Apple-converted-space\"><br \/>\n<\/span><\/b>St\u00f8rrelser: 1 (2) 4 (6) \u00e5r<br \/>\nLivvidde: 43 (46) 50 (53) cm<br \/>\nBeinlengde: 18 (21) 24 (27) cm, til midt p\u00e5 leggen.<br \/>\nHel lengde: 36 (40) 44 (48) cm<\/p>\n<p>&nbsp;<\/p>\n<p><b>Garn og garnforbruk<span class=\"Apple-converted-space\"><br \/>\n<\/span><\/b><b><\/b>Luftig by Marte Helgetun<br \/>\n1 (2) 2 (2) n\u00f8ste Luftig nr. 01 Kitt<span class=\"Apple-converted-space\">\u00a0<\/span><\/p>\n<p>&nbsp;<\/p>\n<p><b>Pinner og strikkefasthet<br \/>\n<\/b><b><\/b>Rundpinner 40 cm lange nr. 3 og 3,5,<br \/>\nstr\u00f8mpepinner 3,5, en heklen\u00e5l nr. 3<br \/>\n24 masker glattstrikk p\u00e5 pinne nr. 3,5 = 10 cm<\/p>\n","protected":false},"excerpt":{"rendered":"<p class=\"p2\">En trekvartlang tights som strikkes ovenfra og ned, og avsluttes med en s\u00f8t liten heklekant. Den sitter tett og elastisk som en str\u00f8mpebukse, og er b\u00e5de praktisk og\u00a0allsidig \u2013 perfekt under kjoler, skj\u00f8rt eller tunikaer.<\/p>\n<p>Denne oppskriften finnes ogs\u00e5 i <a href=\"https:\/\/martehelgetun.no\/produkt\/hefte-midtsommerbarna\/\">Heftet Midsommerbarna<\/a><\/p>\n<p>&nbsp;<\/p>\n<p><strong>Norsk og Engelsk oppskrift.<\/strong> Du f\u00e5r tilgang til alle spr\u00e5k som pdf fil ved kj\u00f8p.<\/p>\n","protected":false},"featured_media":89386,"template":"","meta":{"_acf_changed":false,"_relevanssi_hide_post":"","_relevanssi_hide_content":"","_relevanssi_pin_for_all":"","_relevanssi_pin_keywords":"","_relevanssi_unpin_keywords":"","_relevanssi_related_keywords":"","_relevanssi_related_include_ids":"","_relevanssi_related_exclude_ids":"","_relevanssi_related_no_append":"","_relevanssi_related_not_related":"","_relevanssi_related_posts":"","_relevanssi_noindex_reason":""},"product_cat":[60,246,734,202],"product_tag":[128,43,134,519,518,136,460,450,520],"class_list":{"0":"post-89482","1":"product","2":"type-product","3":"status-publish","4":"has-post-thumbnail","6":"product_cat-strikkeoppskrifter","7":"product_cat-tullemor-lillebror","8":"product_cat-sommerstrikk","9":"product_cat-bukser","10":"product_tag-design-by-marte-helgetun","11":"product_tag-line","12":"product_tag-marte-helgetun","13":"product_tag-midtsommervest-barn","14":"product_tag-midtsommervest-mini","15":"product_tag-strikkeoppskrift","16":"product_tag-tullemor-og-lillebror","17":"product_tag-vest-barn","18":"product_tag-vest-i-line-barn","20":"first","21":"instock","22":"downloadable","23":"taxable","24":"shipping-taxable","25":"purchasable","26":"product-type-mht_bundle"},"acf":[],"_links":{"self":[{"href":"https:\/\/martehelgetun.no\/en\/wp-json\/wp\/v2\/product\/89482","targetHints":{"allow":["GET"]}}],"collection":[{"href":"https:\/\/martehelgetun.no\/en\/wp-json\/wp\/v2\/product"}],"about":[{"href":"https:\/\/martehelgetun.no\/en\/wp-json\/wp\/v2\/types\/product"}],"wp:featuredmedia":[{"embeddable":true,"href":"https:\/\/martehelgetun.no\/en\/wp-json\/wp\/v2\/media\/89386"}],"wp:attachment":[{"href":"https:\/\/martehelgetun.no\/en\/wp-json\/wp\/v2\/media?parent=89482"}],"wp:term":[{"taxonomy":"product_cat","embeddable":true,"href":"https:\/\/martehelgetun.no\/en\/wp-json\/wp\/v2\/product_cat?post=89482"},{"taxonomy":"product_tag","embeddable":true,"href":"https:\/\/martehelgetun.no\/en\/wp-json\/wp\/v2\/product_tag?post=89482"}],"curies":[{"name":"wp","href":"https:\/\/api.w.org\/{rel}","templated":true}]}}