{"id":89477,"date":"2025-05-23T18:26:42","date_gmt":"2025-05-23T16:26:42","guid":{"rendered":"https:\/\/martehelgetun.no\/?post_type=product&#038;p=89477"},"modified":"2026-04-22T13:26:50","modified_gmt":"2026-04-22T11:26:50","slug":"tullemors-midtsommerjakke","status":"publish","type":"product","link":"https:\/\/martehelgetun.no\/en\/product\/tullemors-midtsommerjakke\/","title":{"rendered":"Tullemors Midtsommerjakke"},"content":{"rendered":"<p>S<b>T\u00d8RRELSER OG M\u00c5L<br \/>\n<\/b>St\u00f8rrelser: 1 (2) 4 (6) \u00e5r<br \/>\nOvervidde: 54 (59) 65 (70) cm<br \/>\nHel lengde: 21 (23) 25 (27) cm<br \/>\nErmelengde: 20 (23) 26 (29)<span class=\"Apple-converted-space\">\u00a0 <\/span>cm<\/p>\n<p>&nbsp;<\/p>\n<p><b>GARN OG GARNFORBRUK<br \/>\n<\/b>Luftig by Marte Helgetun<br \/>\n1 (2) 2 (2) n\u00f8ster nr. 01 Kitt<\/p>\n<p>&nbsp;<\/p>\n<p><b>KNAPPER<br \/>\n<\/b>3 sm\u00e5 kokosknapper ca 15 mm i diameter<\/p>\n<p>&nbsp;<\/p>\n<p><b>PINNER OG STRIKKEFASTHET<br \/>\n<\/b>Rundpinne 60 cm nr. 4 Settpinner nr. 4<span class=\"Apple-converted-space\"><br \/>\n<\/span>22 masker glattstrikk p\u00e5 pinne nr. 4 = 10 cm<\/p>\n","protected":false},"excerpt":{"rendered":"<p>En liten, s\u00f8t jakke strikket i Luftig \u2013 lett, myk og elastisk. Jakken f\u00e5r et delikat uttrykk og sitter behagelig p\u00e5, perfekt for sm\u00e5 sommerbarn.<\/p>\n<p>Denne oppskriften finnes ogs\u00e5 i <a href=\"https:\/\/martehelgetun.no\/produkt\/hefte-midtsommerbarna\/\">Heftet Midsommerbarna<\/a><\/p>\n<p>&nbsp;<\/p>\n<p><strong>Norsk og Engelsk oppskrift.<\/strong> Du f\u00e5r tilgang til alle spr\u00e5k som pdf fil ved kj\u00f8p.<\/p>\n<hr \/>\n<p data-start=\"0\" data-end=\"173\">A small, sweet cardigan knitted in Luftig \u2013 light, soft, and elastic. The cardigan has a delicate look and a comfortable fit, making it perfect for little summer children.<br \/>\nThis pattern is also included in the booklet <em data-start=\"220\" data-end=\"240\">Midsummer Children<\/em>.<\/p>\n<p data-start=\"245\" data-end=\"353\" data-is-last-node=\"\" data-is-only-node=\"\"><strong>Norwegian and English pattern included.<\/strong> You will receive access to all languages as PDF files upon purchase.<\/p>\n","protected":false},"featured_media":89388,"template":"","meta":{"_acf_changed":false,"_relevanssi_hide_post":"","_relevanssi_hide_content":"","_relevanssi_pin_for_all":"","_relevanssi_pin_keywords":"","_relevanssi_unpin_keywords":"","_relevanssi_related_keywords":"","_relevanssi_related_include_ids":"","_relevanssi_related_exclude_ids":"","_relevanssi_related_no_append":"","_relevanssi_related_not_related":"","_relevanssi_related_posts":"","_relevanssi_noindex_reason":""},"product_brand":[],"product_cat":[208,734,60,246],"product_tag":[128,43,134,519,518,136,460,450,520],"class_list":{"0":"post-89477","1":"product","2":"type-product","3":"status-publish","4":"has-post-thumbnail","6":"product_cat-jakke","7":"product_cat-sommerstrikk","8":"product_cat-strikkeoppskrifter","9":"product_cat-tullemor-lillebror","10":"product_tag-design-by-marte-helgetun","11":"product_tag-line","12":"product_tag-marte-helgetun","13":"product_tag-midtsommervest-barn","14":"product_tag-midtsommervest-mini","15":"product_tag-strikkeoppskrift","16":"product_tag-tullemor-og-lillebror","17":"product_tag-vest-barn","18":"product_tag-vest-i-line-barn","20":"first","21":"instock","22":"downloadable","23":"taxable","24":"shipping-taxable","25":"purchasable","26":"product-type-mht_bundle"},"acf":[],"_links":{"self":[{"href":"https:\/\/martehelgetun.no\/en\/wp-json\/wp\/v2\/product\/89477","targetHints":{"allow":["GET"]}}],"collection":[{"href":"https:\/\/martehelgetun.no\/en\/wp-json\/wp\/v2\/product"}],"about":[{"href":"https:\/\/martehelgetun.no\/en\/wp-json\/wp\/v2\/types\/product"}],"wp:featuredmedia":[{"embeddable":true,"href":"https:\/\/martehelgetun.no\/en\/wp-json\/wp\/v2\/media\/89388"}],"wp:attachment":[{"href":"https:\/\/martehelgetun.no\/en\/wp-json\/wp\/v2\/media?parent=89477"}],"wp:term":[{"taxonomy":"product_brand","embeddable":true,"href":"https:\/\/martehelgetun.no\/en\/wp-json\/wp\/v2\/product_brand?post=89477"},{"taxonomy":"product_cat","embeddable":true,"href":"https:\/\/martehelgetun.no\/en\/wp-json\/wp\/v2\/product_cat?post=89477"},{"taxonomy":"product_tag","embeddable":true,"href":"https:\/\/martehelgetun.no\/en\/wp-json\/wp\/v2\/product_tag?post=89477"}],"curies":[{"name":"wp","href":"https:\/\/api.w.org\/{rel}","templated":true}]}}