{"id":89473,"date":"2025-05-23T17:58:50","date_gmt":"2025-05-23T15:58:50","guid":{"rendered":"https:\/\/martehelgetun.no\/?post_type=product&#038;p=89473"},"modified":"2025-06-05T11:39:03","modified_gmt":"2025-06-05T09:39:03","slug":"midtsommer-leggvarmere","status":"publish","type":"product","link":"https:\/\/martehelgetun.no\/en\/produkt\/midtsommer-leggvarmere\/","title":{"rendered":"Midtsommer Leggvarmere"},"content":{"rendered":"<p><b>St\u00f8rrelser og m\u00e5l<span class=\"Apple-converted-space\"><br \/>\n<\/span><\/b>St\u00f8rrelser: 1 (2) 4 (6) \u00e5r<br \/>\nLengde: 14 (16) 18 (20) cm<\/p>\n<p>&nbsp;<\/p>\n<p><b>Garn og garnforbruk<br \/>\n<\/b><b><\/b>Luftig by Marte Helgetun<br \/>\n1 n\u00f8ste Luftig nr. 01 Kitt<\/p>\n<p>&nbsp;<\/p>\n<p><b>Pinner og strikkefasthet<br \/>\n<\/b><b><\/b>Str\u00f8mpepinner nr. 3,5, heklen\u00e5l nr. 3<br \/>\n24 masker glattstrikk p\u00e5 pinner nr. 3,5 = 10 cm<\/p>\n","protected":false},"excerpt":{"rendered":"<p>Mykere leggvarmere skal du lete lenge etter. De er ikke bare deilige \u00e5 ha p\u00e5 \u2013 de gj\u00f8r ogs\u00e5 antrekket komplett n\u00e5r de s\u00e5 vidt titter opp over st\u00f8vlekanten.<\/p>\n<p>Denne oppskriften finnes ogs\u00e5 i <a href=\"https:\/\/martehelgetun.no\/produkt\/hefte-midtsommerbarna\/\">Heftet Midsommerbarna<\/a><\/p>\n<p>&nbsp;<\/p>\n<p><strong>Norsk og Engelsk oppskrift.<\/strong> Du f\u00e5r tilgang til alle spr\u00e5k som pdf fil ved kj\u00f8p.<\/p>\n","protected":false},"featured_media":89396,"template":"","meta":{"_acf_changed":false,"_relevanssi_hide_post":"","_relevanssi_hide_content":"","_relevanssi_pin_for_all":"","_relevanssi_pin_keywords":"","_relevanssi_unpin_keywords":"","_relevanssi_related_keywords":"","_relevanssi_related_include_ids":"","_relevanssi_related_exclude_ids":"","_relevanssi_related_no_append":"","_relevanssi_related_not_related":"","_relevanssi_related_posts":"","_relevanssi_noindex_reason":""},"product_cat":[60,246,734],"product_tag":[128,43,134,136,460],"class_list":{"0":"post-89473","1":"product","2":"type-product","3":"status-publish","4":"has-post-thumbnail","6":"product_cat-strikkeoppskrifter","7":"product_cat-tullemor-lillebror","8":"product_cat-sommerstrikk","9":"product_tag-design-by-marte-helgetun","10":"product_tag-line","11":"product_tag-marte-helgetun","12":"product_tag-strikkeoppskrift","13":"product_tag-tullemor-og-lillebror","15":"first","16":"instock","17":"downloadable","18":"taxable","19":"shipping-taxable","20":"purchasable","21":"product-type-mht_bundle"},"acf":[],"_links":{"self":[{"href":"https:\/\/martehelgetun.no\/en\/wp-json\/wp\/v2\/product\/89473","targetHints":{"allow":["GET"]}}],"collection":[{"href":"https:\/\/martehelgetun.no\/en\/wp-json\/wp\/v2\/product"}],"about":[{"href":"https:\/\/martehelgetun.no\/en\/wp-json\/wp\/v2\/types\/product"}],"wp:featuredmedia":[{"embeddable":true,"href":"https:\/\/martehelgetun.no\/en\/wp-json\/wp\/v2\/media\/89396"}],"wp:attachment":[{"href":"https:\/\/martehelgetun.no\/en\/wp-json\/wp\/v2\/media?parent=89473"}],"wp:term":[{"taxonomy":"product_cat","embeddable":true,"href":"https:\/\/martehelgetun.no\/en\/wp-json\/wp\/v2\/product_cat?post=89473"},{"taxonomy":"product_tag","embeddable":true,"href":"https:\/\/martehelgetun.no\/en\/wp-json\/wp\/v2\/product_tag?post=89473"}],"curies":[{"name":"wp","href":"https:\/\/api.w.org\/{rel}","templated":true}]}}