{"id":89467,"date":"2025-05-23T17:32:08","date_gmt":"2025-05-23T15:32:08","guid":{"rendered":"https:\/\/martehelgetun.no\/?post_type=product&#038;p=89467"},"modified":"2025-06-10T13:33:18","modified_gmt":"2025-06-10T11:33:18","slug":"midtsommerskjort-mini-bestemor","status":"publish","type":"product","link":"https:\/\/martehelgetun.no\/en\/produkt\/midtsommerskjort-mini-bestemor\/","title":{"rendered":"Midtsommerskj\u00f8rt &#8211; Mamma og mini"},"content":{"rendered":"<p><b>Pinne og strikkefasthet <\/b><br \/>\nEn rundpinne<span class=\"Apple-converted-space\">\u00a0 <\/span>60 cm 3,5 mm og 40 cm 3 mm<br \/>\nEller den pinnen du m\u00e5 ha for \u00e5 f\u00e5 24 masker strukturstrikk til \u00e5 bli ca 10 cm i bredden.<\/p>\n<p>&nbsp;<\/p>\n<p><b>Tilbeh\u00f8r<br \/>\n<\/b><b><\/b>Ca 2 cm bred strikk til livet, 50-100 cm lang.<br \/>\n(knappehullstrikk passer fint)<\/p>\n<p>&nbsp;<\/p>\n<p><b>St\u00f8rrelser og garnforbruk<br \/>\n<\/b>Garn Line fra Sandnes Garn<\/p>\n<p><b>Barnehagebarn <\/b><b>1 \u00e5r (2 \u00e5r) 4 \u00e5r (6 \u00e5r)<\/b><br \/>\n2 (2) 2 (3) n\u00f8ster nr. 9541 gr\u00f8nn te<br \/>\nlengde: 18 (19) 21 (24)<br \/>\npasser til stussvidde 59 (62) 65 (68)<\/p>\n<p><b>Skolebarn <\/b><b>6 \u00e5r (8 \u00e5r) 10 \u00e5r (12 \u00e5r)<\/b><br \/>\n3 (4) 4 (5) n\u00f8ster nr. 9541 gr\u00f8nn te<br \/>\nlengde: 24 (27) 30 (33)<br \/>\npasser til stussvidde 68 (71) 76 (82)<\/p>\n<p><b>Dame <\/b><b>XS (S) M (L) XL<br \/>\n<\/b><b><\/b>6 (7) 8 (9) 10 n\u00f8ster nr. 9541 gr\u00f8nn te<br \/>\nlengde: 37 (39) 43 (46) 49<br \/>\npasser til hoftevidde 90 (95) 100 (105) 115<\/p>\n","protected":false},"excerpt":{"rendered":"<p class=\"p1\">Dette skj\u00f8rtet strikkes p\u00e5 tvers og sys sammen bak. Til slutt strikker du en linning i livet og trer inn en strikk\u00a0\u2013 slik f\u00e5r skj\u00f8rtet en perfekt passform. Den tverrg\u00e5ende strukturen gir god elastisitet og fremhever m\u00f8nsteret\u00a0p\u00e5 en flatterende m\u00e5te.<\/p>\n<p>Denne oppskriften finnes ogs\u00e5 i <a href=\"https:\/\/martehelgetun.no\/produkt\/hefte-midtsommerbarna\/\">Heftet Midsommerbarna<\/a><\/p>\n<p>&nbsp;<\/p>\n<p><strong>Norsk og Engelsk oppskrift.<\/strong> Du f\u00e5r tilgang til alle spr\u00e5k som pdf fil ved kj\u00f8p.<\/p>\n","protected":false},"featured_media":89444,"template":"","meta":{"_acf_changed":false,"_relevanssi_hide_post":"","_relevanssi_hide_content":"","_relevanssi_pin_for_all":"","_relevanssi_pin_keywords":"","_relevanssi_unpin_keywords":"","_relevanssi_related_keywords":"","_relevanssi_related_include_ids":"","_relevanssi_related_exclude_ids":"","_relevanssi_related_no_append":"","_relevanssi_related_not_related":"","_relevanssi_related_posts":"","_relevanssi_noindex_reason":""},"product_cat":[60,246,734,201],"product_tag":[128,43,134,519,518,136,460,450,520],"class_list":{"0":"post-89467","1":"product","2":"type-product","3":"status-publish","4":"has-post-thumbnail","6":"product_cat-strikkeoppskrifter","7":"product_cat-tullemor-lillebror","8":"product_cat-sommerstrikk","9":"product_cat-kjoler-og-skjort","10":"product_tag-design-by-marte-helgetun","11":"product_tag-line","12":"product_tag-marte-helgetun","13":"product_tag-midtsommervest-barn","14":"product_tag-midtsommervest-mini","15":"product_tag-strikkeoppskrift","16":"product_tag-tullemor-og-lillebror","17":"product_tag-vest-barn","18":"product_tag-vest-i-line-barn","20":"first","21":"instock","22":"downloadable","23":"taxable","24":"shipping-taxable","25":"purchasable","26":"product-type-mht_bundle"},"acf":[],"_links":{"self":[{"href":"https:\/\/martehelgetun.no\/en\/wp-json\/wp\/v2\/product\/89467","targetHints":{"allow":["GET"]}}],"collection":[{"href":"https:\/\/martehelgetun.no\/en\/wp-json\/wp\/v2\/product"}],"about":[{"href":"https:\/\/martehelgetun.no\/en\/wp-json\/wp\/v2\/types\/product"}],"wp:featuredmedia":[{"embeddable":true,"href":"https:\/\/martehelgetun.no\/en\/wp-json\/wp\/v2\/media\/89444"}],"wp:attachment":[{"href":"https:\/\/martehelgetun.no\/en\/wp-json\/wp\/v2\/media?parent=89467"}],"wp:term":[{"taxonomy":"product_cat","embeddable":true,"href":"https:\/\/martehelgetun.no\/en\/wp-json\/wp\/v2\/product_cat?post=89467"},{"taxonomy":"product_tag","embeddable":true,"href":"https:\/\/martehelgetun.no\/en\/wp-json\/wp\/v2\/product_tag?post=89467"}],"curies":[{"name":"wp","href":"https:\/\/api.w.org\/{rel}","templated":true}]}}