{"id":89287,"date":"2025-05-21T15:07:44","date_gmt":"2025-05-21T13:07:44","guid":{"rendered":"https:\/\/martehelgetun.no\/?post_type=product&#038;p=89287"},"modified":"2025-07-31T22:18:41","modified_gmt":"2025-07-31T20:18:41","slug":"havet-t-skjorte","status":"publish","type":"product","link":"https:\/\/martehelgetun.no\/en\/produkt\/havet-t-skjorte\/","title":{"rendered":"Havet &#8211; T-skjorte"},"content":{"rendered":"<p class=\"p1\"><b>ST\u00d8RRELSER OG M\u00c5L<br \/>\n<\/b>St\u00f8rrelser: (XS) S (M) L (XL) XXL<br \/>\nOvervidde: (92) 101 (110) 114 (123) 132 cm<br \/>\nHel lengde: ca (52) 54 (56) 58 (60) 62 cm<br \/>\nErme: ca (8) 9 (10) 11 (12) 13 cm<\/p>\n<p>&nbsp;<\/p>\n<p class=\"p1\"><b>GARN OG GARNFORBRUK<br \/>\n<\/b>Line, Sandnes Garn + Lett by Marte Helgetun<br \/>\n(3) 3 (4) 4 (5) 6 n\u00f8ster Line nr. 1015 Kitt<br \/>\n(2) 2 (2) 2 (3) 3 n\u00f8ster Lett nr. 01 Kitt<br \/>\n(3) 3 (4) 4 (5) 6 n\u00f8ster Line nr. 2331 Lys Lin<br \/>\n(2) 2 (2) 2 (3) 3 n\u00f8ster Lett nr. 17 Sand<\/p>\n<p>&nbsp;<\/p>\n<p class=\"p1\"><b>PINNER OG STRIKKEFASTHET<br \/>\n<\/b>Rundpinne 40 og 80 cm lang nr. 4,5 og 3,5<br \/>\n20 masker glattstrikk med en tr\u00e5d av hver kvalitet p\u00e5 pinne nr. 4,5 = 10 cm<\/p>\n","protected":false},"excerpt":{"rendered":"<p>Denne t-skjorten har jeg strikket med \u00e9n tr\u00e5d Line og \u00e9n tr\u00e5d Lett \u2013 en perfekt kombinasjon som gir et lett og akkurat passe varmt plagg. T-skjorten strikkes ovenfra og ned med \u00e9n tr\u00e5d av hver kvalitet, og formes med b\u00e5de skulder\u00f8kninger og rund\u00f8kninger.<\/p>\n<p>Og det beste? N\u00e5r siste maske er strikket, er du helt ferdig \u2013 ingen montering!<\/p>\n<p>&nbsp;<\/p>\n<p>&nbsp;<\/p>\n<p><strong>Norsk og Engelsk oppskrift.<\/strong> Du f\u00e5r tilgang til alle spr\u00e5k som pdf fil ved kj\u00f8p.<\/p>\n","protected":false},"featured_media":89305,"template":"","meta":{"_acf_changed":false,"_relevanssi_hide_post":"","_relevanssi_hide_content":"","_relevanssi_pin_for_all":"","_relevanssi_pin_keywords":"","_relevanssi_unpin_keywords":"","_relevanssi_related_keywords":"","_relevanssi_related_include_ids":"","_relevanssi_related_exclude_ids":"","_relevanssi_related_no_append":"","_relevanssi_related_not_related":"","_relevanssi_related_posts":"","_relevanssi_noindex_reason":""},"product_cat":[60,734,279],"product_tag":[128,822,37,43,134,136,551,293],"acf":[],"_links":{"self":[{"href":"https:\/\/martehelgetun.no\/en\/wp-json\/wp\/v2\/product\/89287"}],"collection":[{"href":"https:\/\/martehelgetun.no\/en\/wp-json\/wp\/v2\/product"}],"about":[{"href":"https:\/\/martehelgetun.no\/en\/wp-json\/wp\/v2\/types\/product"}],"wp:featuredmedia":[{"embeddable":true,"href":"https:\/\/martehelgetun.no\/en\/wp-json\/wp\/v2\/media\/89305"}],"wp:attachment":[{"href":"https:\/\/martehelgetun.no\/en\/wp-json\/wp\/v2\/media?parent=89287"}],"wp:term":[{"taxonomy":"product_cat","embeddable":true,"href":"https:\/\/martehelgetun.no\/en\/wp-json\/wp\/v2\/product_cat?post=89287"},{"taxonomy":"product_tag","embeddable":true,"href":"https:\/\/martehelgetun.no\/en\/wp-json\/wp\/v2\/product_tag?post=89287"}],"curies":[{"name":"wp","href":"https:\/\/api.w.org\/{rel}","templated":true}]}}