{"id":89177,"date":"2025-05-15T13:20:55","date_gmt":"2025-05-15T11:20:55","guid":{"rendered":"https:\/\/martehelgetun.no\/?post_type=product&#038;p=89177"},"modified":"2025-10-04T18:48:49","modified_gmt":"2025-10-04T16:48:49","slug":"vinterland-klem","status":"publish","type":"product","link":"https:\/\/martehelgetun.no\/en\/product\/vinterland-klem\/","title":{"rendered":"Vinterland Klem"},"content":{"rendered":"<div class=\"page\" title=\"Page 4\">\n<div class=\"section\">\n<div class=\"layoutArea\">\n<div class=\"column\">\n<p><b>St\u00f8rrelser og m\u00e5l<br \/>\n<\/b>St\u00f8rrelser: En st\u00f8rrelse<br \/>\nBredde: 11 cm<br \/>\nLengde: 140 cm<\/p>\n<p>&nbsp;<\/p>\n<p><b>Garn og garnforbruk<br \/>\n<\/b>Luftig + Lett by Marte Helgetun<br \/>\n2 n\u00f8ste Luftig nr. 01 Kitt<br \/>\n2 n\u00f8ste Lett nr. 01 Kitt<br \/>\nSkjerfet strikkes med 1 tr\u00e5d Lett og 1 tr\u00e5d Luftig sammen.<\/p>\n<p>&nbsp;<\/p>\n<p><b>Pinner og strikkefasthet<br \/>\n<\/b>Valgfri rundpinne nr. 5,5<br \/>\nca. 22 masker strukturstrikk med en tr\u00e5d av hver kvalitet p\u00e5 pinne nr. 5,5 = 10 cm.<\/p>\n<\/div>\n<\/div>\n<\/div>\n<\/div>\n","protected":false},"excerpt":{"rendered":"<div class=\"page\" title=\"Page 4\">\n<div class=\"section\">\n<div class=\"layoutArea\">\n<div class=\"column\">\n<p>Jeg hadde s\u00e5 lyst til \u00e5 strikke meg enda en klem \u2013 og slik ble det. Denne nye Vinterland-<br \/>\nvarianten har det vakre hullm\u00f8nsteret med seg videre, og er strikket i \u00e9n tr\u00e5d Luftig og \u00e9n tr\u00e5d Lett \u2013 en nydelig kombinasjon som gir et lett og luftig plagg med akkurat passe varme.<\/p>\n<p>Klemmen kan brukes p\u00e5 to m\u00e5ter: som en lett genser som hviler l\u00f8st over skuldrene, eller snudd og knytt foran \u2013 perfekt som en lun hals under jakken p\u00e5 kalde dager.<\/p>\n<p>&nbsp;<\/p>\n<p>&nbsp;<\/p>\n<p><strong>Norsk og Engelsk oppskrift.<\/strong> Du f\u00e5r tilgang til alle spr\u00e5k som pdf fil ved kj\u00f8p.<\/p>\n<\/div>\n<\/div>\n<\/div>\n<\/div>\n","protected":false},"featured_media":89191,"template":"","meta":{"_acf_changed":false,"_relevanssi_hide_post":"","_relevanssi_hide_content":"","_relevanssi_pin_for_all":"","_relevanssi_pin_keywords":"","_relevanssi_unpin_keywords":"","_relevanssi_related_keywords":"","_relevanssi_related_include_ids":"","_relevanssi_related_exclude_ids":"","_relevanssi_related_no_append":"","_relevanssi_related_not_related":"","_relevanssi_related_posts":"","_relevanssi_noindex_reason":""},"product_brand":[],"product_cat":[81,60],"product_tag":[128,821,37,36,134,188,136,792],"class_list":{"0":"post-89177","1":"product","2":"type-product","3":"status-publish","4":"has-post-thumbnail","6":"product_cat-skjerf-sjal-hals","7":"product_cat-strikkeoppskrifter","8":"product_tag-design-by-marte-helgetun","9":"product_tag-klem","10":"product_tag-lett","11":"product_tag-luftig","12":"product_tag-marte-helgetun","13":"product_tag-skuldervarmer","14":"product_tag-strikkeoppskrift","15":"product_tag-vinterland","17":"first","18":"instock","19":"downloadable","20":"taxable","21":"shipping-taxable","22":"purchasable","23":"product-type-mht_bundle"},"acf":[],"_links":{"self":[{"href":"https:\/\/martehelgetun.no\/en\/wp-json\/wp\/v2\/product\/89177","targetHints":{"allow":["GET"]}}],"collection":[{"href":"https:\/\/martehelgetun.no\/en\/wp-json\/wp\/v2\/product"}],"about":[{"href":"https:\/\/martehelgetun.no\/en\/wp-json\/wp\/v2\/types\/product"}],"wp:featuredmedia":[{"embeddable":true,"href":"https:\/\/martehelgetun.no\/en\/wp-json\/wp\/v2\/media\/89191"}],"wp:attachment":[{"href":"https:\/\/martehelgetun.no\/en\/wp-json\/wp\/v2\/media?parent=89177"}],"wp:term":[{"taxonomy":"product_brand","embeddable":true,"href":"https:\/\/martehelgetun.no\/en\/wp-json\/wp\/v2\/product_brand?post=89177"},{"taxonomy":"product_cat","embeddable":true,"href":"https:\/\/martehelgetun.no\/en\/wp-json\/wp\/v2\/product_cat?post=89177"},{"taxonomy":"product_tag","embeddable":true,"href":"https:\/\/martehelgetun.no\/en\/wp-json\/wp\/v2\/product_tag?post=89177"}],"curies":[{"name":"wp","href":"https:\/\/api.w.org\/{rel}","templated":true}]}}