{"id":89102,"date":"2025-05-14T13:58:04","date_gmt":"2025-05-14T11:58:04","guid":{"rendered":"https:\/\/martehelgetun.no\/?post_type=product&#038;p=89102"},"modified":"2026-04-22T12:38:45","modified_gmt":"2026-04-22T10:38:45","slug":"wooloop","status":"publish","type":"product","link":"https:\/\/martehelgetun.no\/en\/product\/wooloop\/","title":{"rendered":"wooloop"},"content":{"rendered":"<p><strong>ST\u00d8RRELSER OG M\u00c5L<\/strong><br \/>\nSt\u00f8rrelser: XS\/S (M\/L) XL\/XXL<br \/>\nBredde: ca 42 (49) 56 cm<br \/>\nLengde: ca 212 (236) 260 cm m\u00e5lt med ermer<br \/>\nErmelengde: 36 (38) 40 cm<\/p>\n<p>&nbsp;<\/p>\n<p><strong>GARN OG GARNFORBRUK<br \/>\n<\/strong>Luftig + Lett x 2 by Marte Helgetun<br \/>\n2 (3) 3 n\u00f8ster Luftig nr. 01 Kitt<br \/>\n2 (3) 3 n\u00f8ster Lett nr. 01 Kitt<br \/>\n2 (3) 3 n\u00f8ster Lett nr. 17 Sand<br \/>\nLoopen strikkes med 2 tr\u00e5der Lett og 1 tr\u00e5d Luftig sammen.<\/p>\n<p>&nbsp;<\/p>\n<p><strong>PINNER OG STRIKKEFASTHET<br \/>\n<\/strong>80 cm rundpinne nr. 7 og 40 cm rundpinne nr. 5,5<br \/>\nca. 14 masker perlestrikk med 3 tr\u00e5der sammen p\u00e5 pinne nr. 7 = 10 cm.<\/p>\n","protected":false},"excerpt":{"rendered":"<p class=\"p1\">Ikke helt et skjerf. Ikke helt en genser. Wooloop er noe helt for seg selv.<br \/>\nStrikket med \u00e9n tr\u00e5d Luftig og to tr\u00e5der Lett, f\u00f8les den som en varm omfavnelse av ren luksus. Her smelter skjerfets enkelhet sammen med det praktiske med et plagg med ermer. Som en skjerfgenser.<\/p>\n<p class=\"p1\">Bruk Wooloopen p\u00e5 din m\u00e5te \u2013 la den henge l\u00f8st som et stort, deilig skjerf, eller sving den rundt\u00a0kroppen og kryss den foran eller bak, akkurat slik det passer deg. Fin p\u00e5 kontoret, perfekt over finkjolen eller en sommerkveld p\u00e5 terrassen.<\/p>\n<p>&nbsp;<\/p>\n<p>&nbsp;<\/p>\n<p><strong>Norsk og Engelsk oppskrift.<\/strong> Du f\u00e5r tilgang til alle spr\u00e5k som pdf fil ved kj\u00f8p.<\/p>\n<hr \/>\n<p data-start=\"0\" data-end=\"80\">Not quite a scarf. Not quite a sweater. Wooloop is something entirely its own.\u00a0Knitted with one strand of Luftig and two strands of Lett, it feels like a warm embrace of pure luxury. Here, the simplicity of a scarf meets the practicality of a garment with sleeves \u2013 a true scarf sweater. Wear the Wooloop your way \u2013 let it hang loosely like a large, cozy scarf, or wrap it around your body and cross it in the front or back, just the way you like. Beautiful at the office, perfect over an evening dress, or for a summer night on the terrace.<\/p>\n<p data-start=\"0\" data-end=\"80\">\n<p data-start=\"551\" data-end=\"659\" data-is-last-node=\"\" data-is-only-node=\"\"><strong>Norwegian and English pattern included.<\/strong> You will receive access to all languages as PDF files upon purchase.<\/p>\n","protected":false},"featured_media":89111,"template":"","meta":{"_acf_changed":false,"_relevanssi_hide_post":"","_relevanssi_hide_content":"","_relevanssi_pin_for_all":"","_relevanssi_pin_keywords":"","_relevanssi_unpin_keywords":"","_relevanssi_related_keywords":"","_relevanssi_related_include_ids":"","_relevanssi_related_exclude_ids":"","_relevanssi_related_no_append":"","_relevanssi_related_not_related":"","_relevanssi_related_posts":"","_relevanssi_noindex_reason":""},"product_brand":[],"product_cat":[81,60],"product_tag":[128,37,36,134,188,136],"class_list":{"0":"post-89102","1":"product","2":"type-product","3":"status-publish","4":"has-post-thumbnail","6":"product_cat-skjerf-sjal-hals","7":"product_cat-strikkeoppskrifter","8":"product_tag-design-by-marte-helgetun","9":"product_tag-lett","10":"product_tag-luftig","11":"product_tag-marte-helgetun","12":"product_tag-skuldervarmer","13":"product_tag-strikkeoppskrift","15":"first","16":"instock","17":"downloadable","18":"taxable","19":"shipping-taxable","20":"purchasable","21":"product-type-mht_bundle"},"acf":[],"_links":{"self":[{"href":"https:\/\/martehelgetun.no\/en\/wp-json\/wp\/v2\/product\/89102","targetHints":{"allow":["GET"]}}],"collection":[{"href":"https:\/\/martehelgetun.no\/en\/wp-json\/wp\/v2\/product"}],"about":[{"href":"https:\/\/martehelgetun.no\/en\/wp-json\/wp\/v2\/types\/product"}],"wp:featuredmedia":[{"embeddable":true,"href":"https:\/\/martehelgetun.no\/en\/wp-json\/wp\/v2\/media\/89111"}],"wp:attachment":[{"href":"https:\/\/martehelgetun.no\/en\/wp-json\/wp\/v2\/media?parent=89102"}],"wp:term":[{"taxonomy":"product_brand","embeddable":true,"href":"https:\/\/martehelgetun.no\/en\/wp-json\/wp\/v2\/product_brand?post=89102"},{"taxonomy":"product_cat","embeddable":true,"href":"https:\/\/martehelgetun.no\/en\/wp-json\/wp\/v2\/product_cat?post=89102"},{"taxonomy":"product_tag","embeddable":true,"href":"https:\/\/martehelgetun.no\/en\/wp-json\/wp\/v2\/product_tag?post=89102"}],"curies":[{"name":"wp","href":"https:\/\/api.w.org\/{rel}","templated":true}]}}