{"id":88982,"date":"2025-05-09T12:53:08","date_gmt":"2025-05-09T10:53:08","guid":{"rendered":"https:\/\/martehelgetun.no\/?post_type=product&#038;p=88982"},"modified":"2025-10-04T18:47:23","modified_gmt":"2025-10-04T16:47:23","slug":"varlett-jakke","status":"publish","type":"product","link":"https:\/\/martehelgetun.no\/en\/produkt\/varlett-jakke\/","title":{"rendered":"V\u00e5rlett jakke"},"content":{"rendered":"<p><strong>St\u00f8rrelser og m\u00e5l<br \/>\n<\/strong><b><\/b>St\u00f8rrelser: XS-S (M-L) XL-XXL<br \/>\nOvervidde: 110 (128) 146 cm<br \/>\nHel lengde: 50 (55) 60 m\u00e5lt midt bak<br \/>\nErmelengde: 38 (40) 42 cm<\/p>\n<p>&nbsp;<\/p>\n<p><strong>Garn og garnforbruk<\/strong><br \/>\n<b><\/b>3 x Lett by Marte Helgetun<br \/>\n11 (13) 15 n\u00f8ster nr. 01 Kitt<br \/>\nJakken strikkes med 3 tr\u00e5der Lett samtidig.<\/p>\n<p>&nbsp;<\/p>\n<p><strong>Tilbeh\u00f8r<\/strong><br \/>\n<b><\/b>4 kokosknapper 18 mm i diameter<\/p>\n<p>&nbsp;<\/p>\n<p><strong>Pinner og strikkefasthet<br \/>\n<\/strong>80 og 40 cm rundpinne nr. 4,5 og 3,5<br \/>\n18 masker glattstrikk med 3 tr\u00e5der Lett p\u00e5 pinne nr. 4,5 = 10 cm<\/p>\n","protected":false},"excerpt":{"rendered":"<p>Luftig, lett og perfekt for uforutsigbare v\u00e5rdager. Strikkes med tre tr\u00e5der Lett fra\u00a0toppen og ned, og passer like fint over sommerkjolen som ei enkel skjorte. Et varmt, men superlett lag for kj\u00f8lige \u00f8yeblikk.<\/p>\n<p>&nbsp;<\/p>\n<p>&nbsp;<\/p>\n<p><strong>Norsk og Engelsk oppskrift.<\/strong> Du f\u00e5r tilgang til alle spr\u00e5k som pdf fil ved kj\u00f8p.<\/p>\n","protected":false},"featured_media":89013,"template":"","meta":{"_acf_changed":false,"_relevanssi_hide_post":"","_relevanssi_hide_content":"","_relevanssi_pin_for_all":"","_relevanssi_pin_keywords":"","_relevanssi_unpin_keywords":"","_relevanssi_related_keywords":"","_relevanssi_related_include_ids":"","_relevanssi_related_exclude_ids":"","_relevanssi_related_no_append":"","_relevanssi_related_not_related":"","_relevanssi_related_posts":"","_relevanssi_noindex_reason":""},"product_cat":[60,734,208],"product_tag":[128,37,134,819,136,818],"class_list":{"0":"post-88982","1":"product","2":"type-product","3":"status-publish","4":"has-post-thumbnail","6":"product_cat-strikkeoppskrifter","7":"product_cat-sommerstrikk","8":"product_cat-jakke","9":"product_tag-design-by-marte-helgetun","10":"product_tag-lett","11":"product_tag-marte-helgetun","12":"product_tag-strikkejakke","13":"product_tag-strikkeoppskrift","14":"product_tag-varlett-jakke","16":"first","17":"instock","18":"downloadable","19":"taxable","20":"shipping-taxable","21":"purchasable","22":"product-type-mht_bundle"},"acf":[],"_links":{"self":[{"href":"https:\/\/martehelgetun.no\/en\/wp-json\/wp\/v2\/product\/88982","targetHints":{"allow":["GET"]}}],"collection":[{"href":"https:\/\/martehelgetun.no\/en\/wp-json\/wp\/v2\/product"}],"about":[{"href":"https:\/\/martehelgetun.no\/en\/wp-json\/wp\/v2\/types\/product"}],"wp:featuredmedia":[{"embeddable":true,"href":"https:\/\/martehelgetun.no\/en\/wp-json\/wp\/v2\/media\/89013"}],"wp:attachment":[{"href":"https:\/\/martehelgetun.no\/en\/wp-json\/wp\/v2\/media?parent=88982"}],"wp:term":[{"taxonomy":"product_cat","embeddable":true,"href":"https:\/\/martehelgetun.no\/en\/wp-json\/wp\/v2\/product_cat?post=88982"},{"taxonomy":"product_tag","embeddable":true,"href":"https:\/\/martehelgetun.no\/en\/wp-json\/wp\/v2\/product_tag?post=88982"}],"curies":[{"name":"wp","href":"https:\/\/api.w.org\/{rel}","templated":true}]}}