{"id":88905,"date":"2025-05-08T13:37:07","date_gmt":"2025-05-08T11:37:07","guid":{"rendered":"https:\/\/martehelgetun.no\/?post_type=product&#038;p=88905"},"modified":"2025-10-04T18:48:03","modified_gmt":"2025-10-04T16:48:03","slug":"skuldervarmer-flerfarget","status":"publish","type":"product","link":"https:\/\/martehelgetun.no\/en\/produkt\/skuldervarmer-flerfarget\/","title":{"rendered":"Skuldervarmer flerfarget"},"content":{"rendered":"<p><strong>ST\u00d8RRELSER OG M\u00c5L<\/strong><br \/>\nSt\u00f8rrelser: XS\/S (M\/L) XL\/XXL<br \/>\nBredde: ca 32 (37) 42 cm bred<br \/>\nLengde: ca 90 (105) 120 cm lang (og veldig elastisk) f\u00f8r du syr den sammen.<span class=\"Apple-converted-space\">\u00a0<\/span><\/p>\n<p>&nbsp;<\/p>\n<p><strong>GARN OG GARNFORBRUK<br \/>\n<\/strong><\/p>\n<p class=\"p1\">Luftig + Lett x 2 by Marte Helgetun<br \/>\n1 (2) 2 n\u00f8ster Luftig nr. 01 Kitt<br \/>\n1 (2) 2 n\u00f8ster Lett nr. 01 Kitt<br \/>\n1 (2) 2 n\u00f8ster Lett nr. 17 Sand<br \/>\nSkuldervarmeren strikkes med 2 tr\u00e5der Lett og 1 tr\u00e5d Luftig sammen.<br \/>\nDu kan ogs\u00e5 strikke den ensfarget, da trenger du 2 (3) 4 n\u00f8ster Lett i samme farge.<\/p>\n<p>&nbsp;<\/p>\n<p><strong>PINNER OG STRIKKEFASTHET<\/strong><br \/>\n80 cm rundpinne nr. 7<br \/>\nca. 12 masker patentstrikk med 3 tr\u00e5der sammen p\u00e5 pinne nr. 7 = 10 cm.<\/p>\n","protected":false},"excerpt":{"rendered":"<p>En enkel og elegant skuldervarmer som passer like godt over finkjolen som p\u00e5 kontoret. Jeg er s\u00e5 glad i slike sm\u00e5 lune plagg som kan brukes p\u00e5 flere m\u00e5ter. N\u00e5r jeg ikke trenger den over skuldrene henger den like fint som en hals under jakken. Eller du kan ta den to runder rundt halsen og trekke den over hodet som en hette. Denne oppskriften er den samme som skuldervarmeren i svart, (jeg m\u00e5tte lage to ulike pga fargevalget)<\/p>\n<p>&nbsp;<\/p>\n<p>&nbsp;<\/p>\n<p><strong>Norsk, Engelsk og Tysk oppskrift.<\/strong> Du f\u00e5r tilgang til alle spr\u00e5k som pdf fil ved kj\u00f8p.<\/p>\n","protected":false},"featured_media":88916,"template":"","meta":{"_acf_changed":false,"_relevanssi_hide_post":"","_relevanssi_hide_content":"","_relevanssi_pin_for_all":"","_relevanssi_pin_keywords":"","_relevanssi_unpin_keywords":"","_relevanssi_related_keywords":"","_relevanssi_related_include_ids":"","_relevanssi_related_exclude_ids":"","_relevanssi_related_no_append":"","_relevanssi_related_not_related":"","_relevanssi_related_posts":"","_relevanssi_noindex_reason":""},"product_cat":[60,735,81],"product_tag":[128,37,36,134,188,136],"acf":[],"_links":{"self":[{"href":"https:\/\/martehelgetun.no\/en\/wp-json\/wp\/v2\/product\/88905"}],"collection":[{"href":"https:\/\/martehelgetun.no\/en\/wp-json\/wp\/v2\/product"}],"about":[{"href":"https:\/\/martehelgetun.no\/en\/wp-json\/wp\/v2\/types\/product"}],"wp:featuredmedia":[{"embeddable":true,"href":"https:\/\/martehelgetun.no\/en\/wp-json\/wp\/v2\/media\/88916"}],"wp:attachment":[{"href":"https:\/\/martehelgetun.no\/en\/wp-json\/wp\/v2\/media?parent=88905"}],"wp:term":[{"taxonomy":"product_cat","embeddable":true,"href":"https:\/\/martehelgetun.no\/en\/wp-json\/wp\/v2\/product_cat?post=88905"},{"taxonomy":"product_tag","embeddable":true,"href":"https:\/\/martehelgetun.no\/en\/wp-json\/wp\/v2\/product_tag?post=88905"}],"curies":[{"name":"wp","href":"https:\/\/api.w.org\/{rel}","templated":true}]}}