{"id":88902,"date":"2025-05-08T13:05:58","date_gmt":"2025-05-08T11:05:58","guid":{"rendered":"https:\/\/martehelgetun.no\/?post_type=product&#038;p=88902"},"modified":"2025-10-30T14:47:41","modified_gmt":"2025-10-30T13:47:41","slug":"redesigned-project-45-walnut","status":"publish","type":"product","link":"https:\/\/martehelgetun.no\/en\/product\/redesigned-project-45-walnut\/","title":{"rendered":"Re:Designed Project 45 walnut"},"content":{"rendered":"<div class=\"et_pb_tab clearfix et_pb_active_content et-pb-active-slide\">\n<div class=\"et_pb_tab_content\">\n<div class=\"flex-shrink-0 flex flex-col relative items-end\">\n<div class=\"pt-0.5 juice:pt-0\">\n<div class=\"et_pb_tab clearfix et_pb_active_content et-pb-active-slide\">\n<div class=\"et_pb_tab_content\">\n<p class=\"\" data-start=\"0\" data-end=\"403\">Denne elegante legeveske-inspirerte bagen er laget av f\u00f8rsteklasses skinn og har et eget rom for rundpinner samt flere sm\u00e5 lommer til tilbeh\u00f8r. Med en avtagbar skulderrem er den enkel \u00e5 ta med seg, uansett hvor kreativiteten tar deg.<\/p>\n<ul data-start=\"405\" data-end=\"545\">\n<li class=\"\" data-start=\"405\" data-end=\"456\">\n<p class=\"\" data-start=\"407\" data-end=\"456\">H\u00e5ndlaget av h\u00e5ndverkere i f\u00f8rsteklasses skinn.<\/p>\n<\/li>\n<li class=\"\" data-start=\"457\" data-end=\"497\">\n<p class=\"\" data-start=\"459\" data-end=\"497\">Eget rom for rundpinner og tilbeh\u00f8r.<\/p>\n<\/li>\n<li class=\"\" data-start=\"498\" data-end=\"523\">\n<p class=\"\" data-start=\"500\" data-end=\"523\">Justerbar skulderrem.<\/p>\n<\/li>\n<li class=\"\" data-start=\"524\" data-end=\"545\">\n<p class=\"\" data-start=\"526\" data-end=\"545\">Romslig hovedrom.<\/p>\n<\/li>\n<\/ul>\n<p class=\"\" data-start=\"547\" data-end=\"866\">Hvert ReDesigned-produkt er laget av Urban-skinnkvalitet, som er naturlig farget kuskinn. Kvaliteten kjennetegnes av sin naturlige, myke overflate og f\u00f8lelse, der hvert produkt er unikt med individuelle egenskaper. Etter at skinnet er farget, p\u00e5f\u00f8res et lett vokslag som gir en glatt og myk finish med s\u00e6regne detaljer.<\/p>\n<p>M\u00e5l:<br \/>\nH\u00f8yde: 22 cm.<br \/>\nBredde: 35 cm.<\/p>\n<\/div>\n<\/div>\n<\/div>\n<\/div>\n<\/div>\n<\/div>\n","protected":false},"excerpt":{"rendered":"<p>Denne elegante legeveske-inspirerte bagen er laget av f\u00f8rsteklasses skinn og har et eget rom for rundpinner samt flere sm\u00e5 lommer til tilbeh\u00f8r. Med en avtagbar skulderrem er den enkel \u00e5 ta med seg, uansett hvor kreativiteten tar deg. H\u00e5ndlaget av h\u00e5ndverkere i f\u00f8rsteklasses skinn. Eget rom for rundpinner og tilbeh\u00f8r. Justerbar skulderrem. Romslig hovedrom. Hvert [&hellip;]<\/p>\n","protected":false},"featured_media":88903,"template":"","meta":{"_acf_changed":false,"_relevanssi_hide_post":"","_relevanssi_hide_content":"","_relevanssi_pin_for_all":"","_relevanssi_pin_keywords":"","_relevanssi_unpin_keywords":"","_relevanssi_related_keywords":"","_relevanssi_related_include_ids":"","_relevanssi_related_exclude_ids":"","_relevanssi_related_no_append":"","_relevanssi_related_not_related":"","_relevanssi_related_posts":"","_relevanssi_noindex_reason":""},"product_brand":[],"product_cat":[745,671],"product_tag":[],"class_list":{"0":"post-88902","1":"product","2":"type-product","3":"status-publish","4":"has-post-thumbnail","6":"product_cat-re-designed-project","7":"product_cat-oppbevaring","9":"first","10":"instock","11":"taxable","12":"shipping-taxable","13":"purchasable","14":"product-type-simple"},"acf":[],"_links":{"self":[{"href":"https:\/\/martehelgetun.no\/en\/wp-json\/wp\/v2\/product\/88902","targetHints":{"allow":["GET"]}}],"collection":[{"href":"https:\/\/martehelgetun.no\/en\/wp-json\/wp\/v2\/product"}],"about":[{"href":"https:\/\/martehelgetun.no\/en\/wp-json\/wp\/v2\/types\/product"}],"wp:featuredmedia":[{"embeddable":true,"href":"https:\/\/martehelgetun.no\/en\/wp-json\/wp\/v2\/media\/88903"}],"wp:attachment":[{"href":"https:\/\/martehelgetun.no\/en\/wp-json\/wp\/v2\/media?parent=88902"}],"wp:term":[{"taxonomy":"product_brand","embeddable":true,"href":"https:\/\/martehelgetun.no\/en\/wp-json\/wp\/v2\/product_brand?post=88902"},{"taxonomy":"product_cat","embeddable":true,"href":"https:\/\/martehelgetun.no\/en\/wp-json\/wp\/v2\/product_cat?post=88902"},{"taxonomy":"product_tag","embeddable":true,"href":"https:\/\/martehelgetun.no\/en\/wp-json\/wp\/v2\/product_tag?post=88902"}],"curies":[{"name":"wp","href":"https:\/\/api.w.org\/{rel}","templated":true}]}}