{"id":88827,"date":"2025-05-07T15:35:13","date_gmt":"2025-05-07T13:35:13","guid":{"rendered":"https:\/\/martehelgetun.no\/?post_type=product&#038;p=88827"},"modified":"2026-04-15T11:56:51","modified_gmt":"2026-04-15T09:56:51","slug":"redesigned-project-14-svart-xl-pinnemappe-kopi","status":"publish","type":"product","link":"https:\/\/martehelgetun.no\/en\/produkt\/redesigned-project-14-svart-xl-pinnemappe-kopi\/","title":{"rendered":"Re:Designed Project 14 Woodsmoke XL Pinnemappe"},"content":{"rendered":"<div class=\"et_pb_tab clearfix et_pb_active_content et-pb-active-slide\">\n<div class=\"et_pb_tab_content\">\n<div class=\"flex-shrink-0 flex flex-col relative items-end\">\n<div>\n<div class=\"pt-0.5 juice:pt-0\"><\/div>\n<\/div>\n<\/div>\n<div class=\"group\/conversation-turn relative flex w-full min-w-0 flex-col agent-turn\">\n<div class=\"flex-col gap-1 md:gap-3\">\n<div class=\"flex flex-grow flex-col max-w-full\">\n<div class=\"min-h-[20px] text-message flex flex-col items-start whitespace-pre-wrap break-words [.text-message+&amp;]:mt-5 juice:w-full juice:items-end overflow-x-auto gap-2\" dir=\"auto\" data-message-author-role=\"assistant\" data-message-id=\"fdecee14-0fd4-42cf-8f84-3c1869e97cc1\">\n<div class=\"flex w-full flex-col gap-1 juice:empty:hidden juice:first:pt-[3px]\">\n<div class=\"markdown prose w-full break-words dark:prose-invert light\">\n<p>PROSJEKT 14 er laget av en urban\u00a0kvalitet, som er naturlig farget kuskinn. F\u00f8r overflaten er ferdig, blir den behandlet med fargestoff for \u00e5 bevare det originale m\u00f8nsteret av r\u00e5 l\u00e6r. Kvaliteten er definert av dens naturlige og myke utseende og f\u00f8lelse, hvor hvert tilfelle er unikt med individuelle egenskaper. Etter at saken er farget, p\u00e5f\u00f8res en lett voks manuelt p\u00e5 overflaten. Du kan eventuelt bruke RE: DESIGNED skinnbalsam p\u00e5 saken din for \u00e5 forbedre holdbarheten til l\u00e6ret og gj\u00f8re det mer motstandsdyktig mot smuss og vann.<\/p>\n<p>Farge: Walnut\/Gold<br \/>\nKvalitet: 100% skinn<br \/>\nM\u00e5l: H: 22 x B: 18 -70 x D: 3 cm<\/p>\n<\/div>\n<\/div>\n<\/div>\n<\/div>\n<\/div>\n<\/div>\n<\/div>\n<\/div>\n","protected":false},"excerpt":{"rendered":"<div class=\"flex-shrink-0 flex flex-col relative items-end\">\n<div>\n<div class=\"pt-0.5 juice:pt-0\">\n<div class=\"gizmo-bot-avatar flex h-6 w-6 items-center justify-center overflow-hidden rounded-full juice:h-8 juice:w-8\">PROSJEKT 14 er en XL-pinnemappe for organisering av utskiftbare pinner, settpinner (15 cm) og rundpinner. Den har 6 lommer med trykknapp for \u00e5 holde pinnene dine p\u00e5 plass. Bak disse lommene er det \u00e5pne rom hvor du kan lagre strikkem\u00f8nstre eller lignende gjenstander. Et elastisk b\u00e5nd lar deg holde m\u00e5leb\u00e5ndet ditt p\u00e5 plass, og det er 6 hull i l\u00e6ret for \u00e5 f\u00e5 plass til 3 n\u00e5ler. Totalt 18 slanke lommer for utskiftbare pinner, heklen\u00e5l eller settpinner (15 cm).. Du har ogs\u00e5 to sm\u00e5 lommer med klaff og knappelukking der du kan lagre saksen og annet l\u00f8st strikkeutstyr. Hele pinnemappen brettes elegant sammen og festes med et blunk, noe som gj\u00f8r det enkelt \u00e5 ta med.<\/div>\n<\/div>\n<\/div>\n<\/div>\n","protected":false},"featured_media":88828,"template":"","meta":{"_acf_changed":false,"_relevanssi_hide_post":"","_relevanssi_hide_content":"","_relevanssi_pin_for_all":"","_relevanssi_pin_keywords":"","_relevanssi_unpin_keywords":"","_relevanssi_related_keywords":"","_relevanssi_related_include_ids":"","_relevanssi_related_exclude_ids":"","_relevanssi_related_no_append":"","_relevanssi_related_not_related":"","_relevanssi_related_posts":"","_relevanssi_noindex_reason":""},"product_cat":[745,671],"product_tag":[],"class_list":{"0":"post-88827","1":"product","2":"type-product","3":"status-publish","4":"has-post-thumbnail","6":"product_cat-re-designed-project","7":"product_cat-oppbevaring","9":"first","10":"instock","11":"taxable","12":"shipping-taxable","13":"purchasable","14":"product-type-simple"},"acf":[],"_links":{"self":[{"href":"https:\/\/martehelgetun.no\/en\/wp-json\/wp\/v2\/product\/88827","targetHints":{"allow":["GET"]}}],"collection":[{"href":"https:\/\/martehelgetun.no\/en\/wp-json\/wp\/v2\/product"}],"about":[{"href":"https:\/\/martehelgetun.no\/en\/wp-json\/wp\/v2\/types\/product"}],"wp:featuredmedia":[{"embeddable":true,"href":"https:\/\/martehelgetun.no\/en\/wp-json\/wp\/v2\/media\/88828"}],"wp:attachment":[{"href":"https:\/\/martehelgetun.no\/en\/wp-json\/wp\/v2\/media?parent=88827"}],"wp:term":[{"taxonomy":"product_cat","embeddable":true,"href":"https:\/\/martehelgetun.no\/en\/wp-json\/wp\/v2\/product_cat?post=88827"},{"taxonomy":"product_tag","embeddable":true,"href":"https:\/\/martehelgetun.no\/en\/wp-json\/wp\/v2\/product_tag?post=88827"}],"curies":[{"name":"wp","href":"https:\/\/api.w.org\/{rel}","templated":true}]}}