{"id":88206,"date":"2025-04-08T12:59:24","date_gmt":"2025-04-08T10:59:24","guid":{"rendered":"https:\/\/martehelgetun.no\/?post_type=product&#038;p=88206"},"modified":"2025-06-10T13:22:06","modified_gmt":"2025-06-10T11:22:06","slug":"lett-varsog","status":"publish","type":"product","link":"https:\/\/martehelgetun.no\/en\/produkt\/lett-varsog\/","title":{"rendered":"Lett v\u00e5rs\u00f8g"},"content":{"rendered":"<p><strong>ST\u00d8RRELSER OG M\u00c5L<br \/>\n<\/strong>St\u00f8rrelser: XS (S) M (L) XL (XXL)<br \/>\nOvervidde: 95 (106) 117 (128) 140 (151) cm<br \/>\nHel lengde: 58 (59) 60 (61) 62 (63) cm<br \/>\nErmlengde: 29 (30) 31 (32) 33 (34) cm<\/p>\n<p>&nbsp;<\/p>\n<p><strong>GARN OG GARNFORBRUK<br \/>\n<\/strong>Lettx3 by Marte Helgetun<br \/>\n10 (11) 12 (14) 16 (18) n\u00f8ste Lett nr. 17 Sand<br \/>\nGenseren strikkes med tre tr\u00e5der sammen<\/p>\n<p>&nbsp;<\/p>\n<p><strong>PINNER OG STRIKKEFASTHET<br \/>\n<\/strong>80 lang rundpinne nr. 4,5<br \/>\n40 cm lang rundpinne 4,5<br \/>\n18 masker glattstrikk med 1 tr\u00e5d av hver kvalitet p\u00e5 pinne nr. 4,5 = 10 cm<\/p>\n","protected":false},"excerpt":{"rendered":"<p>En elegant, luftig genser perfekt for \u00e5rets f\u00f8rste v\u00e5rdager, n\u00e5r du kjenner det milde v\u00e5rs\u00f8get i\u00a0luften. Denne feminine modellen med trekvart lange ermer strikkes ovenfra og ned, du starter\u00a0med noen f\u00e5 masker bak i nakken. Tre tr\u00e5der Lett gir en silkemyk f\u00f8lelse og et lett, svevende\u00a0uttrykk \u2013 perfekt til lyse dager og lune kvelder.<\/p>\n<div class=\"woocommerce-product-details__short-description\">\n<p>&nbsp;<\/p>\n<p><strong>Norsk og Engelsk oppskrift.<\/strong> Du f\u00e5r tilgang til alle spr\u00e5k som pdf fil ved kj\u00f8p.<\/p>\n<\/div>\n<div class=\"price-cart-wrapper\">\n<form class=\"mht_bundle_cart populated\" enctype=\"multipart\/form-data\" method=\"post\">\n<div class=\"mht_bundle_selection_wrap\"><\/div>\n<\/form>\n<\/div>\n","protected":false},"featured_media":88233,"template":"","meta":{"_acf_changed":false,"_relevanssi_hide_post":"","_relevanssi_hide_content":"","_relevanssi_pin_for_all":"","_relevanssi_pin_keywords":"","_relevanssi_unpin_keywords":"","_relevanssi_related_keywords":"","_relevanssi_related_include_ids":"","_relevanssi_related_exclude_ids":"","_relevanssi_related_no_append":"","_relevanssi_related_not_related":"","_relevanssi_related_posts":"","_relevanssi_noindex_reason":""},"product_cat":[60,734,76],"product_tag":[128,37,552,134,136],"class_list":{"0":"post-88206","1":"product","2":"type-product","3":"status-publish","4":"has-post-thumbnail","6":"product_cat-strikkeoppskrifter","7":"product_cat-sommerstrikk","8":"product_cat-genser","9":"product_tag-design-by-marte-helgetun","10":"product_tag-lett","11":"product_tag-lett-a-like-tee","12":"product_tag-marte-helgetun","13":"product_tag-strikkeoppskrift","15":"first","16":"instock","17":"downloadable","18":"taxable","19":"shipping-taxable","20":"purchasable","21":"product-type-mht_bundle"},"acf":[],"_links":{"self":[{"href":"https:\/\/martehelgetun.no\/en\/wp-json\/wp\/v2\/product\/88206","targetHints":{"allow":["GET"]}}],"collection":[{"href":"https:\/\/martehelgetun.no\/en\/wp-json\/wp\/v2\/product"}],"about":[{"href":"https:\/\/martehelgetun.no\/en\/wp-json\/wp\/v2\/types\/product"}],"wp:featuredmedia":[{"embeddable":true,"href":"https:\/\/martehelgetun.no\/en\/wp-json\/wp\/v2\/media\/88233"}],"wp:attachment":[{"href":"https:\/\/martehelgetun.no\/en\/wp-json\/wp\/v2\/media?parent=88206"}],"wp:term":[{"taxonomy":"product_cat","embeddable":true,"href":"https:\/\/martehelgetun.no\/en\/wp-json\/wp\/v2\/product_cat?post=88206"},{"taxonomy":"product_tag","embeddable":true,"href":"https:\/\/martehelgetun.no\/en\/wp-json\/wp\/v2\/product_tag?post=88206"}],"curies":[{"name":"wp","href":"https:\/\/api.w.org\/{rel}","templated":true}]}}