{"id":88033,"date":"2025-03-31T16:36:01","date_gmt":"2025-03-31T14:36:01","guid":{"rendered":"https:\/\/martehelgetun.no\/?post_type=product&#038;p=88033"},"modified":"2026-04-22T12:40:39","modified_gmt":"2026-04-22T10:40:39","slug":"blamandag-sjal","status":"publish","type":"product","link":"https:\/\/martehelgetun.no\/en\/product\/blamandag-sjal\/","title":{"rendered":"Bl\u00e5mandag sjal"},"content":{"rendered":"<p><strong>St\u00f8rrelser og m\u00e5l<\/strong><b><span class=\"Apple-converted-space\"><br \/>\n<\/span><\/b>St\u00f8rrelser: En st\u00f8rrelse<br \/>\nVidde: ca 170 cm<br \/>\nH\u00f8yde: ca 56 cm<span class=\"Apple-converted-space\">\u00a0<\/span><\/p>\n<p><strong>Garn og garnforbruk<\/strong><b><br \/>\n<\/b><b><\/b>Lunt Fargespill by Marte Helgetun<br \/>\n1 n\u00f8ste Lunt Fargespill nr. 13 Himmelbl\u00e5<\/p>\n<p><strong>Pinner og strikkefasthet<br \/>\n<\/strong>80-100 cm rundpinne nr. 4,5 mm<br \/>\n22 masker glattstrikk p\u00e5 pinne nr. 4,5 mm = 10 cm i bredden<\/p>\n","protected":false},"excerpt":{"rendered":"<p>Bl\u00e5mandager trenger slett ikke v\u00e6re triste og gr\u00e5! Sjalet strikkes av kun ett n\u00f8ste Lunt Fargespill i fargen Himmelbl\u00e5. Du begynner med noen f\u00e5 masker oppe ved ansiktet og lar<br \/>\nsjalet vokse mens fargene elegant skifter fra lys til m\u00f8rk \u2013 som en himmel i stadig forandring.<\/p>\n<p>Med et enkelt hullm\u00f8nster, vakkert fargespill og en god dose strikkeglede blir dette raskt en favoritt, uansett hvilken dag du setter i gang!<\/p>\n<p>&nbsp;<\/p>\n<p>&nbsp;<\/p>\n<p><strong>Norsk og Engelsk oppskrift.<\/strong> Du f\u00e5r tilgang til alle spr\u00e5k som pdf fil ved kj\u00f8p.<\/p>\n<hr \/>\n<p data-start=\"0\" data-end=\"290\">Blue Mondays don\u2019t have to be dull and grey! This shawl is knitted using just one skein of Lunt Fargespill in the color Himmelbl\u00e5 (Sky Blue). You begin with a few stitches near the face and let the shawl grow as the colors shift beautifully from light to dark \u2013 like an ever-changing sky.<br \/>\nWith a simple eyelet pattern, stunning color transitions, and plenty of knitting joy, this will quickly become a favorite \u2013 no matter which day you cast on!<\/p>\n<p data-start=\"0\" data-end=\"290\">\n<p data-start=\"452\" data-end=\"560\" data-is-last-node=\"\" data-is-only-node=\"\"><strong>Norwegian and English pattern included.<\/strong> You will receive access to all languages as PDF files upon purchase.<\/p>\n","protected":false},"featured_media":88042,"template":"","meta":{"_acf_changed":false,"_relevanssi_hide_post":"","_relevanssi_hide_content":"","_relevanssi_pin_for_all":"","_relevanssi_pin_keywords":"","_relevanssi_unpin_keywords":"","_relevanssi_related_keywords":"","_relevanssi_related_include_ids":"","_relevanssi_related_exclude_ids":"","_relevanssi_related_no_append":"","_relevanssi_related_not_related":"","_relevanssi_related_posts":"","_relevanssi_noindex_reason":""},"product_brand":[],"product_cat":[86,81],"product_tag":[],"class_list":{"0":"post-88033","1":"product","2":"type-product","3":"status-publish","4":"has-post-thumbnail","6":"product_cat-fargespill","7":"product_cat-skjerf-sjal-hals","9":"first","10":"instock","11":"downloadable","12":"taxable","13":"shipping-taxable","14":"purchasable","15":"product-type-mht_bundle"},"acf":[],"_links":{"self":[{"href":"https:\/\/martehelgetun.no\/en\/wp-json\/wp\/v2\/product\/88033","targetHints":{"allow":["GET"]}}],"collection":[{"href":"https:\/\/martehelgetun.no\/en\/wp-json\/wp\/v2\/product"}],"about":[{"href":"https:\/\/martehelgetun.no\/en\/wp-json\/wp\/v2\/types\/product"}],"wp:featuredmedia":[{"embeddable":true,"href":"https:\/\/martehelgetun.no\/en\/wp-json\/wp\/v2\/media\/88042"}],"wp:attachment":[{"href":"https:\/\/martehelgetun.no\/en\/wp-json\/wp\/v2\/media?parent=88033"}],"wp:term":[{"taxonomy":"product_brand","embeddable":true,"href":"https:\/\/martehelgetun.no\/en\/wp-json\/wp\/v2\/product_brand?post=88033"},{"taxonomy":"product_cat","embeddable":true,"href":"https:\/\/martehelgetun.no\/en\/wp-json\/wp\/v2\/product_cat?post=88033"},{"taxonomy":"product_tag","embeddable":true,"href":"https:\/\/martehelgetun.no\/en\/wp-json\/wp\/v2\/product_tag?post=88033"}],"curies":[{"name":"wp","href":"https:\/\/api.w.org\/{rel}","templated":true}]}}