{"id":87960,"date":"2025-03-27T16:16:04","date_gmt":"2025-03-27T15:16:04","guid":{"rendered":"https:\/\/martehelgetun.no\/?post_type=product&#038;p=87960"},"modified":"2025-03-27T16:17:25","modified_gmt":"2025-03-27T15:17:25","slug":"maskemarkor-charms-rosa-blomst","status":"publish","type":"product","link":"https:\/\/martehelgetun.no\/en\/product\/maskemarkor-charms-rosa-blomst\/","title":{"rendered":"Maskemark\u00f8r Charms &#8211; Rosa blomst"},"content":{"rendered":"","protected":false},"excerpt":{"rendered":"<p class=\"\" data-start=\"0\" data-end=\"79\">Litt bling til strikket\u00f8yet blir aldri feil!<br \/>\nGj\u00f8r strikkingen ekstra fin med disse lekre maskemark\u00f8rene! De er superenkle \u00e5 klipse p\u00e5 pinnen og hjelper deg med \u00e5 holde styr p\u00e5 \u00f8kninger, m\u00f8nsterrapporter og andre viktige detaljer. Perfekte som fremgangsmark\u00f8rer ogs\u00e5 \u2013 bare fest dem rett i strikket\u00f8yet!<\/p>\n<p class=\"\" data-start=\"368\" data-end=\"484\">Passer til pinner opptil 7 mm, men kan ogs\u00e5 festes direkte i arbeidet ditt. P\u00e5 bildet ser du dem p\u00e5 4,5 mm pinner.<\/p>\n<p class=\"\" data-start=\"486\" data-end=\"550\">Hel lengde 6 cm, blomsten har en diameter p\u00e5 2,5 cm.<br \/>\nDe er ikke tunge \ud83d\ude42<\/p>\n","protected":false},"featured_media":87947,"template":"","meta":{"_acf_changed":false,"_relevanssi_hide_post":"","_relevanssi_hide_content":"","_relevanssi_pin_for_all":"","_relevanssi_pin_keywords":"","_relevanssi_unpin_keywords":"","_relevanssi_related_keywords":"","_relevanssi_related_include_ids":"","_relevanssi_related_exclude_ids":"","_relevanssi_related_no_append":"","_relevanssi_related_not_related":"","_relevanssi_related_posts":"","_relevanssi_noindex_reason":""},"product_brand":[],"product_cat":[87,678],"product_tag":[681,621],"class_list":{"0":"post-87960","1":"product","2":"type-product","3":"status-publish","4":"has-post-thumbnail","6":"product_cat-strikketilbehor","7":"product_cat-maskemarkorer","8":"product_tag-lantern-moon-maskemarkorer","9":"product_tag-maskemarkorer","11":"first","12":"instock","13":"taxable","14":"shipping-taxable","15":"purchasable","16":"product-type-simple"},"acf":[],"_links":{"self":[{"href":"https:\/\/martehelgetun.no\/en\/wp-json\/wp\/v2\/product\/87960","targetHints":{"allow":["GET"]}}],"collection":[{"href":"https:\/\/martehelgetun.no\/en\/wp-json\/wp\/v2\/product"}],"about":[{"href":"https:\/\/martehelgetun.no\/en\/wp-json\/wp\/v2\/types\/product"}],"wp:featuredmedia":[{"embeddable":true,"href":"https:\/\/martehelgetun.no\/en\/wp-json\/wp\/v2\/media\/87947"}],"wp:attachment":[{"href":"https:\/\/martehelgetun.no\/en\/wp-json\/wp\/v2\/media?parent=87960"}],"wp:term":[{"taxonomy":"product_brand","embeddable":true,"href":"https:\/\/martehelgetun.no\/en\/wp-json\/wp\/v2\/product_brand?post=87960"},{"taxonomy":"product_cat","embeddable":true,"href":"https:\/\/martehelgetun.no\/en\/wp-json\/wp\/v2\/product_cat?post=87960"},{"taxonomy":"product_tag","embeddable":true,"href":"https:\/\/martehelgetun.no\/en\/wp-json\/wp\/v2\/product_tag?post=87960"}],"curies":[{"name":"wp","href":"https:\/\/api.w.org\/{rel}","templated":true}]}}