{"id":87910,"date":"2025-03-27T15:07:10","date_gmt":"2025-03-27T14:07:10","guid":{"rendered":"https:\/\/martehelgetun.no\/?post_type=product&#038;p=87910"},"modified":"2025-03-27T15:15:27","modified_gmt":"2025-03-27T14:15:27","slug":"maskestoppere-blomst-rosa-brun-2-stk","status":"publish","type":"product","link":"https:\/\/martehelgetun.no\/en\/produkt\/maskestoppere-blomst-rosa-brun-2-stk\/","title":{"rendered":"Maskestoppere blomst rosa-brun 2 stk"},"content":{"rendered":"","protected":false},"excerpt":{"rendered":"<p data-start=\"0\" data-end=\"197\">Hold maskene p\u00e5 plass med disse smarte maskestopperne eller pinnebeskytterne! Perfekt n\u00e5r strikket\u00f8yet trenger en pause \u2013 ingen masker p\u00e5 avveie, bare ren strikkeglede n\u00e5r du plukker opp igjen strikkinga di.<\/p>\n<p data-start=\"199\" data-end=\"262\" data-is-last-node=\"\" data-is-only-node=\"\">Selges som sett (2 stk) og passer til pinner fra 2-15 mm. \u00a0Laget i myk silikon og er ca 20 mm i diameter<br \/>\nPinnene du ser p\u00e5 bildet har en pinnetykkelse p\u00e5 4,5 mm<\/p>\n","protected":false},"featured_media":87921,"template":"","meta":{"_acf_changed":false,"_relevanssi_hide_post":"","_relevanssi_hide_content":"","_relevanssi_pin_for_all":"","_relevanssi_pin_keywords":"","_relevanssi_unpin_keywords":"","_relevanssi_related_keywords":"","_relevanssi_related_include_ids":"","_relevanssi_related_exclude_ids":"","_relevanssi_related_no_append":"","_relevanssi_related_not_related":"","_relevanssi_related_posts":"","_relevanssi_noindex_reason":""},"product_cat":[87,816],"product_tag":[681,621],"class_list":{"0":"post-87910","1":"product","2":"type-product","3":"status-publish","4":"has-post-thumbnail","6":"product_cat-strikketilbehor","7":"product_cat-maskestoppere","8":"product_tag-lantern-moon-maskemarkorer","9":"product_tag-maskemarkorer","11":"first","12":"instock","13":"taxable","14":"shipping-taxable","15":"purchasable","16":"product-type-simple"},"acf":[],"_links":{"self":[{"href":"https:\/\/martehelgetun.no\/en\/wp-json\/wp\/v2\/product\/87910","targetHints":{"allow":["GET"]}}],"collection":[{"href":"https:\/\/martehelgetun.no\/en\/wp-json\/wp\/v2\/product"}],"about":[{"href":"https:\/\/martehelgetun.no\/en\/wp-json\/wp\/v2\/types\/product"}],"wp:featuredmedia":[{"embeddable":true,"href":"https:\/\/martehelgetun.no\/en\/wp-json\/wp\/v2\/media\/87921"}],"wp:attachment":[{"href":"https:\/\/martehelgetun.no\/en\/wp-json\/wp\/v2\/media?parent=87910"}],"wp:term":[{"taxonomy":"product_cat","embeddable":true,"href":"https:\/\/martehelgetun.no\/en\/wp-json\/wp\/v2\/product_cat?post=87910"},{"taxonomy":"product_tag","embeddable":true,"href":"https:\/\/martehelgetun.no\/en\/wp-json\/wp\/v2\/product_tag?post=87910"}],"curies":[{"name":"wp","href":"https:\/\/api.w.org\/{rel}","templated":true}]}}