{"id":87856,"date":"2025-03-27T13:54:22","date_gmt":"2025-03-27T12:54:22","guid":{"rendered":"https:\/\/martehelgetun.no\/?post_type=product&#038;p=87856"},"modified":"2025-03-27T14:17:53","modified_gmt":"2025-03-27T13:17:53","slug":"magnetisk-naleboks","status":"publish","type":"product","link":"https:\/\/martehelgetun.no\/en\/product\/magnetisk-naleboks\/","title":{"rendered":"Magnetisk n\u00e5leboks (Max 6 cm n\u00e5ler)"},"content":{"rendered":"","protected":false},"excerpt":{"rendered":"<p class=\"\" data-start=\"0\" data-end=\"62\">Praktisk Oppbevaring av Stoppen\u00e5ler<br \/>\nEn magnetisk n\u00e5leboks er en smart l\u00f8sning for oppbevaring av stoppen\u00e5ler, syn\u00e5ler og andre sm\u00e5 metallgjenstander. Den inneholder en innebygd magnet som holder n\u00e5lene sikkert p\u00e5 plass, slik at de ikke faller ut eller blir borte.<\/p>\n<p data-start=\"0\" data-end=\"62\">Du kan ha n\u00e5ler opp til 6 cm lengde i denne boksen.<br \/>\ninnvendig m\u00e5l 5,8 x 3 cm utvendig m\u00e5l 8 x 5 cm.<\/p>\n<p data-start=\"0\" data-end=\"62\">(Det er ingen n\u00e5ler i boksen ved levering)<\/p>\n","protected":false},"featured_media":87857,"template":"","meta":{"_acf_changed":false,"_relevanssi_hide_post":"","_relevanssi_hide_content":"","_relevanssi_pin_for_all":"","_relevanssi_pin_keywords":"","_relevanssi_unpin_keywords":"","_relevanssi_related_keywords":"","_relevanssi_related_include_ids":"","_relevanssi_related_exclude_ids":"","_relevanssi_related_no_append":"","_relevanssi_related_not_related":"","_relevanssi_related_posts":"","_relevanssi_noindex_reason":""},"product_brand":[],"product_cat":[87,673],"product_tag":[681,621],"class_list":{"0":"post-87856","1":"product","2":"type-product","3":"status-publish","4":"has-post-thumbnail","6":"product_cat-strikketilbehor","7":"product_cat-kjekt-a-ha","8":"product_tag-lantern-moon-maskemarkorer","9":"product_tag-maskemarkorer","11":"first","12":"instock","13":"taxable","14":"shipping-taxable","15":"purchasable","16":"product-type-simple"},"acf":[],"_links":{"self":[{"href":"https:\/\/martehelgetun.no\/en\/wp-json\/wp\/v2\/product\/87856","targetHints":{"allow":["GET"]}}],"collection":[{"href":"https:\/\/martehelgetun.no\/en\/wp-json\/wp\/v2\/product"}],"about":[{"href":"https:\/\/martehelgetun.no\/en\/wp-json\/wp\/v2\/types\/product"}],"wp:featuredmedia":[{"embeddable":true,"href":"https:\/\/martehelgetun.no\/en\/wp-json\/wp\/v2\/media\/87857"}],"wp:attachment":[{"href":"https:\/\/martehelgetun.no\/en\/wp-json\/wp\/v2\/media?parent=87856"}],"wp:term":[{"taxonomy":"product_brand","embeddable":true,"href":"https:\/\/martehelgetun.no\/en\/wp-json\/wp\/v2\/product_brand?post=87856"},{"taxonomy":"product_cat","embeddable":true,"href":"https:\/\/martehelgetun.no\/en\/wp-json\/wp\/v2\/product_cat?post=87856"},{"taxonomy":"product_tag","embeddable":true,"href":"https:\/\/martehelgetun.no\/en\/wp-json\/wp\/v2\/product_tag?post=87856"}],"curies":[{"name":"wp","href":"https:\/\/api.w.org\/{rel}","templated":true}]}}