{"id":87517,"date":"2025-03-13T18:34:27","date_gmt":"2025-03-13T17:34:27","guid":{"rendered":"https:\/\/martehelgetun.no\/?post_type=product&#038;p=87517"},"modified":"2025-03-27T14:14:54","modified_gmt":"2025-03-27T13:14:54","slug":"maskevaier-svart-snore-med-hvite-stoppere","status":"publish","type":"product","link":"https:\/\/martehelgetun.no\/en\/product\/maskevaier-svart-snore-med-hvite-stoppere\/","title":{"rendered":"Maskevaier &#8211; Svart sn\u00f8re med hvite stoppere"},"content":{"rendered":"","protected":false},"excerpt":{"rendered":"<p>Gj\u00f8r det superenkelt \u00e5 sette maskene p\u00e5 pause med denne smarte maskevaieren!<\/p>\n<p>Maskevaieren er en fleksibel og hul 3 meter lang plastvaier som fungerer som en superpraktisk maskeholder! Perfekt n\u00e5r du strikker ovenfra og ned \u2013 sett ermemaskene p\u00e5 vent mens du strikker videre \u2013 bare tre dem p\u00e5 vaieren, og <em data-start=\"169\" data-end=\"176\">voila<\/em> \u2013 ingen flere mistede masker!<\/p>\n<p>Vaieren er 3 meter lang s\u00e5 du kan fint klippe den i den lenden som passer deg best.<\/p>\n","protected":false},"featured_media":87497,"template":"","meta":{"_acf_changed":false,"_relevanssi_hide_post":"","_relevanssi_hide_content":"","_relevanssi_pin_for_all":"","_relevanssi_pin_keywords":"","_relevanssi_unpin_keywords":"","_relevanssi_related_keywords":"","_relevanssi_related_include_ids":"","_relevanssi_related_exclude_ids":"","_relevanssi_related_no_append":"","_relevanssi_related_not_related":"","_relevanssi_related_posts":"","_relevanssi_noindex_reason":""},"product_brand":[],"product_cat":[87,673],"product_tag":[681,621],"class_list":{"0":"post-87517","1":"product","2":"type-product","3":"status-publish","4":"has-post-thumbnail","6":"product_cat-strikketilbehor","7":"product_cat-kjekt-a-ha","8":"product_tag-lantern-moon-maskemarkorer","9":"product_tag-maskemarkorer","11":"first","12":"instock","13":"taxable","14":"shipping-taxable","15":"purchasable","16":"product-type-simple"},"acf":[],"_links":{"self":[{"href":"https:\/\/martehelgetun.no\/en\/wp-json\/wp\/v2\/product\/87517","targetHints":{"allow":["GET"]}}],"collection":[{"href":"https:\/\/martehelgetun.no\/en\/wp-json\/wp\/v2\/product"}],"about":[{"href":"https:\/\/martehelgetun.no\/en\/wp-json\/wp\/v2\/types\/product"}],"wp:featuredmedia":[{"embeddable":true,"href":"https:\/\/martehelgetun.no\/en\/wp-json\/wp\/v2\/media\/87497"}],"wp:attachment":[{"href":"https:\/\/martehelgetun.no\/en\/wp-json\/wp\/v2\/media?parent=87517"}],"wp:term":[{"taxonomy":"product_brand","embeddable":true,"href":"https:\/\/martehelgetun.no\/en\/wp-json\/wp\/v2\/product_brand?post=87517"},{"taxonomy":"product_cat","embeddable":true,"href":"https:\/\/martehelgetun.no\/en\/wp-json\/wp\/v2\/product_cat?post=87517"},{"taxonomy":"product_tag","embeddable":true,"href":"https:\/\/martehelgetun.no\/en\/wp-json\/wp\/v2\/product_tag?post=87517"}],"curies":[{"name":"wp","href":"https:\/\/api.w.org\/{rel}","templated":true}]}}