{"id":87515,"date":"2025-03-13T18:20:19","date_gmt":"2025-03-13T17:20:19","guid":{"rendered":"https:\/\/martehelgetun.no\/?post_type=product&#038;p=87515"},"modified":"2025-03-27T14:15:10","modified_gmt":"2025-03-27T13:15:10","slug":"maskemarkorer-flerfarget-metall","status":"publish","type":"product","link":"https:\/\/martehelgetun.no\/en\/product\/maskemarkorer-flerfarget-metall\/","title":{"rendered":"Maskemark\u00f8rer &#8211; flerfarget metall"},"content":{"rendered":"","protected":false},"excerpt":{"rendered":"<p data-start=\"0\" data-end=\"181\">Hold styr p\u00e5 strikkeprosjektet ditt med disse praktiske maskemark\u00f8rene! Perfekt for \u00e5 markere m\u00f8nster, \u00f8kninger eller bare holde oversikt \u2013 s\u00e5 du kan strikke i vei uten bekymring.<\/p>\n<p data-start=\"0\" data-end=\"181\">Disse kan enkelt \u00e5pnes, noe som gj\u00f8r dem skikkelig praktiske i bruk! Fin p\u00e5 pinnen mens du strikker, men ogs\u00e5 markeringer nedover selve strikket\u00f8yet. \u00a0\u2013 fest, flytt og organiser maskene superenkelt.<\/p>\n<p data-start=\"199\" data-end=\"262\" data-is-last-node=\"\" data-is-only-node=\"\">Ca 50 p\u00e6remark\u00f8rer kommer i en praktisk liten metallboks med skyvelokk \u2013 enkel \u00e5 \u00e5pne med en h\u00e5nd, lett \u00e5 ta med!<br \/>\n8 x 3,3 cm.<\/p>\n","protected":false},"featured_media":87832,"template":"","meta":{"_acf_changed":false,"_relevanssi_hide_post":"","_relevanssi_hide_content":"","_relevanssi_pin_for_all":"","_relevanssi_pin_keywords":"","_relevanssi_unpin_keywords":"","_relevanssi_related_keywords":"","_relevanssi_related_include_ids":"","_relevanssi_related_exclude_ids":"","_relevanssi_related_no_append":"","_relevanssi_related_not_related":"","_relevanssi_related_posts":"","_relevanssi_noindex_reason":""},"product_brand":[],"product_cat":[87,678],"product_tag":[681,621],"class_list":{"0":"post-87515","1":"product","2":"type-product","3":"status-publish","4":"has-post-thumbnail","6":"product_cat-strikketilbehor","7":"product_cat-maskemarkorer","8":"product_tag-lantern-moon-maskemarkorer","9":"product_tag-maskemarkorer","11":"first","12":"instock","13":"taxable","14":"shipping-taxable","15":"purchasable","16":"product-type-simple"},"acf":[],"_links":{"self":[{"href":"https:\/\/martehelgetun.no\/en\/wp-json\/wp\/v2\/product\/87515","targetHints":{"allow":["GET"]}}],"collection":[{"href":"https:\/\/martehelgetun.no\/en\/wp-json\/wp\/v2\/product"}],"about":[{"href":"https:\/\/martehelgetun.no\/en\/wp-json\/wp\/v2\/types\/product"}],"wp:featuredmedia":[{"embeddable":true,"href":"https:\/\/martehelgetun.no\/en\/wp-json\/wp\/v2\/media\/87832"}],"wp:attachment":[{"href":"https:\/\/martehelgetun.no\/en\/wp-json\/wp\/v2\/media?parent=87515"}],"wp:term":[{"taxonomy":"product_brand","embeddable":true,"href":"https:\/\/martehelgetun.no\/en\/wp-json\/wp\/v2\/product_brand?post=87515"},{"taxonomy":"product_cat","embeddable":true,"href":"https:\/\/martehelgetun.no\/en\/wp-json\/wp\/v2\/product_cat?post=87515"},{"taxonomy":"product_tag","embeddable":true,"href":"https:\/\/martehelgetun.no\/en\/wp-json\/wp\/v2\/product_tag?post=87515"}],"curies":[{"name":"wp","href":"https:\/\/api.w.org\/{rel}","templated":true}]}}