{"id":86944,"date":"2025-02-28T12:09:47","date_gmt":"2025-02-28T11:09:47","guid":{"rendered":"https:\/\/martehelgetun.no\/?post_type=product&#038;p=86944"},"modified":"2026-04-09T11:09:01","modified_gmt":"2026-04-09T09:09:01","slug":"cozy-cabin-lue-og-caps","status":"publish","type":"product","link":"https:\/\/martehelgetun.no\/en\/produkt\/cozy-cabin-lue-og-caps\/","title":{"rendered":"Cozy Cabin lue og Caps"},"content":{"rendered":"<p class=\"p1\"><b>ST\u00d8RRELSER OG M\u00c5L<br \/>\n<\/b>St\u00f8rrelser: (barnehagebarn) skolebarn (voksen)<\/p>\n<p>&nbsp;<\/p>\n<p class=\"p1\"><b>GARN OG GARNFORBRUK<br \/>\n<\/b>Lunt + Lett by Marte Helgetun<br \/>\n1 n\u00f8ste Lunt nr. 01 Kitt<br \/>\n1 n\u00f8ste Lett nr. 01 Kitt<br \/>\n1 n\u00f8ste Lunt nr. 06 Skifer<br \/>\n1 n\u00f8ste Lett nr. 16 Svart<br \/>\nStrikkes med en tr\u00e5d av hver kvalitet sammen<\/p>\n<p>&nbsp;<\/p>\n<p class=\"p1\"><b>TILBEH\u00d8R<br \/>\n<\/b>(liten) liten (medium) luebrem til capsen<\/p>\n<p>&nbsp;<\/p>\n<p class=\"p1\"><b>PINNER OG STRIKKEFASTHET<br \/>\n<\/b>40 cm lang rundpinne nr. 3,5 og 4<br \/>\nSettpinner eller Magic loop med en 80 cm pinne nr 3,5 og 4<br \/>\n24<b> <\/b>masker m\u00f8nsterstrikk med en tr\u00e5d av hver kvalitet p\u00e5 pinne nr. 4 = 10 cm<\/p>\n","protected":false},"excerpt":{"rendered":"<p class=\"p1\">Her f\u00e5r du b\u00e5de caps og lue i samme oppskrift begge har f\u00e5tt samme \u201cIslender\u201d\u00a0m\u00f8nster som resten av Cozy Cabin serien.<\/p>\n<p>&nbsp;<\/p>\n<p>&nbsp;<\/p>\n<p><strong>Norsk og Engelsk oppskrift.<\/strong> Du f\u00e5r tilgang til alle spr\u00e5k som pdf fil ved kj\u00f8p.<\/p>\n<div class=\"price-cart-wrapper\"><\/div>\n","protected":false},"featured_media":86948,"template":"","meta":{"_acf_changed":false,"_relevanssi_hide_post":"","_relevanssi_hide_content":"","_relevanssi_pin_for_all":"","_relevanssi_pin_keywords":"","_relevanssi_unpin_keywords":"","_relevanssi_related_keywords":"","_relevanssi_related_include_ids":"","_relevanssi_related_exclude_ids":"","_relevanssi_related_no_append":"","_relevanssi_related_not_related":"","_relevanssi_related_posts":"","_relevanssi_noindex_reason":""},"product_cat":[60,246,401],"product_tag":[813,812,128,37,33,758,136],"class_list":{"0":"post-86944","1":"product","2":"type-product","3":"status-publish","4":"has-post-thumbnail","6":"product_cat-strikkeoppskrifter","7":"product_cat-tullemor-lillebror","8":"product_cat-lue-panneband","9":"product_tag-caps","10":"product_tag-cozy-cabin","11":"product_tag-design-by-marte-helgetun","12":"product_tag-lett","13":"product_tag-lunt","14":"product_tag-strikkecaps","15":"product_tag-strikkeoppskrift","17":"first","18":"instock","19":"downloadable","20":"taxable","21":"shipping-taxable","22":"purchasable","23":"product-type-mht_bundle"},"acf":[],"_links":{"self":[{"href":"https:\/\/martehelgetun.no\/en\/wp-json\/wp\/v2\/product\/86944","targetHints":{"allow":["GET"]}}],"collection":[{"href":"https:\/\/martehelgetun.no\/en\/wp-json\/wp\/v2\/product"}],"about":[{"href":"https:\/\/martehelgetun.no\/en\/wp-json\/wp\/v2\/types\/product"}],"wp:featuredmedia":[{"embeddable":true,"href":"https:\/\/martehelgetun.no\/en\/wp-json\/wp\/v2\/media\/86948"}],"wp:attachment":[{"href":"https:\/\/martehelgetun.no\/en\/wp-json\/wp\/v2\/media?parent=86944"}],"wp:term":[{"taxonomy":"product_cat","embeddable":true,"href":"https:\/\/martehelgetun.no\/en\/wp-json\/wp\/v2\/product_cat?post=86944"},{"taxonomy":"product_tag","embeddable":true,"href":"https:\/\/martehelgetun.no\/en\/wp-json\/wp\/v2\/product_tag?post=86944"}],"curies":[{"name":"wp","href":"https:\/\/api.w.org\/{rel}","templated":true}]}}