{"id":86938,"date":"2025-02-28T11:59:48","date_gmt":"2025-02-28T10:59:48","guid":{"rendered":"https:\/\/martehelgetun.no\/?post_type=product&#038;p=86938"},"modified":"2026-04-09T11:07:55","modified_gmt":"2026-04-09T09:07:55","slug":"cozy-cabin-vest","status":"publish","type":"product","link":"https:\/\/martehelgetun.no\/en\/produkt\/cozy-cabin-vest\/","title":{"rendered":"Cozy Cabin Vest"},"content":{"rendered":"<p class=\"p1\"><strong>ST\u00d8RRELSER OG M\u00c5L<\/strong><b><br \/>\n<\/b>St\u00f8rrelser: 1 (2) 4 (6) \u00e5r<br \/>\nOvervidde: 50 (55) 60 (65) cm<br \/>\nHel lengde: 30 (34) 38 (42) cm<\/p>\n<p>&nbsp;<\/p>\n<p class=\"p1\"><strong>GARN OG GARNFORBRUK<\/strong><b><br \/>\n<\/b>Lunt + Lett by Marte Helgetun<br \/>\n1 (2) 2 (3) n\u00f8ster Lunt nr. 01 Kitt<br \/>\n1 (1) 2 (2) n\u00f8ster Lett nr. 01 Kitt<br \/>\n1 (1) 1 (1) n\u00f8ste Lunt nr. 06 Skifer<br \/>\n1 (1) 1 (1) n\u00f8ste Lett nr. 16 Svart<br \/>\nStrikkes med en tr\u00e5d av hver kvalitet sammen<\/p>\n<p>&nbsp;<\/p>\n<p class=\"p1\"><strong>TILBEH\u00d8R<\/strong><b><br \/>\n<\/b>2 sotet treknapp 15 mm i diameter<\/p>\n<p>&nbsp;<\/p>\n<p class=\"p1\"><strong>PINNER OG STRIKEFASTHET<\/strong><b><br \/>\n<\/b>Rundpinne 60 cm lang nr. 3,5 og 4<br \/>\nRundpinne 40 cm nr. 3 til ermene<br \/>\n24<b> <\/b>masker m\u00f8nsterstrikk med en tr\u00e5d av hver kvalitet p\u00e5 pinne nr. 4 = 10 cm<\/p>\n","protected":false},"excerpt":{"rendered":"<p class=\"p1\">Det blir aldri feil med en strikkavest. Denne har f\u00e5tt samme \u201cIslender\u201d m\u00f8nster som\u00a0resten av Cozy Cabin serien og vil ta seg utrolig fint ut sammen med capsen.<\/p>\n<p>&nbsp;<\/p>\n<p>&nbsp;<\/p>\n<p><strong>Norsk og Engelsk oppskrift.<\/strong> Du f\u00e5r tilgang til alle spr\u00e5k som pdf fil ved kj\u00f8p.<\/p>\n","protected":false},"featured_media":86791,"template":"","meta":{"_acf_changed":false,"_relevanssi_hide_post":"","_relevanssi_hide_content":"","_relevanssi_pin_for_all":"","_relevanssi_pin_keywords":"","_relevanssi_unpin_keywords":"","_relevanssi_related_keywords":"","_relevanssi_related_include_ids":"","_relevanssi_related_exclude_ids":"","_relevanssi_related_no_append":"","_relevanssi_related_not_related":"","_relevanssi_related_posts":"","_relevanssi_noindex_reason":""},"product_cat":[60,246,279],"product_tag":[812,128,37,33,136,811,264],"class_list":{"0":"post-86938","1":"product","2":"type-product","3":"status-publish","4":"has-post-thumbnail","6":"product_cat-strikkeoppskrifter","7":"product_cat-tullemor-lillebror","8":"product_cat-topp","9":"product_tag-cozy-cabin","10":"product_tag-design-by-marte-helgetun","11":"product_tag-lett","12":"product_tag-lunt","13":"product_tag-strikkeoppskrift","14":"product_tag-strikkevest","15":"product_tag-vest","17":"first","18":"instock","19":"downloadable","20":"taxable","21":"shipping-taxable","22":"purchasable","23":"product-type-mht_bundle"},"acf":[],"_links":{"self":[{"href":"https:\/\/martehelgetun.no\/en\/wp-json\/wp\/v2\/product\/86938","targetHints":{"allow":["GET"]}}],"collection":[{"href":"https:\/\/martehelgetun.no\/en\/wp-json\/wp\/v2\/product"}],"about":[{"href":"https:\/\/martehelgetun.no\/en\/wp-json\/wp\/v2\/types\/product"}],"wp:featuredmedia":[{"embeddable":true,"href":"https:\/\/martehelgetun.no\/en\/wp-json\/wp\/v2\/media\/86791"}],"wp:attachment":[{"href":"https:\/\/martehelgetun.no\/en\/wp-json\/wp\/v2\/media?parent=86938"}],"wp:term":[{"taxonomy":"product_cat","embeddable":true,"href":"https:\/\/martehelgetun.no\/en\/wp-json\/wp\/v2\/product_cat?post=86938"},{"taxonomy":"product_tag","embeddable":true,"href":"https:\/\/martehelgetun.no\/en\/wp-json\/wp\/v2\/product_tag?post=86938"}],"curies":[{"name":"wp","href":"https:\/\/api.w.org\/{rel}","templated":true}]}}