{"id":86930,"date":"2025-02-28T11:49:32","date_gmt":"2025-02-28T10:49:32","guid":{"rendered":"https:\/\/martehelgetun.no\/?post_type=product&#038;p=86930"},"modified":"2026-04-09T11:08:07","modified_gmt":"2026-04-09T09:08:07","slug":"cozy-cabin-propell","status":"publish","type":"product","link":"https:\/\/martehelgetun.no\/en\/produkt\/cozy-cabin-propell\/","title":{"rendered":"Cozy Cabin propell"},"content":{"rendered":"<p class=\"p1\"><strong>ST\u00d8RRELSER OG M\u00c5L<\/strong><b><br \/>\n<\/b>St\u00f8rrelser: En st\u00f8rrelse<\/p>\n<p>&nbsp;<\/p>\n<p class=\"p1\"><strong>GARN OG GARNFORBRUK<\/strong><b><br \/>\n<\/b>Lunt + Lett by Marte Helgetun<br \/>\n1 n\u00f8ster Lunt nr. 01 Kitt<br \/>\n1 n\u00f8ste Lett nr. 01 Kitt<br \/>\n1 n\u00f8ste Lunt nr. 06 Skifer<br \/>\n1 n\u00f8ste Lett nr. 16 Svart<br \/>\nStrikkes med en tr\u00e5d av hver kvalitet sammen<\/p>\n<p>&nbsp;<\/p>\n<p class=\"p1\"><strong>PINNER OG STRIKKEFASTHET<\/strong><b><br \/>\n<\/b>80 cm lang rundpinne nr. 4<br \/>\n24<b> <\/b>masker m\u00f8nsterstrikk med en tr\u00e5d av hver kvalitet p\u00e5 pinne nr. 4 = 10 cm<\/p>\n","protected":false},"excerpt":{"rendered":"<p class=\"p1\">En sjarmerende liten sl\u00f8yfe som kan festes til et h\u00e5rstrikk, en klemme eller\u00a0brukes som en propell til finskjorta. I denne oppskriften f\u00e5r du pr\u00f8ve tre fine\u00a0teknikker: tyrkisk opplegg, magic loop og maskes\u00f8m.<\/p>\n<p>&nbsp;<\/p>\n<p>&nbsp;<\/p>\n<p><strong>Norsk og Engelsk oppskrift.<\/strong> Du f\u00e5r tilgang til alle spr\u00e5k som pdf fil ved kj\u00f8p.<\/p>\n<div class=\"price-cart-wrapper\"><\/div>\n","protected":false},"featured_media":86931,"template":"","meta":{"_acf_changed":false,"_relevanssi_hide_post":"","_relevanssi_hide_content":"","_relevanssi_pin_for_all":"","_relevanssi_pin_keywords":"","_relevanssi_unpin_keywords":"","_relevanssi_related_keywords":"","_relevanssi_related_include_ids":"","_relevanssi_related_exclude_ids":"","_relevanssi_related_no_append":"","_relevanssi_related_not_related":"","_relevanssi_related_posts":"","_relevanssi_noindex_reason":""},"product_cat":[60,246,735],"product_tag":[809,128,810,37,33,136],"class_list":{"0":"post-86930","1":"product","2":"type-product","3":"status-publish","4":"has-post-thumbnail","6":"product_cat-strikkeoppskrifter","7":"product_cat-tullemor-lillebror","8":"product_cat-gratis-oppskrifter","9":"product_tag-cozycabin","10":"product_tag-design-by-marte-helgetun","11":"product_tag-gratis-oppskrift","12":"product_tag-lett","13":"product_tag-lunt","14":"product_tag-strikkeoppskrift","16":"first","17":"instock","18":"downloadable","19":"taxable","20":"shipping-taxable","21":"purchasable","22":"product-type-mht_bundle"},"acf":[],"_links":{"self":[{"href":"https:\/\/martehelgetun.no\/en\/wp-json\/wp\/v2\/product\/86930","targetHints":{"allow":["GET"]}}],"collection":[{"href":"https:\/\/martehelgetun.no\/en\/wp-json\/wp\/v2\/product"}],"about":[{"href":"https:\/\/martehelgetun.no\/en\/wp-json\/wp\/v2\/types\/product"}],"wp:featuredmedia":[{"embeddable":true,"href":"https:\/\/martehelgetun.no\/en\/wp-json\/wp\/v2\/media\/86931"}],"wp:attachment":[{"href":"https:\/\/martehelgetun.no\/en\/wp-json\/wp\/v2\/media?parent=86930"}],"wp:term":[{"taxonomy":"product_cat","embeddable":true,"href":"https:\/\/martehelgetun.no\/en\/wp-json\/wp\/v2\/product_cat?post=86930"},{"taxonomy":"product_tag","embeddable":true,"href":"https:\/\/martehelgetun.no\/en\/wp-json\/wp\/v2\/product_tag?post=86930"}],"curies":[{"name":"wp","href":"https:\/\/api.w.org\/{rel}","templated":true}]}}