{"id":86891,"date":"2025-02-28T11:38:13","date_gmt":"2025-02-28T10:38:13","guid":{"rendered":"https:\/\/martehelgetun.no\/?post_type=product&#038;p=86891"},"modified":"2026-04-09T11:08:46","modified_gmt":"2026-04-09T09:08:46","slug":"happyhands-cozy-cabin-mini","status":"publish","type":"product","link":"https:\/\/martehelgetun.no\/en\/product\/happyhands-cozy-cabin-mini\/","title":{"rendered":"HappyHands Cozy Cabin MINI"},"content":{"rendered":"<p><strong>St\u00f8rrelser<br \/>\n<\/strong>1 (2) 4 (6) 8 (10) 12 (14) \u00e5r<\/p>\n<p>&nbsp;<\/p>\n<p><strong>Garn og garnforbruk<\/strong><b><br \/>\n<\/b><b><\/b>Lunt + Lett by Marte Helgetun<br \/>\n1 n\u00f8ste Lunt nr. 01 Kitt<br \/>\n1 n\u00f8ste Lett nr. 01 Kitt<br \/>\n1 n\u00f8ste Lunt nr. 06 Skifer<br \/>\n1 n\u00f8ste Lett nr. 16 Svart<br \/>\nStrikkes med en tr\u00e5d av hver kvalitet sammen<\/p>\n<p>&nbsp;<\/p>\n<p><strong>Pinner og strikkefasthet<\/strong><b><br \/>\n<\/b>80 cm lang rundpinne nr. 3,5 og 4<br \/>\nBruker du rundpinner med utskiftbare tupper anbefaler vi \u00e5 bruke en tupp nr. 3,5 og en tupp nr. 4<br \/>\n24<b> <\/b>masker m\u00f8nsterstrikk med en tr\u00e5d av hver kvalitet p\u00e5 pinne nr. 4 = 10 cm<span class=\"Apple-converted-space\">\u00a0<\/span><\/p>\n","protected":false},"excerpt":{"rendered":"<p class=\"p1\">Basert p\u00e5 mine originale HappyHands, laget jeg denne varianten i samme garnkombinasjon Lunt + Lett som originalen og den har f\u00e5tt den fine klassiske \u201cIslender\u201d avslutningen rundt h\u00e5ndleddet.<\/p>\n<p>&nbsp;<\/p>\n<p>&nbsp;<\/p>\n<p><strong>Norsk og Engelsk oppskrift.<\/strong> Du f\u00e5r tilgang til alle spr\u00e5k som pdf fil ved kj\u00f8p.<\/p>\n<div class=\"price-cart-wrapper\"><\/div>\n","protected":false},"featured_media":86895,"template":"","meta":{"_acf_changed":false,"_relevanssi_hide_post":"","_relevanssi_hide_content":"","_relevanssi_pin_for_all":"","_relevanssi_pin_keywords":"","_relevanssi_unpin_keywords":"","_relevanssi_related_keywords":"","_relevanssi_related_include_ids":"","_relevanssi_related_exclude_ids":"","_relevanssi_related_no_append":"","_relevanssi_related_not_related":"","_relevanssi_related_posts":"","_relevanssi_noindex_reason":""},"product_brand":[],"product_cat":[60,402],"product_tag":[128,90,152,37,33,136],"class_list":{"0":"post-86891","1":"product","2":"type-product","3":"status-publish","4":"has-post-thumbnail","6":"product_cat-strikkeoppskrifter","7":"product_cat-votter","8":"product_tag-design-by-marte-helgetun","9":"product_tag-happyfeet","10":"product_tag-happyfeet-cozy-cabin","11":"product_tag-lett","12":"product_tag-lunt","13":"product_tag-strikkeoppskrift","15":"first","16":"instock","17":"downloadable","18":"taxable","19":"shipping-taxable","20":"purchasable","21":"product-type-mht_bundle"},"acf":[],"_links":{"self":[{"href":"https:\/\/martehelgetun.no\/en\/wp-json\/wp\/v2\/product\/86891","targetHints":{"allow":["GET"]}}],"collection":[{"href":"https:\/\/martehelgetun.no\/en\/wp-json\/wp\/v2\/product"}],"about":[{"href":"https:\/\/martehelgetun.no\/en\/wp-json\/wp\/v2\/types\/product"}],"wp:featuredmedia":[{"embeddable":true,"href":"https:\/\/martehelgetun.no\/en\/wp-json\/wp\/v2\/media\/86895"}],"wp:attachment":[{"href":"https:\/\/martehelgetun.no\/en\/wp-json\/wp\/v2\/media?parent=86891"}],"wp:term":[{"taxonomy":"product_brand","embeddable":true,"href":"https:\/\/martehelgetun.no\/en\/wp-json\/wp\/v2\/product_brand?post=86891"},{"taxonomy":"product_cat","embeddable":true,"href":"https:\/\/martehelgetun.no\/en\/wp-json\/wp\/v2\/product_cat?post=86891"},{"taxonomy":"product_tag","embeddable":true,"href":"https:\/\/martehelgetun.no\/en\/wp-json\/wp\/v2\/product_tag?post=86891"}],"curies":[{"name":"wp","href":"https:\/\/api.w.org\/{rel}","templated":true}]}}